{"id":5112,"date":"2024-09-12T08:07:25","date_gmt":"2024-09-12T08:07:25","guid":{"rendered":"https:\/\/nicotinedeals.com\/?post_type=product&#038;p=5112"},"modified":"2024-09-27T19:29:17","modified_gmt":"2024-09-27T19:29:17","slug":"volt-deep-freeze-super-strong","status":"publish","type":"product","link":"https:\/\/nicotinedeals.com\/fi\/tuote\/volt-deep-freeze-super-strong\/","title":{"rendered":"VOLT Deep Freeze Super Strong"},"content":{"rendered":"<h1><strong>VOLT Deep Freeze Super Strong<\/strong><\/h1>\n<p>is a potent all-white nicotine pouch from Swedish Match featuring a refreshing and cooling blend of eucalyptus and menthol. Deep Freeze is an extra strong product (11 mg nicotine per pouch) that offers an invigorating experience, perfect for users seeking an intense nicotine kick with a soothing minty finish. The slim format ensures a discreet and comfortable fit, with each can containing 21 tobacco-free pouches. The combination of eucalyptus and menthol delivers a crisp, cooling sensation, making it a top choice for those who love strong, icy flavors.<\/p>\n<h2><strong>Information about VOLT Deep Freeze Super Strong 11 mg:<\/strong><\/h2>\n<ul>\n<li><strong>Br\u00e4ndi:<\/strong>\u00a0VOLT<\/li>\n<li class=\" translation-block\"><strong>Kategoria:<\/strong> Tupakattomat nikotiinipussit<\/li>\n<li><strong>Makuvivahteet:<\/strong> Eucalyptus, Menthol<\/li>\n<li><strong>Nikotiinipitoisuus:<\/strong>\u00a015,5 mg\/g<\/li>\n<li><strong>Nikotiinivahvuus:<\/strong>\u00a0Extra Strong \u25c9\u25c9\u25c9\u25c9\u25c9 (strength 5 out of 5)<\/li>\n<li><strong>Valmistaja:<\/strong>\u00a0Swedish Match<\/li>\n<li class=\" translation-block\"><strong>Pussiformaatti:<\/strong> Slim<\/li>\n<li><strong>Nikotiinia mg\/pussi:<\/strong>\u00a011 mg<\/li>\n<li><strong>Tupakaton:<\/strong> Yes, VOLT Deep Freeze Super Strong is tobacco-free<\/li>\n<li><strong>Pussien M\u00e4\u00e4r\u00e4 Per Purkki:<\/strong>\u00a021 pussia<\/li>\n<li><strong>Ainesosat:\u00a0<\/strong>Water, filler (E 460), humectant (E 422), salt, acidity regulators (E 334, E 500, E 509), flavors, nicotine, sweetener (E 950).<\/li>\n<li><strong>Paino per annos (grammoina):\u00a0<\/strong>0,7 g<\/li>\n<li><strong>Moisture content:<\/strong>\u00a048%<\/li>\n<li><strong>pH:\u00a0<\/strong>8.5<\/li>\n<li><strong>Nettopaino\/purkki:<\/strong>\u00a014,7 g<\/li>\n<li><strong>Nikotiinipitoisuus:<\/strong>\u00a01,55%<\/li>\n<li><strong>Julkaisup\u00e4iv\u00e4m\u00e4\u00e4r\u00e4:<\/strong>\u00a0May 2021<\/li>\n<li><strong>N\u00e4yt\u00e4 lis\u00e4\u00e4\u00a0<a href=\"https:\/\/nicotinedeals.com\/fi\/brandi\/volt\/\">VOLT Nicotine Pouches<\/a><\/strong><\/li>\n<\/ul>\n<p><img decoding=\"async\" class=\"alignnone size-full wp-image-5115\" src=\"https:\/\/nicotinedeals.com\/wp-content\/uploads\/2024\/09\/volt-deep-freeze-super-strong-.png\" alt=\"Deep Freeze VOLT\" width=\"128\" height=\"128\" srcset=\"https:\/\/nicotinedeals.com\/wp-content\/uploads\/2024\/09\/volt-deep-freeze-super-strong-.png 128w, https:\/\/nicotinedeals.com\/wp-content\/uploads\/2024\/09\/volt-deep-freeze-super-strong--50x50.png 50w\" sizes=\"(max-width: 128px) 100vw, 128px\" \/><\/p>\n<div><strong>VAROITUS: T\u00e4m\u00e4 tuote sis\u00e4lt\u00e4\u00e4 nikotiinia. Nikotiini on addiktiivinen kemikaali.<\/strong><\/div>","protected":false},"excerpt":{"rendered":"<p><strong>VOLT Deep Freeze Super Strong\u00a0<\/strong>is a potent all-white nicotine pouch from Swedish Match featuring a refreshing and cooling blend of eucalyptus and menthol. Deep Freeze is an extra strong product (11 mg nicotine per pouch) that offers an invigorating experience, perfect for users seeking an intense nicotine kick with a soothing minty finish. The slim format ensures a discreet and comfortable fit, with each can containing 21 tobacco-free pouches. The combination of eucalyptus and menthol delivers a crisp, cooling sensation, making it a top choice for those who love strong, icy flavors.<\/p>\n<p><a class=\"button\" href=\"https:\/\/nicotinedeals.com\/fi\/volt-deep-freeze-super-strong\/\">Click for Best Price | Americas &#038; Caribbean<\/a><\/p>","protected":false},"featured_media":5114,"comment_status":"open","ping_status":"closed","template":"","meta":[],"pwb-brand":[279],"product_cat":[19],"product_tag":[191,211,228,51,85,53,50,54,41,283],"brands":[{"id":279,"name":"VOLT","slug":"volt"}],"_links":{"self":[{"href":"https:\/\/nicotinedeals.com\/fi\/wp-json\/wp\/v2\/product\/5112"}],"collection":[{"href":"https:\/\/nicotinedeals.com\/fi\/wp-json\/wp\/v2\/product"}],"about":[{"href":"https:\/\/nicotinedeals.com\/fi\/wp-json\/wp\/v2\/types\/product"}],"replies":[{"embeddable":true,"href":"https:\/\/nicotinedeals.com\/fi\/wp-json\/wp\/v2\/comments?post=5112"}],"wp:featuredmedia":[{"embeddable":true,"href":"https:\/\/nicotinedeals.com\/fi\/wp-json\/wp\/v2\/media\/5114"}],"wp:attachment":[{"href":"https:\/\/nicotinedeals.com\/fi\/wp-json\/wp\/v2\/media?parent=5112"}],"wp:term":[{"taxonomy":"pwb-brand","embeddable":true,"href":"https:\/\/nicotinedeals.com\/fi\/wp-json\/wp\/v2\/pwb-brand?post=5112"},{"taxonomy":"product_cat","embeddable":true,"href":"https:\/\/nicotinedeals.com\/fi\/wp-json\/wp\/v2\/product_cat?post=5112"},{"taxonomy":"product_tag","embeddable":true,"href":"https:\/\/nicotinedeals.com\/fi\/wp-json\/wp\/v2\/product_tag?post=5112"}],"curies":[{"name":"wp","href":"https:\/\/api.w.org\/{rel}","templated":true}]}}