{"id":5483,"date":"2024-09-13T21:46:08","date_gmt":"2024-09-13T21:46:08","guid":{"rendered":"https:\/\/nicotinedeals.com\/?post_type=product&#038;p=5483"},"modified":"2024-10-04T06:48:20","modified_gmt":"2024-10-04T06:48:20","slug":"lynx-blueberry-boost-strong","status":"publish","type":"product","link":"https:\/\/nicotinedeals.com\/fi\/tuote\/lynx-blueberry-boost-strong\/","title":{"rendered":"Lynx Blueberry Boost Strong"},"content":{"rendered":"<h1>Lynx Blueberry Boost Strong<\/h1>\n<p>is a Swedish nicotine pouch product made by the renowned Another Snus Factory (also known for producing Loop). Blueberry Boost offers an uplifting flavor of zingy blueberries. The strength is rated 3\/5 and classified as strong, with 10.5 mg of nicotine per pouch. Each can contains 20 slim, tobacco-free pouches.<\/p>\n<h2><strong>Information about Lynx Blueberry Boost Strong 10,5 mg:<\/strong><\/h2>\n<ul>\n<li><strong>Br\u00e4ndi:<\/strong> Lynx<\/li>\n<li class=\" translation-block\"><strong>Kategoria:<\/strong> Tupakattomat nikotiinipussit<\/li>\n<li><strong>Makuvivahteet:<\/strong> Blueberry<\/li>\n<li><strong>Nikotiinipitoisuus:<\/strong> 14 mg\/g<\/li>\n<li><strong>Nicotine total:<\/strong> 210 mg<\/li>\n<li><strong>Nikotiinivahvuus:<\/strong> Vahva<\/li>\n<li>\u25c9\u25c9\u25c9\u25ce\u25ce<\/li>\n<li>(strength 3 out of 5)<\/li>\n<li><strong>Valmistaja:<\/strong> Another Snus Factory<\/li>\n<li class=\" translation-block\"><strong>Pussiformaatti:<\/strong> Slim<\/li>\n<li><strong>Nikotiinia mg\/pussi:<\/strong> 10,5 mg<\/li>\n<li><strong>Tupakaton:<\/strong> Yes, Lynx Blueberry Boost is tobacco-free<\/li>\n<li><strong>Pussien M\u00e4\u00e4r\u00e4 Per Purkki:<\/strong> 20 pouches<\/li>\n<li><strong>Ainesosat: <\/strong>Fiber, water, flavourings, sweetener (E967), stabilizer (E1200), humectant (E401), sodium chloride, nicotine, sweetener (E950), acidity regulator (E500), ammonium chloride.<\/li>\n<li><strong>Paino per annos (grammoina):\u00a0<\/strong>0,75 g<\/li>\n<li><strong>Nettopaino\/purkki:<\/strong> 15 g<\/li>\n<li><strong>Julkaisup\u00e4iv\u00e4m\u00e4\u00e4r\u00e4:<\/strong> November 2023<\/li>\n<li><strong>N\u00e4yt\u00e4 lis\u00e4\u00e4\u00a0<a href=\"https:\/\/nicotinedeals.com\/fi\/brandi\/lynx\/\">Lynx Nicotine Pouches<\/a><\/strong><\/li>\n<\/ul>\n<p><img decoding=\"async\" class=\"alignnone size-full wp-image-5485\" src=\"https:\/\/nicotinedeals.com\/wp-content\/uploads\/2024\/09\/lynx-blueberry-boost-.png\" alt=\"Lynx Blueberry Boost Slim\" width=\"128\" height=\"128\" srcset=\"https:\/\/nicotinedeals.com\/wp-content\/uploads\/2024\/09\/lynx-blueberry-boost-.png 128w, https:\/\/nicotinedeals.com\/wp-content\/uploads\/2024\/09\/lynx-blueberry-boost--50x50.png 50w\" sizes=\"(max-width: 128px) 100vw, 128px\" \/><\/p>\n<div><strong>VAROITUS: T\u00e4m\u00e4 tuote sis\u00e4lt\u00e4\u00e4 nikotiinia. Nikotiini on addiktiivinen kemikaali.<\/strong><\/div>","protected":false},"excerpt":{"rendered":"<p><strong>Lynx Blueberry Boost Strong\u00a0<\/strong>is a Swedish nicotine pouch product made by the renowned Another Snus Factory (also known for producing Loop). Blueberry Boost offers an uplifting flavor of zingy blueberries. The strength is rated 3\/5 and classified as strong, with 10.5 mg of nicotine per pouch. Each can contains 20 slim, tobacco-free pouches.<\/p>","protected":false},"featured_media":6691,"comment_status":"open","ping_status":"closed","template":"","meta":[],"pwb-brand":[289],"product_cat":[19],"product_tag":[293,192,117,292,291,290,54,41],"brands":[{"id":289,"name":"Lynx","slug":"lynx"}],"_links":{"self":[{"href":"https:\/\/nicotinedeals.com\/fi\/wp-json\/wp\/v2\/product\/5483"}],"collection":[{"href":"https:\/\/nicotinedeals.com\/fi\/wp-json\/wp\/v2\/product"}],"about":[{"href":"https:\/\/nicotinedeals.com\/fi\/wp-json\/wp\/v2\/types\/product"}],"replies":[{"embeddable":true,"href":"https:\/\/nicotinedeals.com\/fi\/wp-json\/wp\/v2\/comments?post=5483"}],"wp:featuredmedia":[{"embeddable":true,"href":"https:\/\/nicotinedeals.com\/fi\/wp-json\/wp\/v2\/media\/6691"}],"wp:attachment":[{"href":"https:\/\/nicotinedeals.com\/fi\/wp-json\/wp\/v2\/media?parent=5483"}],"wp:term":[{"taxonomy":"pwb-brand","embeddable":true,"href":"https:\/\/nicotinedeals.com\/fi\/wp-json\/wp\/v2\/pwb-brand?post=5483"},{"taxonomy":"product_cat","embeddable":true,"href":"https:\/\/nicotinedeals.com\/fi\/wp-json\/wp\/v2\/product_cat?post=5483"},{"taxonomy":"product_tag","embeddable":true,"href":"https:\/\/nicotinedeals.com\/fi\/wp-json\/wp\/v2\/product_tag?post=5483"}],"curies":[{"name":"wp","href":"https:\/\/api.w.org\/{rel}","templated":true}]}}