{"id":5526,"date":"2024-09-16T11:40:22","date_gmt":"2024-09-16T11:40:22","guid":{"rendered":"https:\/\/nicotinedeals.com\/?post_type=product&#038;p=5526"},"modified":"2025-10-14T05:46:17","modified_gmt":"2025-10-14T05:46:17","slug":"white-fox-full-charge","status":"publish","type":"product","link":"https:\/\/nicotinedeals.com\/fi\/tuote\/white-fox-full-charge\/","title":{"rendered":"White Fox Full Charge"},"content":{"rendered":"<h1>White Fox Full Charge<\/h1>\n<p>is a tobacco-free, all-white nicotine pouch with a clear mint flavor. The strength is classified as strong, with each pouch containing 12 mg of nicotine. With its nicotine content and natural essential oils, Full Charge delivers one of the purest nicotine experiences out there. The special fleece material used in the pouches ensures optimal nicotine and flavor release, outperforming traditional pouch materials. Each can contains 20 pouches.<\/p>\n<h2><strong>Information about White Fox Full Charge 16 mg:<\/strong><\/h2>\n<ul>\n<li><strong>Br\u00e4ndi:<\/strong>\u00a0White Fox<\/li>\n<li class=\" translation-block\"><strong>Kategoria:<\/strong> Tupakattomat nikotiinipussit<\/li>\n<li><strong>Makuvivahteet:<\/strong>\u00a0Minttu<\/li>\n<li><strong>Nikotiinipitoisuus:<\/strong>\u00a016 mg\/g<\/li>\n<li><strong>Nikotiinivahvuus:<\/strong>\u00a0Eritt\u00e4in Vahva<\/li>\n<li><strong>Valmistaja:<\/strong>\u00a0GN Tobacco<\/li>\n<li><strong>Made in:<\/strong>\u00a0Ruotsi<\/li>\n<li><strong>Pussin Muoto:<\/strong> Regular<\/li>\n<li><strong>Nikotiinia mg\/pussi:<\/strong>\u00a012 mg<\/li>\n<li><strong>Tupakaton:<\/strong>\u00a0Yes, White Fox all-white nicotine pouches are tobacco-free<\/li>\n<li><strong>Pussien M\u00e4\u00e4r\u00e4 Per Purkki:<\/strong> 15 pouches<\/li>\n<li><strong>Ainesosat:\u00a0<\/strong>Filler (E460), xanthan gum (E415), nicotine, acidity regulator (E500), natural flavorings, humectant (E1520)<\/li>\n<li><strong>Paino per annos (grammoina):\u00a0<\/strong>1 g<\/li>\n<li><strong>Nettopaino\/purkki:<\/strong>\u00a015 g<\/li>\n<li><strong>Julkaisup\u00e4iv\u00e4m\u00e4\u00e4r\u00e4:\u00a0<\/strong>October 2019<\/li>\n<li><strong>N\u00e4yt\u00e4 lis\u00e4\u00e4\u00a0<a href=\"https:\/\/nicotinedeals.com\/fi\/brandi\/white-fox\/\">White Fox Nicotine Pouches<\/a><\/strong><\/li>\n<\/ul>\n<div><img decoding=\"async\" class=\"alignnone size-full wp-image-5527\" src=\"https:\/\/nicotinedeals.com\/wp-content\/uploads\/2024\/09\/white-fox-full-charge-.png\" alt=\"White Fox Full Charge\" width=\"128\" height=\"128\" srcset=\"https:\/\/nicotinedeals.com\/wp-content\/uploads\/2024\/09\/white-fox-full-charge-.png 128w, https:\/\/nicotinedeals.com\/wp-content\/uploads\/2024\/09\/white-fox-full-charge--50x50.png 50w\" sizes=\"(max-width: 128px) 100vw, 128px\" \/><\/div>\n<div><strong>WARNING: This product contains nicotine. Nicotine is an addictive chemical. +18<\/strong><\/div>\n<p>&nbsp;<\/p>","protected":false},"excerpt":{"rendered":"<p><strong>White Fox Full Charge\u00a0<\/strong>is a tobacco-free, all-white nicotine pouch with a clear mint flavor. The strength is classified as strong, with each pouch containing 12 mg of nicotine. With its nicotine content and natural essential oils, Full Charge delivers one of the purest nicotine experiences out there. The special fleece material used in the pouches ensures optimal nicotine and flavor release, outperforming traditional pouch materials. Each can contains 20 pouches.<\/p>\n<p><a class=\"button\" href=\"https:\/\/nicotinedeals.com\/fi\/white-fox-full-charge\/\">Paras hinta | Globaali<\/a><\/p>","protected":false},"featured_media":5528,"comment_status":"open","ping_status":"closed","template":"","meta":[],"pwb-brand":[298],"product_cat":[19],"product_tag":[278,301,85,50,161,41,300],"brands":[{"id":298,"name":"White Fox","slug":"white-fox"}],"_links":{"self":[{"href":"https:\/\/nicotinedeals.com\/fi\/wp-json\/wp\/v2\/product\/5526"}],"collection":[{"href":"https:\/\/nicotinedeals.com\/fi\/wp-json\/wp\/v2\/product"}],"about":[{"href":"https:\/\/nicotinedeals.com\/fi\/wp-json\/wp\/v2\/types\/product"}],"replies":[{"embeddable":true,"href":"https:\/\/nicotinedeals.com\/fi\/wp-json\/wp\/v2\/comments?post=5526"}],"wp:featuredmedia":[{"embeddable":true,"href":"https:\/\/nicotinedeals.com\/fi\/wp-json\/wp\/v2\/media\/5528"}],"wp:attachment":[{"href":"https:\/\/nicotinedeals.com\/fi\/wp-json\/wp\/v2\/media?parent=5526"}],"wp:term":[{"taxonomy":"pwb-brand","embeddable":true,"href":"https:\/\/nicotinedeals.com\/fi\/wp-json\/wp\/v2\/pwb-brand?post=5526"},{"taxonomy":"product_cat","embeddable":true,"href":"https:\/\/nicotinedeals.com\/fi\/wp-json\/wp\/v2\/product_cat?post=5526"},{"taxonomy":"product_tag","embeddable":true,"href":"https:\/\/nicotinedeals.com\/fi\/wp-json\/wp\/v2\/product_tag?post=5526"}],"curies":[{"name":"wp","href":"https:\/\/api.w.org\/{rel}","templated":true}]}}