{"id":5646,"date":"2024-09-17T08:28:55","date_gmt":"2024-09-17T08:28:55","guid":{"rendered":"https:\/\/nicotinedeals.com\/?post_type=product&#038;p=5646"},"modified":"2026-04-02T05:11:51","modified_gmt":"2026-04-02T05:11:51","slug":"white-fox-black-edition","status":"publish","type":"product","link":"https:\/\/nicotinedeals.com\/fi\/tuote\/white-fox-black-edition\/","title":{"rendered":"White Fox Black Edition"},"content":{"rendered":"<h1>White Fox Black Edition<\/h1>\n<p>is a tobacco-free, all-white nicotine pouch with a tobacco flavor and notes of rose petals. GN Tobacco has successfully developed a rich and dark &#8220;tobacco flavor&#8221; in this powerful product. The strength is classified as extra strong, or even ultra strong, with a nicotine content of 30 mg\/g. <strong>White Fox Black Edition<\/strong> is made in Sweden, and each can contains 20 pouches.<\/p>\n<h2><strong>Information about White Fox Black Edition 22.5 mg:<\/strong><\/h2>\n<ul>\n<li><strong>Br\u00e4ndi:<\/strong>\u00a0White Fox<\/li>\n<li class=\" translation-block\"><strong>Kategoria:<\/strong> Tupakattomat nikotiinipussit<\/li>\n<li><strong>Makuvivahteet:\u00a0<\/strong>Smoky tobacco, Rose petals<\/li>\n<li><strong>Nikotiinipitoisuus:<\/strong> 30 mg\/g<\/li>\n<li><strong>Nikotiinivahvuus:<\/strong>\u00a0Eritt\u00e4in Vahva<\/li>\n<li><strong>Valmistaja:<\/strong>\u00a0GN Tobacco<\/li>\n<li><strong>Made in:<\/strong>\u00a0Ruotsi<\/li>\n<li class=\" translation-block\"><strong>Pussiformaatti:<\/strong> Slim<\/li>\n<li><strong>Nikotiinia mg\/pussi:<\/strong> 22,5 mg<\/li>\n<li><strong>Tupakaton:<\/strong>\u00a0Yes, White Fox all-white nicotine pouches are tobacco-free<\/li>\n<li class=\" translation-block\"><strong>Pusseja t\u00f6lkiss\u00e4:<\/strong> 20 pussia<\/li>\n<li><strong>Ainesosat: <\/strong>Filling agent (E460), xanthan gum (E415), nicotine, acidity regulator (E500), natural flavors, humectant (E1520).<\/li>\n<li><strong>Paino per annos (grammoina):\u00a0<\/strong>0,75 g<\/li>\n<li><strong>Nettopaino\/purkki:<\/strong>\u00a015 g<\/li>\n<li><strong>N\u00e4yt\u00e4 lis\u00e4\u00e4\u00a0<a href=\"https:\/\/nicotinedeals.com\/fi\/brandi\/white-fox\/\">White Fox Nicotine Pouches<\/a><\/strong><\/li>\n<\/ul>\n<div><img decoding=\"async\" class=\"alignnone size-full wp-image-5648\" src=\"https:\/\/nicotinedeals.com\/wp-content\/uploads\/2024\/09\/white-fox-black-edition.png\" alt=\"White Fox Black Edition\" width=\"128\" height=\"128\" srcset=\"https:\/\/nicotinedeals.com\/wp-content\/uploads\/2024\/09\/white-fox-black-edition.png 128w, https:\/\/nicotinedeals.com\/wp-content\/uploads\/2024\/09\/white-fox-black-edition-50x50.png 50w\" sizes=\"(max-width: 128px) 100vw, 128px\" \/><\/div>\n<div><strong>WARNING: This product contains nicotine. Nicotine is an addictive chemical. +18<\/strong><\/div>","protected":false},"excerpt":{"rendered":"<p><strong>White Fox Black Edition <\/strong>is a premium, tobacco-free, all-white nicotine pouch offering a bold, smoky tobacco flavor enhanced by subtle floral notes of rose petals. Made by GN Tobacco in Sweden, this ultra-strong nicotine pouch delivers an intense experience with a high nicotine content of 30 mg\/g. Each can contains 20 slim, discreet portions, perfect for those seeking a powerful, long-lasting nicotine kick without any tobacco. Ideal for users who want a rich tobacco flavor in a clean, all-white format.<\/p>\n<p><a class=\"button\" href=\"https:\/\/nicotinedeals.com\/fi\/white-fox-black-edition\/\">Click for Best Price | Americas &amp; Caribbean<\/a><\/p>","protected":false},"featured_media":5649,"comment_status":"open","ping_status":"closed","template":"","meta":[],"pwb-brand":[298],"product_cat":[19],"product_tag":[192,430,228,85,308,54,41,145,309,307],"brands":[{"id":298,"name":"White Fox","slug":"white-fox"}],"_links":{"self":[{"href":"https:\/\/nicotinedeals.com\/fi\/wp-json\/wp\/v2\/product\/5646"}],"collection":[{"href":"https:\/\/nicotinedeals.com\/fi\/wp-json\/wp\/v2\/product"}],"about":[{"href":"https:\/\/nicotinedeals.com\/fi\/wp-json\/wp\/v2\/types\/product"}],"replies":[{"embeddable":true,"href":"https:\/\/nicotinedeals.com\/fi\/wp-json\/wp\/v2\/comments?post=5646"}],"wp:featuredmedia":[{"embeddable":true,"href":"https:\/\/nicotinedeals.com\/fi\/wp-json\/wp\/v2\/media\/5649"}],"wp:attachment":[{"href":"https:\/\/nicotinedeals.com\/fi\/wp-json\/wp\/v2\/media?parent=5646"}],"wp:term":[{"taxonomy":"pwb-brand","embeddable":true,"href":"https:\/\/nicotinedeals.com\/fi\/wp-json\/wp\/v2\/pwb-brand?post=5646"},{"taxonomy":"product_cat","embeddable":true,"href":"https:\/\/nicotinedeals.com\/fi\/wp-json\/wp\/v2\/product_cat?post=5646"},{"taxonomy":"product_tag","embeddable":true,"href":"https:\/\/nicotinedeals.com\/fi\/wp-json\/wp\/v2\/product_tag?post=5646"}],"curies":[{"name":"wp","href":"https:\/\/api.w.org\/{rel}","templated":true}]}}