{"id":5654,"date":"2024-09-18T07:41:12","date_gmt":"2024-09-18T07:41:12","guid":{"rendered":"https:\/\/nicotinedeals.com\/?post_type=product&#038;p=5654"},"modified":"2024-10-15T06:36:20","modified_gmt":"2024-10-15T06:36:20","slug":"apres-raspberry-liqorice-no-8","status":"publish","type":"product","link":"https:\/\/nicotinedeals.com\/fi\/tuote\/apres-raspberry-liqorice-no-8\/","title":{"rendered":"Apr\u00e8s Raspberry Liqorice No 8"},"content":{"rendered":"<h1><strong>Apr\u00e8s Raspberry Liqorice No 8<\/strong><\/h1>\n<p>offers a delicious flavor combination of raspberry and licorice. The portions come in a slim format with a normal nicotine strength of 4.4 mg per pouch. The total nicotine content is 8 mg\/g, and each can contains 20 pouches. Raspberry Licorice No. 8 is a tobacco-free product.<\/p>\n<h2><strong>Information about Apr\u00e8s Raspberry Liqorice No 8<\/strong><\/h2>\n<ul>\n<li><strong>Br\u00e4ndi:<\/strong> Apr\u00e8s<\/li>\n<li class=\" translation-block\"><strong>Kategoria:<\/strong> Tupakattomat nikotiinipussit<\/li>\n<li class=\" translation-block\"><strong>Maku:<\/strong> Vadelma, Lakritsi<\/li>\n<li><strong>Nikotiinipitoisuus:<\/strong> 8 mg\/g<\/li>\n<li><strong>Nikotiinivahvuus:<\/strong> \u25c9\u25c9\u25ce\u25ce Normal (strength 2 out of 4)<\/li>\n<li><strong>Valmistaja:<\/strong> Apr\u00e8s Nicotine AB<\/li>\n<li><strong>Alkuper\u00e4maa:<\/strong> Ruotsi<\/li>\n<li><strong>Pussin Muoto:<\/strong> Slim<\/li>\n<li><strong>Nikotiinia mg\/pussi:<\/strong>\u00a0 4.4 mg<\/li>\n<li><strong>Tupakaton:<\/strong> Yes, all Apr\u00e8s nicotine pouches are tobacco-free<\/li>\n<li class=\" translation-block\"><strong>Pusseja t\u00f6lkiss\u00e4:<\/strong> 20 pussia<\/li>\n<li><strong>Ainesosat: <\/strong>T\u00e4yteaine (E460), vesi, kasvikuitu, sakeutusaine (E401), aromit, stabilointiaine (E415), suola, happamuudens\u00e4\u00e4t\u00f6aine (E501), nikotiini, makeutusaine (E950).<\/li>\n<li><strong>Moisture content:\u00a0<\/strong>37%<\/li>\n<li><strong>pH:<\/strong> 8,5<\/li>\n<li><strong>Paino per annos (grammoina): <\/strong>0.55 g<\/li>\n<li><strong>Nettopaino\/purkki:<\/strong> 11 g<\/li>\n<li class=\" translation-block\"><strong>Parasta ennen:<\/strong> 12 kuukautta<\/li>\n<li><strong>Julkaisup\u00e4iv\u00e4m\u00e4\u00e4r\u00e4:<\/strong> June 2022<\/li>\n<li><strong>Maa: <\/strong>Ruotsi<\/li>\n<li><strong>N\u00e4yt\u00e4 lis\u00e4\u00e4<\/strong> <a href=\"https:\/\/nicotinedeals.com\/fi\/brandi\/apres\/\"><strong>Apr\u00e8s Nicotine Pouches<\/strong><\/a><\/li>\n<\/ul>\n<div><img decoding=\"async\" class=\"alignnone size-full wp-image-5657\" src=\"https:\/\/nicotinedeals.com\/wp-content\/uploads\/2024\/09\/apres-raspberry-liqorice-no-8-.png\" alt=\"Apr\u00e8s Raspberry Liqorice nicotine pouches\" width=\"128\" height=\"128\" srcset=\"https:\/\/nicotinedeals.com\/wp-content\/uploads\/2024\/09\/apres-raspberry-liqorice-no-8-.png 128w, https:\/\/nicotinedeals.com\/wp-content\/uploads\/2024\/09\/apres-raspberry-liqorice-no-8--50x50.png 50w\" sizes=\"(max-width: 128px) 100vw, 128px\" \/><\/div>\n<div><strong>Apr\u00e8s Raspberry Liqorice No 8 Best Price<\/strong><\/div>\n<div>All Apr\u00e9s products and packaging are made from plant-based materials, and the products are completely free from tobacco.<\/div>\n<div><\/div>\n<div><strong>WARNING: This product contains nicotine. Nicotine is an addictive chemical. +18<\/strong><\/div>","protected":false},"excerpt":{"rendered":"<p><strong>Apr\u00e8s Raspberry Liqorice No 8\u00a0<\/strong>has a delicious raspberry and licorice flavor. The portions come in a slim format with a normal nicotine strength of 4.4 mg per pouch. The total nicotine content is 8 mg\/g, and each can contains 20 pouches. Raspberry Licorice No. 8 is a tobacco-free product.<\/p>","protected":false},"featured_media":5656,"comment_status":"open","ping_status":"closed","template":"","meta":[],"pwb-brand":[77],"product_cat":[19],"product_tag":[192,95,78,311,117,103,180,312],"brands":[{"id":77,"name":"Apr\u00e8s","slug":"apres"}],"_links":{"self":[{"href":"https:\/\/nicotinedeals.com\/fi\/wp-json\/wp\/v2\/product\/5654"}],"collection":[{"href":"https:\/\/nicotinedeals.com\/fi\/wp-json\/wp\/v2\/product"}],"about":[{"href":"https:\/\/nicotinedeals.com\/fi\/wp-json\/wp\/v2\/types\/product"}],"replies":[{"embeddable":true,"href":"https:\/\/nicotinedeals.com\/fi\/wp-json\/wp\/v2\/comments?post=5654"}],"wp:featuredmedia":[{"embeddable":true,"href":"https:\/\/nicotinedeals.com\/fi\/wp-json\/wp\/v2\/media\/5656"}],"wp:attachment":[{"href":"https:\/\/nicotinedeals.com\/fi\/wp-json\/wp\/v2\/media?parent=5654"}],"wp:term":[{"taxonomy":"pwb-brand","embeddable":true,"href":"https:\/\/nicotinedeals.com\/fi\/wp-json\/wp\/v2\/pwb-brand?post=5654"},{"taxonomy":"product_cat","embeddable":true,"href":"https:\/\/nicotinedeals.com\/fi\/wp-json\/wp\/v2\/product_cat?post=5654"},{"taxonomy":"product_tag","embeddable":true,"href":"https:\/\/nicotinedeals.com\/fi\/wp-json\/wp\/v2\/product_tag?post=5654"}],"curies":[{"name":"wp","href":"https:\/\/api.w.org\/{rel}","templated":true}]}}