{"id":5659,"date":"2024-09-18T07:54:55","date_gmt":"2024-09-18T07:54:55","guid":{"rendered":"https:\/\/nicotinedeals.com\/?post_type=product&#038;p=5659"},"modified":"2026-03-01T18:21:31","modified_gmt":"2026-03-01T18:21:31","slug":"apres-cola-no-4","status":"publish","type":"product","link":"https:\/\/nicotinedeals.com\/fi\/tuote\/apres-cola-no-4\/","title":{"rendered":"Apr\u00e8s Cola No 4"},"content":{"rendered":"<h1>Apr\u00e8s Cola No 4<\/h1>\n<p>is an all-white nicotine pouch with a cola flavor. The nicotine strength is normal, with 4.4 mg per pouch. The portions come in a slim format, and each can contains 20 pouches. Apr\u00e8s Cola is a tobacco-free product.<\/p>\n<h2><strong>Information about Apr\u00e8s Cola No 4<\/strong><\/h2>\n<ul>\n<li><strong>Br\u00e4ndi:<\/strong>\u00a0Apr\u00e8s<\/li>\n<li class=\" translation-block\"><strong>Kategoria:<\/strong> Tupakattomat nikotiinipussit<\/li>\n<li class=\" translation-block\"><strong>Maku:<\/strong> Cola<\/li>\n<li class=\" translation-block\"><strong>Nikotiinipitoisuus:<\/strong> 8 mg\/g<\/li>\n<li class=\" translation-block\"><strong>Nikotiinivahvuus:<\/strong> \u25c9\u25c9\u25ce\u25ce Normaali (2 nelj\u00e4st\u00e4)<\/li>\n<li><strong>Valmistaja:<\/strong>\u00a0Apr\u00e8s Nicotine AB<\/li>\n<li><strong>Alkuper\u00e4maa:<\/strong>\u00a0Ruotsi<\/li>\n<li class=\" translation-block\"><strong>Pussiformaatti:<\/strong> Slim<\/li>\n<li><strong>Nikotiinia mg\/pussi:<\/strong>\u00a0 4.4 mg<\/li>\n<li><strong>Tupakaton:<\/strong> Yes, Apr\u00e8s Cola nicotine pouches are tobacco-free<\/li>\n<li class=\" translation-block\"><strong>Pusseja t\u00f6lkiss\u00e4:<\/strong> 20 pussia<\/li>\n<li class=\" translation-block\"><strong>Ainesosat:<\/strong> T\u00e4yteaine (E460), vesi, kasvikuitu, sakeutusaine (E401), aromit, stabilointiaine (E415), suola, happamuudens\u00e4\u00e4t\u00f6aine (E501), nikotiini, makeutusaine (E950).<\/li>\n<li><strong>Moisture content:\u00a0<\/strong>37%<\/li>\n<li><strong>pH:<\/strong>\u00a08,5<\/li>\n<li><strong>Paino per annos (grammoina):\u00a0<\/strong>0.55 g<\/li>\n<li class=\" translation-block\"><strong>Nettopaino\/t\u00f6lkki:<\/strong> 11 g<\/li>\n<li class=\" translation-block\"><strong>Parasta ennen:<\/strong> 12 kuukautta<\/li>\n<li><strong>Julkaisup\u00e4iv\u00e4m\u00e4\u00e4r\u00e4:<\/strong> June 2021<\/li>\n<li><strong>Maa:\u00a0<\/strong>Ruotsi<\/li>\n<li><strong>Apr\u00e8s Cola Mini version:<\/strong> <span style=\"text-decoration: underline;\"><a href=\"https:\/\/nicotinedeals.com\/fi\/tuote\/apres-cola-petite-no-4-mini\/\">Apr\u00e8s Cola Petite No 4 Mini<\/a><\/span><\/li>\n<li><strong>N\u00e4yt\u00e4 lis\u00e4\u00e4<\/strong>\u00a0<a href=\"https:\/\/nicotinedeals.com\/fi\/brandi\/apres\/\"><strong>Apr\u00e8s Nicotine Pouches<\/strong><\/a><\/li>\n<\/ul>\n<div><img decoding=\"async\" class=\"alignnone size-full wp-image-5660\" src=\"https:\/\/nicotinedeals.com\/wp-content\/uploads\/2024\/09\/apres-cola-no-4-.png\" alt=\"Apres Cola No 4\" width=\"128\" height=\"128\" srcset=\"https:\/\/nicotinedeals.com\/wp-content\/uploads\/2024\/09\/apres-cola-no-4-.png 128w, https:\/\/nicotinedeals.com\/wp-content\/uploads\/2024\/09\/apres-cola-no-4--50x50.png 50w\" sizes=\"(max-width: 128px) 100vw, 128px\" \/><\/div>\n<div><strong>Apr\u00e8s Cola No 4 Best Price<\/strong><\/div>\n<div>All Apr\u00e9s products and packaging are made from plant-based materials, and the products are completely free from tobacco.<\/div>\n<div><\/div>\n<div><strong>WARNING: This product contains nicotine. Nicotine is an addictive chemical. +18<\/strong><\/div>","protected":false},"excerpt":{"rendered":"<p><strong>Apr\u00e8s Cola No 4\u00a0<\/strong>is an all-white nicotine pouch with a cola flavor. The nicotine strength is normal, with 4.4 mg per pouch. The portions come in a slim format, and each can contains 20 pouches. Apr\u00e8s Cola is a tobacco-free product.<\/p>\n<p><a class=\"button\" href=\"https:\/\/nicotinedeals.com\/fi\/apres-cola-no-4\/\">Click for Best Price | Americas &#038; Caribbean<\/a><\/p>","protected":false},"featured_media":5661,"comment_status":"open","ping_status":"closed","template":"","meta":[],"pwb-brand":[77],"product_cat":[19],"product_tag":[192,95,313,167,44,54],"brands":[{"id":77,"name":"Apr\u00e8s","slug":"apres"}],"_links":{"self":[{"href":"https:\/\/nicotinedeals.com\/fi\/wp-json\/wp\/v2\/product\/5659"}],"collection":[{"href":"https:\/\/nicotinedeals.com\/fi\/wp-json\/wp\/v2\/product"}],"about":[{"href":"https:\/\/nicotinedeals.com\/fi\/wp-json\/wp\/v2\/types\/product"}],"replies":[{"embeddable":true,"href":"https:\/\/nicotinedeals.com\/fi\/wp-json\/wp\/v2\/comments?post=5659"}],"wp:featuredmedia":[{"embeddable":true,"href":"https:\/\/nicotinedeals.com\/fi\/wp-json\/wp\/v2\/media\/5661"}],"wp:attachment":[{"href":"https:\/\/nicotinedeals.com\/fi\/wp-json\/wp\/v2\/media?parent=5659"}],"wp:term":[{"taxonomy":"pwb-brand","embeddable":true,"href":"https:\/\/nicotinedeals.com\/fi\/wp-json\/wp\/v2\/pwb-brand?post=5659"},{"taxonomy":"product_cat","embeddable":true,"href":"https:\/\/nicotinedeals.com\/fi\/wp-json\/wp\/v2\/product_cat?post=5659"},{"taxonomy":"product_tag","embeddable":true,"href":"https:\/\/nicotinedeals.com\/fi\/wp-json\/wp\/v2\/product_tag?post=5659"}],"curies":[{"name":"wp","href":"https:\/\/api.w.org\/{rel}","templated":true}]}}