{"id":5678,"date":"2024-09-20T12:54:11","date_gmt":"2024-09-20T12:54:11","guid":{"rendered":"https:\/\/nicotinedeals.com\/?post_type=product&#038;p=5678"},"modified":"2025-02-09T18:21:19","modified_gmt":"2025-02-09T18:21:19","slug":"apres-lemon-curd-no-3","status":"publish","type":"product","link":"https:\/\/nicotinedeals.com\/fi\/tuote\/apres-lemon-curd-no-3\/","title":{"rendered":"Apr\u00e8s Lemon Curd No 3"},"content":{"rendered":"<h1>Apr\u00e8s Lemon Curd No 3<\/h1>\n<p>offers a sweet and fresh lemon flavor in slim pouches. Each pouch contains 4.4 mg of nicotine, providing a normal nicotine strength. The total nicotine content is 8 mg\/g, and each can includes 20 pouches. <strong>Apr\u00e8s Lemon Curd No. 3<\/strong> is a tobacco-free product.<\/p>\n<h2><strong>Information about Apr\u00e8s Lemon Curd No 3<\/strong><\/h2>\n<ul>\n<li><strong>Br\u00e4ndi:<\/strong>\u00a0Apr\u00e8s<\/li>\n<li class=\" translation-block\"><strong>Kategoria:<\/strong> Tupakattomat nikotiinipussit<\/li>\n<li><strong>Maku:\u00a0<\/strong>Lemon<\/li>\n<li class=\" translation-block\"><strong>Nikotiinipitoisuus:<\/strong> 8 mg\/g<\/li>\n<li class=\" translation-block\"><strong>Nikotiinivahvuus:<\/strong> \u25c9\u25c9\u25ce\u25ce Normaali (2 nelj\u00e4st\u00e4)<\/li>\n<li><strong>Valmistaja:<\/strong>\u00a0Apr\u00e8s Nicotine AB<\/li>\n<li><strong>Alkuper\u00e4maa:<\/strong>\u00a0Ruotsi<\/li>\n<li class=\" translation-block\"><strong>Pussiformaatti:<\/strong> Slim<\/li>\n<li><strong>Nikotiinia mg\/pussi:<\/strong>\u00a0 4.4 mg<\/li>\n<li><strong>Tupakaton:<\/strong>\u00a0Yes, all Apr\u00e8s nicotine pouches are tobacco-free<\/li>\n<li class=\" translation-block\"><strong>Pusseja t\u00f6lkiss\u00e4:<\/strong> 20 pussia<\/li>\n<li><strong>Ainesosat: <\/strong>Cellulose (E460), water, salt, thickening agent (E401), humectant (E1520), acidity regulator (E501), sweetener (E950), flavorings, nicotine, thickening agent (E1200)<\/li>\n<li><strong>Moisture content:\u00a0<\/strong>37%<\/li>\n<li><strong>pH:<\/strong>\u00a08,5<\/li>\n<li><strong>Paino per annos (grammoina):\u00a0<\/strong>0.55 g<\/li>\n<li class=\" translation-block\"><strong>Nettopaino\/t\u00f6lkki:<\/strong> 11 g<\/li>\n<li class=\" translation-block\"><strong>Parasta ennen:<\/strong> 12 kuukautta<\/li>\n<li><strong>Julkaisup\u00e4iv\u00e4m\u00e4\u00e4r\u00e4:<\/strong> June 2021<\/li>\n<li><strong>Maa:\u00a0<\/strong>Ruotsi<\/li>\n<li><strong>N\u00e4yt\u00e4 lis\u00e4\u00e4<\/strong>\u00a0<a href=\"https:\/\/nicotinedeals.com\/fi\/brandi\/apres\/\"><strong>Apr\u00e8s Nicotine Pouches<\/strong><\/a><\/li>\n<\/ul>\n<div><img decoding=\"async\" class=\"alignnone size-full wp-image-5691\" src=\"https:\/\/nicotinedeals.com\/wp-content\/uploads\/2024\/09\/apres-lemon-curd-no-3-.png\" alt=\"Apr\u00e8s Le,mon Curd No 3\" width=\"128\" height=\"128\" srcset=\"https:\/\/nicotinedeals.com\/wp-content\/uploads\/2024\/09\/apres-lemon-curd-no-3-.png 128w, https:\/\/nicotinedeals.com\/wp-content\/uploads\/2024\/09\/apres-lemon-curd-no-3--50x50.png 50w\" sizes=\"(max-width: 128px) 100vw, 128px\" \/><\/div>\n<div><strong>Apr\u00e8s Lemon Curd Best Price<\/strong><\/div>\n<div>All Apr\u00e9s products and packaging are made from plant-based materials, and the products are completely free from tobacco.<\/div>\n<div><\/div>\n<div><strong>WARNING: This product contains nicotine. Nicotine is an addictive chemical. +18<\/strong><\/div>","protected":false},"excerpt":{"rendered":"<p><strong>Apr\u00e8s Lemon Curd No 3<\/strong> offers a sweet and fresh lemon flavor in slim pouches. Each pouch contains 4.4 mg of nicotine, providing a normal nicotine strength. The total nicotine content is 8 mg\/g, and each can includes 20 pouches. <strong>Apr\u00e8s Lemon Curd No. 3<\/strong> is a tobacco-free nicotine pouch.<\/p>\n<p><a class=\"button\" href=\"https:\/\/nicotinedeals.com\/fi\/apres-lemon-curd-no-3\/\">Click for Best Price | Americas &#038; Caribbean<\/a><\/p>","protected":false},"featured_media":5692,"comment_status":"open","ping_status":"closed","template":"","meta":[],"pwb-brand":[77],"product_cat":[19],"product_tag":[192,95,314,34,81,110,44,54],"brands":[{"id":77,"name":"Apr\u00e8s","slug":"apres"}],"_links":{"self":[{"href":"https:\/\/nicotinedeals.com\/fi\/wp-json\/wp\/v2\/product\/5678"}],"collection":[{"href":"https:\/\/nicotinedeals.com\/fi\/wp-json\/wp\/v2\/product"}],"about":[{"href":"https:\/\/nicotinedeals.com\/fi\/wp-json\/wp\/v2\/types\/product"}],"replies":[{"embeddable":true,"href":"https:\/\/nicotinedeals.com\/fi\/wp-json\/wp\/v2\/comments?post=5678"}],"wp:featuredmedia":[{"embeddable":true,"href":"https:\/\/nicotinedeals.com\/fi\/wp-json\/wp\/v2\/media\/5692"}],"wp:attachment":[{"href":"https:\/\/nicotinedeals.com\/fi\/wp-json\/wp\/v2\/media?parent=5678"}],"wp:term":[{"taxonomy":"pwb-brand","embeddable":true,"href":"https:\/\/nicotinedeals.com\/fi\/wp-json\/wp\/v2\/pwb-brand?post=5678"},{"taxonomy":"product_cat","embeddable":true,"href":"https:\/\/nicotinedeals.com\/fi\/wp-json\/wp\/v2\/product_cat?post=5678"},{"taxonomy":"product_tag","embeddable":true,"href":"https:\/\/nicotinedeals.com\/fi\/wp-json\/wp\/v2\/product_tag?post=5678"}],"curies":[{"name":"wp","href":"https:\/\/api.w.org\/{rel}","templated":true}]}}