{"id":5699,"date":"2024-09-20T20:34:56","date_gmt":"2024-09-20T20:34:56","guid":{"rendered":"https:\/\/nicotinedeals.com\/?post_type=product&#038;p=5699"},"modified":"2025-01-02T09:38:00","modified_gmt":"2025-01-02T09:38:00","slug":"apres-raspberry-liqorice-mini-no-8","status":"publish","type":"product","link":"https:\/\/nicotinedeals.com\/fi\/tuote\/apres-raspberry-liqorice-mini-no-8\/","title":{"rendered":"Apr\u00e8s Raspberry Liqorice Mini No 8"},"content":{"rendered":"<h1>Apr\u00e8s Raspberry Liqorice Mini No 8<\/h1>\n<p>is an all-white nicotine pouch with a blend of raspberry and licorice flavors. Each mini pouch contains 3.2 mg of nicotine, providing a low nicotine strength. There are 20 pouches per can. <strong>Apr\u00e8s Raspberry Liqorice Petite No 8 Mini<\/strong> is a tobacco-free product.<\/p>\n<h2><strong>Information about Apr\u00e8s Raspberry Liqorice Mini No 8<\/strong><\/h2>\n<ul>\n<li><strong>Br\u00e4ndi:<\/strong>\u00a0Apr\u00e8s<\/li>\n<li class=\" translation-block\"><strong>Kategoria:<\/strong> Tupakattomat nikotiinipussit<\/li>\n<li class=\" translation-block\"><strong>Maku:<\/strong> Vadelma, Lakritsi<\/li>\n<li class=\" translation-block\"><strong>Nikotiinipitoisuus:<\/strong> 8 mg\/g<\/li>\n<li><strong>Nikotiinivahvuus:<\/strong> \u25c9\u25c9\u25ce\u25ce Mieto (vahvuus 2 nelj\u00e4st\u00e4)<\/li>\n<li><strong>Valmistaja:<\/strong>\u00a0Apr\u00e8s Nicotine AB<\/li>\n<li><strong>Alkuper\u00e4maa:<\/strong>\u00a0Ruotsi<\/li>\n<li><strong>Pussin Muoto:<\/strong> Mini<\/li>\n<li class=\" translation-block\"><strong>Nikotiinia per pussi:<\/strong> 3,2 mg<\/li>\n<li><strong>Tupakaton:<\/strong> Yes, Apr\u00e8s Raspberry Liqorice nicotine pouches are tobacco-free<\/li>\n<li class=\" translation-block\"><strong>Pusseja t\u00f6lkiss\u00e4:<\/strong> 20 pussia<\/li>\n<li><strong>Ainesosat: <\/strong>Cellulose (E460), water, salt, thickening agent (E401), humectant (E1520), acidity regulator (E501), sweetener (E950), flavorings, nicotine, thickening agent (E1200)<\/li>\n<li class=\" translation-block\"><strong>Paino per annos (grammaa):<\/strong> 0,40 g<\/li>\n<li><strong>Nettopaino\/purkki:<\/strong> 8 g<\/li>\n<li class=\" translation-block\"><strong>Parasta ennen:<\/strong> 12 kuukautta<\/li>\n<li><strong>Julkaisup\u00e4iv\u00e4m\u00e4\u00e4r\u00e4:<\/strong> November 2022<\/li>\n<li><strong>Maa:\u00a0<\/strong>Ruotsi<\/li>\n<li><strong>N\u00e4yt\u00e4 lis\u00e4\u00e4<\/strong>\u00a0<a href=\"https:\/\/nicotinedeals.com\/fi\/brandi\/apres\/\"><strong>Apr\u00e8s Nicotine Pouches<\/strong><\/a><\/li>\n<\/ul>\n<div><img decoding=\"async\" class=\"alignnone size-full wp-image-5701\" src=\"https:\/\/nicotinedeals.com\/wp-content\/uploads\/2024\/09\/Apres-Raspberry-Liqorice-Mini-No-8.png\" alt=\"Apr\u00e8s Raspberry Liqorice Mini No 8\" width=\"128\" height=\"128\" srcset=\"https:\/\/nicotinedeals.com\/wp-content\/uploads\/2024\/09\/Apres-Raspberry-Liqorice-Mini-No-8.png 128w, https:\/\/nicotinedeals.com\/wp-content\/uploads\/2024\/09\/Apres-Raspberry-Liqorice-Mini-No-8-50x50.png 50w\" sizes=\"(max-width: 128px) 100vw, 128px\" \/><\/div>\n<div><strong><strong>Apr\u00e8s <\/strong><\/strong><strong>Raspberry Liqorice Petite No 8 Mini <\/strong><strong>Best Price<\/strong><\/div>\n<div>All Apr\u00e9s products and packaging are made from plant-based materials, and the products are completely free from tobacco.<\/div>\n<div><\/div>\n<div><strong>WARNING: This product contains nicotine. Nicotine is an addictive chemical. +18<\/strong><\/div>","protected":false},"excerpt":{"rendered":"<p><strong>Apr\u00e8s Raspberry Liqorice Mini No 8\u00a0<\/strong>is an all-white nicotine pouch with a blend of raspberry and licorice flavors. Each mini pouch contains 3.2 mg of nicotine, providing a low nicotine strength. There are 20 pouches per can. <strong>Apr\u00e8s Raspberry Licorice Mini<\/strong> is a tobacco-free product.<\/p>\n<p><a class=\"button\" href=\"https:\/\/nicotinedeals.com\/fi\/apres-raspberry-liqorice-petite\/\">Paras hinta | Globaali<\/a><\/p>","protected":false},"featured_media":10439,"comment_status":"open","ping_status":"closed","template":"","meta":[],"pwb-brand":[77],"product_cat":[19],"product_tag":[192,319,318,117,56,97,22,180],"brands":[{"id":77,"name":"Apr\u00e8s","slug":"apres"}],"_links":{"self":[{"href":"https:\/\/nicotinedeals.com\/fi\/wp-json\/wp\/v2\/product\/5699"}],"collection":[{"href":"https:\/\/nicotinedeals.com\/fi\/wp-json\/wp\/v2\/product"}],"about":[{"href":"https:\/\/nicotinedeals.com\/fi\/wp-json\/wp\/v2\/types\/product"}],"replies":[{"embeddable":true,"href":"https:\/\/nicotinedeals.com\/fi\/wp-json\/wp\/v2\/comments?post=5699"}],"wp:featuredmedia":[{"embeddable":true,"href":"https:\/\/nicotinedeals.com\/fi\/wp-json\/wp\/v2\/media\/10439"}],"wp:attachment":[{"href":"https:\/\/nicotinedeals.com\/fi\/wp-json\/wp\/v2\/media?parent=5699"}],"wp:term":[{"taxonomy":"pwb-brand","embeddable":true,"href":"https:\/\/nicotinedeals.com\/fi\/wp-json\/wp\/v2\/pwb-brand?post=5699"},{"taxonomy":"product_cat","embeddable":true,"href":"https:\/\/nicotinedeals.com\/fi\/wp-json\/wp\/v2\/product_cat?post=5699"},{"taxonomy":"product_tag","embeddable":true,"href":"https:\/\/nicotinedeals.com\/fi\/wp-json\/wp\/v2\/product_tag?post=5699"}],"curies":[{"name":"wp","href":"https:\/\/api.w.org\/{rel}","templated":true}]}}