{"id":5703,"date":"2024-09-20T20:51:01","date_gmt":"2024-09-20T20:51:01","guid":{"rendered":"https:\/\/nicotinedeals.com\/?post_type=product&#038;p=5703"},"modified":"2025-01-02T09:40:16","modified_gmt":"2025-01-02T09:40:16","slug":"apres-cola-petite-no-4-mini","status":"publish","type":"product","link":"https:\/\/nicotinedeals.com\/fi\/tuote\/apres-cola-petite-no-4-mini\/","title":{"rendered":"Apr\u00e8s Cola Petite No 4 Mini"},"content":{"rendered":"<h1>Apr\u00e8s Cola Petite No 4 Mini<\/h1>\n<p>is an all-white nicotine pouch with a classic cola flavor. Each mini pouch contains 3.2 mg of nicotine, providing a low nicotine strength. There are 20 pouches per can. <strong>Apr\u00e8s Cola No 4 Mini<\/strong>\u00a0is a tobacco-free product.<\/p>\n<h2><strong>Information about Apr\u00e8s Cola Petite No 4 Mini<\/strong><\/h2>\n<ul>\n<li><strong>Br\u00e4ndi:<\/strong>\u00a0Apr\u00e8s<\/li>\n<li class=\" translation-block\"><strong>Kategoria:<\/strong> Tupakattomat nikotiinipussit<\/li>\n<li class=\" translation-block\"><strong>Maku:<\/strong> Cola<\/li>\n<li class=\" translation-block\"><strong>Nikotiinipitoisuus:<\/strong> 8 mg\/g<\/li>\n<li><strong>Nikotiinivahvuus:<\/strong>\u00a0\u25c9\u25c9\u25ce\u25ce Mieto (vahvuus 2 nelj\u00e4st\u00e4)<\/li>\n<li><strong>Valmistaja:<\/strong>\u00a0Apr\u00e8s Nicotine AB<\/li>\n<li><strong>Alkuper\u00e4maa:<\/strong>\u00a0Ruotsi<\/li>\n<li class=\" translation-block\"><strong>Pussin muoto:<\/strong> Mini<\/li>\n<li class=\" translation-block\"><strong>Nikotiinia per pussi:<\/strong> 3,2 mg<\/li>\n<li><strong>Tupakaton:<\/strong> Kyll\u00e4, Apr\u00e8s Cola Mini -nikotiinipussit ovat tupakattomia<\/li>\n<li class=\" translation-block\"><strong>Pusseja t\u00f6lkiss\u00e4:<\/strong> 20 pussia<\/li>\n<li class=\" translation-block\"><strong>Ainesosat:<\/strong> T\u00e4yteaine (E460), vesi, kasvikuitu, sakeutusaine (E401), aromit, stabilointiaine (E415), suola, happamuudens\u00e4\u00e4t\u00f6aine (E501), nikotiini, makeutusaine (E950).<\/li>\n<li class=\" translation-block\"><strong>Paino per annos (grammaa):<\/strong> 0,40 g<\/li>\n<li><strong>Nettopaino\/purkki:<\/strong>\u00a08 g<\/li>\n<li class=\" translation-block\"><strong>Parasta ennen:<\/strong> 12 kuukautta<\/li>\n<li><strong>Julkaisup\u00e4iv\u00e4m\u00e4\u00e4r\u00e4:<\/strong>\u00a0November 2022<\/li>\n<li><strong>Maa:\u00a0<\/strong>Ruotsi<\/li>\n<li><strong>Slim version:<\/strong> <span style=\"text-decoration: underline;\"><a href=\"https:\/\/nicotinedeals.com\/fi\/tuote\/apres-cola-no-4\/\">Apr\u00e8s Cola No 4 Slim<\/a><\/span><\/li>\n<li><strong>N\u00e4yt\u00e4 lis\u00e4\u00e4<\/strong>\u00a0<a href=\"https:\/\/nicotinedeals.com\/fi\/brandi\/apres\/\"><strong>Apr\u00e8s Nicotine Pouches<\/strong><\/a><\/li>\n<\/ul>\n<div><img decoding=\"async\" class=\"alignnone size-full wp-image-5704\" src=\"https:\/\/nicotinedeals.com\/wp-content\/uploads\/2024\/09\/Apres-Cola-Petite-No-4-Mini-.png\" alt=\"Apr\u00e8s Cola Petite No 4 Mini\" width=\"128\" height=\"128\" srcset=\"https:\/\/nicotinedeals.com\/wp-content\/uploads\/2024\/09\/Apres-Cola-Petite-No-4-Mini-.png 128w, https:\/\/nicotinedeals.com\/wp-content\/uploads\/2024\/09\/Apres-Cola-Petite-No-4-Mini--50x50.png 50w\" sizes=\"(max-width: 128px) 100vw, 128px\" \/><\/div>\n<div><strong>Apr\u00e8s\u00a0<\/strong><strong>Cola Mini <\/strong><strong>Best Price<\/strong><\/div>\n<div>All Apr\u00e9s products and packaging are made from plant-based materials, and the products are completely free from tobacco.<\/div>\n<div><\/div>\n<div><strong>WARNING: This product contains nicotine. Nicotine is an addictive chemical. +18<\/strong><\/div>","protected":false},"excerpt":{"rendered":"<p><strong>Apr\u00e8s Cola Petite No 4 Mini\u00a0<\/strong>is a tobacco-free pouch with a classic cola flavor. Each mini pouch contains 3.2 mg of nicotine, providing a low nicotine strength. There are 20 pouches per can.<\/p>\n<p><a class=\"button\" href=\"https:\/\/nicotinedeals.com\/fi\/apres-cola-petite-mini\/\">Paras hinta | Globaali<\/a><\/p>","protected":false},"featured_media":10438,"comment_status":"open","ping_status":"closed","template":"","meta":[],"pwb-brand":[77],"product_cat":[19],"product_tag":[192,319,320,167,97,22],"brands":[{"id":77,"name":"Apr\u00e8s","slug":"apres"}],"_links":{"self":[{"href":"https:\/\/nicotinedeals.com\/fi\/wp-json\/wp\/v2\/product\/5703"}],"collection":[{"href":"https:\/\/nicotinedeals.com\/fi\/wp-json\/wp\/v2\/product"}],"about":[{"href":"https:\/\/nicotinedeals.com\/fi\/wp-json\/wp\/v2\/types\/product"}],"replies":[{"embeddable":true,"href":"https:\/\/nicotinedeals.com\/fi\/wp-json\/wp\/v2\/comments?post=5703"}],"wp:featuredmedia":[{"embeddable":true,"href":"https:\/\/nicotinedeals.com\/fi\/wp-json\/wp\/v2\/media\/10438"}],"wp:attachment":[{"href":"https:\/\/nicotinedeals.com\/fi\/wp-json\/wp\/v2\/media?parent=5703"}],"wp:term":[{"taxonomy":"pwb-brand","embeddable":true,"href":"https:\/\/nicotinedeals.com\/fi\/wp-json\/wp\/v2\/pwb-brand?post=5703"},{"taxonomy":"product_cat","embeddable":true,"href":"https:\/\/nicotinedeals.com\/fi\/wp-json\/wp\/v2\/product_cat?post=5703"},{"taxonomy":"product_tag","embeddable":true,"href":"https:\/\/nicotinedeals.com\/fi\/wp-json\/wp\/v2\/product_tag?post=5703"}],"curies":[{"name":"wp","href":"https:\/\/api.w.org\/{rel}","templated":true}]}}