{"id":5708,"date":"2024-09-20T21:22:52","date_gmt":"2024-09-20T21:22:52","guid":{"rendered":"https:\/\/nicotinedeals.com\/?post_type=product&#038;p=5708"},"modified":"2026-04-01T20:57:29","modified_gmt":"2026-04-01T20:57:29","slug":"apres-ice-tea-peach-petite-no-5","status":"publish","type":"product","link":"https:\/\/nicotinedeals.com\/fi\/tuote\/apres-ice-tea-peach-petite-no-5\/","title":{"rendered":"Apr\u00e8s Ice Tea Peach Petite No 5"},"content":{"rendered":"<h1>Apr\u00e8s Ice Tea Peach Petite No 5<\/h1>\n<p>all-white nicotine pouches with a sweet peach flavor with notes of black tea. The format is mini, and the product has a low nicotine strength. With only 2 dots out of 4 and 4.4 mg nicotine in each pouch it&#8217;s perfect for beginners. Each can contains 20 tobacco-free pouches.<\/p>\n<h2><strong>Information about Apr\u00e8s Ice Tea Peach Petite No 5<\/strong><\/h2>\n<ul>\n<li><strong>Br\u00e4ndi:<\/strong>\u00a0Apr\u00e8s<\/li>\n<li class=\" translation-block\"><strong>Kategoria:<\/strong> Tupakattomat nikotiinipussit<\/li>\n<li class=\" translation-block\"><strong>Maku:<\/strong> Persikka, Musta tee<\/li>\n<li class=\" translation-block\"><strong>Nikotiinipitoisuus:<\/strong> 8 mg\/g<\/li>\n<li class=\" translation-block\"><strong>Nikotiinivahvuus:<\/strong> \u25c9\u25c9\u25ce\u25ce Normaali (2 nelj\u00e4st\u00e4)<\/li>\n<li><strong>Valmistaja:<\/strong>\u00a0Apr\u00e8s Nicotine AB<\/li>\n<li><strong>Alkuper\u00e4maa:<\/strong>\u00a0Ruotsi<\/li>\n<li><strong>Pussin Muoto:<\/strong> Mini<\/li>\n<li class=\" translation-block\"><strong>Nikotiinia per pussi:<\/strong> 3,2 mg<\/li>\n<li><strong>Tupakaton:<\/strong> Yes, Apr\u00e8s Ice Tea nicotine pouches are tobacco-free<\/li>\n<li class=\" translation-block\"><strong>Pusseja t\u00f6lkiss\u00e4:<\/strong> 20 pussia<\/li>\n<li class=\" translation-block\"><strong>Ainesosat:<\/strong> T\u00e4yteaine (E460), vesi, kasvikuitu, sakeutusaine (E401), aromit, stabilointiaine (E415), suola, happamuudens\u00e4\u00e4t\u00f6aine (E501), nikotiini, makeutusaine (E950).<\/li>\n<li class=\" translation-block\"><strong>Paino per annos (grammaa):<\/strong> 0,40 g<\/li>\n<li class=\" translation-block\"><strong>Nettopaino\/t\u00f6lkki:<\/strong> 11 g<\/li>\n<li class=\" translation-block\"><strong>Parasta ennen:<\/strong> 12 kuukautta<\/li>\n<li><strong>Julkaisup\u00e4iv\u00e4m\u00e4\u00e4r\u00e4:<\/strong> November 2022<\/li>\n<li><strong>Maa:\u00a0<\/strong>Ruotsi<\/li>\n<li><strong>Apr\u00e8s Ice Tea Peach Slim version:<\/strong>\u00a0 <span style=\"text-decoration: underline;\"><a href=\"https:\/\/nicotinedeals.com\/fi\/tuote\/apres-ice-tea-peach\/\">Apr\u00e8s Ice Tea Peach No 5<\/a><\/span><\/li>\n<li><strong>N\u00e4yt\u00e4 lis\u00e4\u00e4<\/strong>\u00a0<a href=\"https:\/\/nicotinedeals.com\/fi\/brandi\/apres\/\"><strong>Apr\u00e8s Nicotine Pouches<\/strong><\/a><\/li>\n<\/ul>\n<div><img decoding=\"async\" class=\"alignnone size-full wp-image-5710\" src=\"https:\/\/nicotinedeals.com\/wp-content\/uploads\/2024\/09\/Apres-Ice-Tea-Peach-Petite-No-5-.png\" alt=\"Apr\u00e8s Ice Tea Peach Petite No 5\" width=\"128\" height=\"128\" srcset=\"https:\/\/nicotinedeals.com\/wp-content\/uploads\/2024\/09\/Apres-Ice-Tea-Peach-Petite-No-5-.png 128w, https:\/\/nicotinedeals.com\/wp-content\/uploads\/2024\/09\/Apres-Ice-Tea-Peach-Petite-No-5--50x50.png 50w\" sizes=\"(max-width: 128px) 100vw, 128px\" \/><\/div>\n<div><strong><strong>Apr\u00e8s <\/strong><\/strong><strong>Ice Tea Peach Mini <\/strong><strong>Best Price<\/strong><\/div>\n<div>All Apr\u00e9s products and packaging are made from plant-based materials, and the products are completely free from tobacco.<\/div>\n<div><\/div>\n<div><strong>VAROITUS: T\u00e4m\u00e4 tuote sis\u00e4lt\u00e4\u00e4 nikotiinia. Nikotiini on riippuvuutta aiheuttava aine. +18 \/ +21 Yhdysvalloissa.<\/strong><\/div>","protected":false},"excerpt":{"rendered":"<p><strong>Apr\u00e8s Ice Tea Peach Petite No 5\u00a0<\/strong>all-white nicotine pouches with a sweet peach flavor with notes of black tea. The format is mini, and the product has a low nicotine strength. With only 2 dots out of 4 and 4.4 mg nicotine in each pouch it&#8217;s perfect for beginners. Each can contains 20 tobacco-free pouches.<\/p>\n<p><a class=\"button\" href=\"https:\/\/nicotinedeals.com\/fi\/apres-ice-tea-peach-mini\/\">Paras hinta | Globaali<\/a><\/p>","protected":false},"featured_media":10440,"comment_status":"open","ping_status":"closed","template":"","meta":[],"pwb-brand":[77],"product_cat":[19],"product_tag":[192,321,81,79,82,97,22,80,84],"brands":[{"id":77,"name":"Apr\u00e8s","slug":"apres"}],"_links":{"self":[{"href":"https:\/\/nicotinedeals.com\/fi\/wp-json\/wp\/v2\/product\/5708"}],"collection":[{"href":"https:\/\/nicotinedeals.com\/fi\/wp-json\/wp\/v2\/product"}],"about":[{"href":"https:\/\/nicotinedeals.com\/fi\/wp-json\/wp\/v2\/types\/product"}],"replies":[{"embeddable":true,"href":"https:\/\/nicotinedeals.com\/fi\/wp-json\/wp\/v2\/comments?post=5708"}],"wp:featuredmedia":[{"embeddable":true,"href":"https:\/\/nicotinedeals.com\/fi\/wp-json\/wp\/v2\/media\/10440"}],"wp:attachment":[{"href":"https:\/\/nicotinedeals.com\/fi\/wp-json\/wp\/v2\/media?parent=5708"}],"wp:term":[{"taxonomy":"pwb-brand","embeddable":true,"href":"https:\/\/nicotinedeals.com\/fi\/wp-json\/wp\/v2\/pwb-brand?post=5708"},{"taxonomy":"product_cat","embeddable":true,"href":"https:\/\/nicotinedeals.com\/fi\/wp-json\/wp\/v2\/product_cat?post=5708"},{"taxonomy":"product_tag","embeddable":true,"href":"https:\/\/nicotinedeals.com\/fi\/wp-json\/wp\/v2\/product_tag?post=5708"}],"curies":[{"name":"wp","href":"https:\/\/api.w.org\/{rel}","templated":true}]}}