{"id":6004,"date":"2024-09-21T22:40:23","date_gmt":"2024-09-21T22:40:23","guid":{"rendered":"https:\/\/nicotinedeals.com\/?post_type=product&#038;p=6004"},"modified":"2024-09-27T14:04:02","modified_gmt":"2024-09-27T14:04:02","slug":"helwit-orange-slim","status":"publish","type":"product","link":"https:\/\/nicotinedeals.com\/fi\/tuote\/helwit-orange-slim\/","title":{"rendered":"HELWIT Orange Slim"},"content":{"rendered":"<h1>HELWIT Orange Slim<\/h1>\n<p>has a rich orange flavor in slim pouches, offering long-lasting flavor and nicotine delivery. The strength is 3 out of 4 (normal). Each can contains 20 pouches. <strong>HELWIT Orange<\/strong> is a tobacco-free product from Swedish YOIK.<\/p>\n<h2><strong>Information about HELWIT Orange Slim 4.5 mg:<\/strong><\/h2>\n<ul>\n<li><strong>Br\u00e4ndi:<\/strong> HELWIT<\/li>\n<li class=\" translation-block\"><strong>Kategoria:<\/strong> Tupakattomat nikotiinipussit<\/li>\n<li><strong>Makuvivahteet:<\/strong> Orange<\/li>\n<li><strong>Nikotiinipitoisuus:<\/strong> 9 mg\/g<\/li>\n<li><strong>Nikotiinivahvuus:<\/strong> \u25c9\u25c9\u25c9\u25ce Normal (strength 3 out of 4)<\/li>\n<li><strong>Valmistaja:<\/strong> YOIK<\/li>\n<li class=\" translation-block\"><strong>Pussiformaatti:<\/strong> Slim<\/li>\n<li><strong>Nikotiinia mg\/pussi:<\/strong> 4.5 mg<\/li>\n<li><strong>Tupakaton:<\/strong> Yes, all HELWIT nicotine pouches are tobacco-free<\/li>\n<li><strong>Pussien M\u00e4\u00e4r\u00e4 Per Purkki:<\/strong> 20 pouches<\/li>\n<li><strong>Ainesosat: <\/strong>Filler (E460i), humectant (E422), water, flavoring, nicotine polacrilex, salt, erythritol (E968), acidity regulator (E500), sucralose (E955).<\/li>\n<li><strong>Paino per annos (grammoina):\u00a0<\/strong>0.50 g<\/li>\n<li><strong>Nettopaino\/purkki:<\/strong> 10 g<\/li>\n<li><strong>Julkaisup\u00e4iv\u00e4m\u00e4\u00e4r\u00e4:<\/strong> April 2021<\/li>\n<li><strong>Maa:<\/strong> Ruotsi<\/li>\n<li class=\" translation-block\"><strong>Parasta ennen:<\/strong> 12 kuukautta<\/li>\n<li><strong>N\u00e4yt\u00e4 lis\u00e4\u00e4\u00a0<a href=\"https:\/\/nicotinedeals.com\/fi\/brandi\/helwit\/\">HELWIT Nicotine Pouches<\/a><\/strong><\/li>\n<\/ul>\n<div><img decoding=\"async\" class=\"alignnone size-full wp-image-6007\" src=\"https:\/\/nicotinedeals.com\/wp-content\/uploads\/2024\/09\/helwit-orange-slim-.png\" alt=\"HELWIT Orange Slim nicotine pouch can\" width=\"128\" height=\"128\" srcset=\"https:\/\/nicotinedeals.com\/wp-content\/uploads\/2024\/09\/helwit-orange-slim-.png 128w, https:\/\/nicotinedeals.com\/wp-content\/uploads\/2024\/09\/helwit-orange-slim--50x50.png 50w\" sizes=\"(max-width: 128px) 100vw, 128px\" \/><\/div>\n<div><strong>HELWIT Orange Slim Best Price<\/strong><\/div>\n<div><\/div>\n<div><strong>VAROITUS: T\u00e4m\u00e4 tuote sis\u00e4lt\u00e4\u00e4 nikotiinia. Nikotiini on riippuvuutta aiheuttava aine. +18 \/ +21 Yhdysvalloissa.<\/strong><\/div>","protected":false},"excerpt":{"rendered":"<p><strong>HELWIT Orange Slim\u00a0<\/strong>has a rich orange flavor in slim pouches, offering long-lasting flavor and nicotine delivery. The strength is 3 out of 4 dots (normal). Each can contains 20 pouches. <strong>HELWIT Orange<\/strong> is a tobacco-free product from Swedish YOIK.<\/p>\n<p><a class=\"button\" href=\"https:\/\/nicotinedeals.com\/fi\/helwit-orange-slim\/\">Click for Best Price | Americas &amp; Caribbean<\/a><\/p>","protected":false},"featured_media":6006,"comment_status":"open","ping_status":"closed","template":"","meta":[],"pwb-brand":[326],"product_cat":[19],"product_tag":[192,328,34,81,327,44,189,54],"brands":[{"id":326,"name":"HELWIT","slug":"helwit"}],"_links":{"self":[{"href":"https:\/\/nicotinedeals.com\/fi\/wp-json\/wp\/v2\/product\/6004"}],"collection":[{"href":"https:\/\/nicotinedeals.com\/fi\/wp-json\/wp\/v2\/product"}],"about":[{"href":"https:\/\/nicotinedeals.com\/fi\/wp-json\/wp\/v2\/types\/product"}],"replies":[{"embeddable":true,"href":"https:\/\/nicotinedeals.com\/fi\/wp-json\/wp\/v2\/comments?post=6004"}],"wp:featuredmedia":[{"embeddable":true,"href":"https:\/\/nicotinedeals.com\/fi\/wp-json\/wp\/v2\/media\/6006"}],"wp:attachment":[{"href":"https:\/\/nicotinedeals.com\/fi\/wp-json\/wp\/v2\/media?parent=6004"}],"wp:term":[{"taxonomy":"pwb-brand","embeddable":true,"href":"https:\/\/nicotinedeals.com\/fi\/wp-json\/wp\/v2\/pwb-brand?post=6004"},{"taxonomy":"product_cat","embeddable":true,"href":"https:\/\/nicotinedeals.com\/fi\/wp-json\/wp\/v2\/product_cat?post=6004"},{"taxonomy":"product_tag","embeddable":true,"href":"https:\/\/nicotinedeals.com\/fi\/wp-json\/wp\/v2\/product_tag?post=6004"}],"curies":[{"name":"wp","href":"https:\/\/api.w.org\/{rel}","templated":true}]}}