{"id":6104,"date":"2024-09-22T15:06:23","date_gmt":"2024-09-22T15:06:23","guid":{"rendered":"https:\/\/nicotinedeals.com\/?post_type=product&#038;p=6104"},"modified":"2025-12-03T19:26:19","modified_gmt":"2025-12-03T19:26:19","slug":"helwit-violet-slim","status":"publish","type":"product","link":"https:\/\/nicotinedeals.com\/fi\/tuote\/helwit-violet-slim\/","title":{"rendered":"HELWIT Violet Slim"},"content":{"rendered":"<h1>HELWIT Violet Slim<\/h1>\n<p>offers a violet flavor in slim pouches, providing long-lasting flavor and nicotine delivery. The strength is 2 out of 4 (normal), with 3.5 mg of nicotine per pouch. Each can contains 20 pouches. <strong>HELWIT Violet<\/strong> is a tobacco-free product from Swedish YOIK.<\/p>\n<h2><strong>Information about HELWIT Violet Slim 3.5 mg:<\/strong><\/h2>\n<ul>\n<li><strong>Br\u00e4ndi:<\/strong>\u00a0HELWIT<\/li>\n<li class=\" translation-block\"><strong>Kategoria:<\/strong> Tupakattomat nikotiinipussit<\/li>\n<li><strong>Makuvivahteet:<\/strong> Violet<\/li>\n<li><strong>Nikotiinipitoisuus:<\/strong> 7 mg\/g<\/li>\n<li><strong>Nikotiinivahvuus:<\/strong> \u25c9\u25c9\u25ce\u25ce Normal (strength 2 out of 4)<\/li>\n<li><strong>Valmistaja:<\/strong>\u00a0YOIK<\/li>\n<li class=\" translation-block\"><strong>Pussiformaatti:<\/strong> Slim<\/li>\n<li><strong>Nikotiinia mg\/pussi:<\/strong> 3.5 mg<\/li>\n<li><strong>Tupakaton:<\/strong>\u00a0Yes, all HELWIT nicotine pouches are tobacco-free<\/li>\n<li class=\" translation-block\"><strong>Pusseja t\u00f6lkiss\u00e4:<\/strong> 20 pussia<\/li>\n<li><strong>Ainesosat: <\/strong>Cellulose fiber (E460i), Humectant (E422), Water, Flavorings, Salt, Erythritol (E968), Acidity regulator (E500), Sweetener (E955), Nicotine.<\/li>\n<li><strong>Paino per annos (grammoina):\u00a0<\/strong>0.50 g<\/li>\n<li><strong>Nettopaino\/purkki:<\/strong>\u00a010 g<\/li>\n<li><strong>Julkaisup\u00e4iv\u00e4m\u00e4\u00e4r\u00e4:<\/strong>\u00a0April 2021<\/li>\n<li><strong>Maa:<\/strong>\u00a0Ruotsi<\/li>\n<li class=\" translation-block\"><strong>Parasta ennen:<\/strong> 12 kuukautta<\/li>\n<li><strong>N\u00e4yt\u00e4 lis\u00e4\u00e4\u00a0<a href=\"https:\/\/nicotinedeals.com\/fi\/brandi\/helwit\/\">HELWIT Nicotine Pouches<\/a><\/strong><\/li>\n<\/ul>\n<div><img decoding=\"async\" class=\"alignnone size-full wp-image-6106\" src=\"https:\/\/nicotinedeals.com\/wp-content\/uploads\/2024\/09\/helwit-violet-slim-.png\" alt=\"HELWIT Violet Slim\" width=\"128\" height=\"128\" srcset=\"https:\/\/nicotinedeals.com\/wp-content\/uploads\/2024\/09\/helwit-violet-slim-.png 128w, https:\/\/nicotinedeals.com\/wp-content\/uploads\/2024\/09\/helwit-violet-slim--50x50.png 50w\" sizes=\"(max-width: 128px) 100vw, 128px\" \/><\/div>\n<div><strong>HELWIT Violet Slim Best Price<\/strong><\/div>\n<div><\/div>\n<div><strong>VAROITUS: T\u00e4m\u00e4 tuote sis\u00e4lt\u00e4\u00e4 nikotiinia. Nikotiini on riippuvuutta aiheuttava aine. +18 \/ +21 Yhdysvalloissa.<\/strong><\/div>","protected":false},"excerpt":{"rendered":"<p><strong>HELWIT Violet Slim\u00a0<\/strong>offers a violet flavor in slim pouches, providing long-lasting flavor and nicotine delivery. The strength is 2 out of 4 (normal), with 3.5 mg of nicotine per pouch. Each can contains 20 pouches. <strong>HELWIT Violet<\/strong> is a tobacco-free product from Swedish YOIK.<\/p>\n<p><a class=\"button\" href=\"https:\/\/nicotinedeals.com\/fi\/helwit-violet-slim\/\">Click for Best Price | Americas &amp; Caribbean<\/a><\/p>","protected":false},"featured_media":6107,"comment_status":"open","ping_status":"closed","template":"","meta":[],"pwb-brand":[326],"product_cat":[19],"product_tag":[192,333,228,332,44,54],"brands":[{"id":326,"name":"HELWIT","slug":"helwit"}],"_links":{"self":[{"href":"https:\/\/nicotinedeals.com\/fi\/wp-json\/wp\/v2\/product\/6104"}],"collection":[{"href":"https:\/\/nicotinedeals.com\/fi\/wp-json\/wp\/v2\/product"}],"about":[{"href":"https:\/\/nicotinedeals.com\/fi\/wp-json\/wp\/v2\/types\/product"}],"replies":[{"embeddable":true,"href":"https:\/\/nicotinedeals.com\/fi\/wp-json\/wp\/v2\/comments?post=6104"}],"wp:featuredmedia":[{"embeddable":true,"href":"https:\/\/nicotinedeals.com\/fi\/wp-json\/wp\/v2\/media\/6107"}],"wp:attachment":[{"href":"https:\/\/nicotinedeals.com\/fi\/wp-json\/wp\/v2\/media?parent=6104"}],"wp:term":[{"taxonomy":"pwb-brand","embeddable":true,"href":"https:\/\/nicotinedeals.com\/fi\/wp-json\/wp\/v2\/pwb-brand?post=6104"},{"taxonomy":"product_cat","embeddable":true,"href":"https:\/\/nicotinedeals.com\/fi\/wp-json\/wp\/v2\/product_cat?post=6104"},{"taxonomy":"product_tag","embeddable":true,"href":"https:\/\/nicotinedeals.com\/fi\/wp-json\/wp\/v2\/product_tag?post=6104"}],"curies":[{"name":"wp","href":"https:\/\/api.w.org\/{rel}","templated":true}]}}