{"id":6209,"date":"2024-09-25T07:08:06","date_gmt":"2024-09-25T07:08:06","guid":{"rendered":"https:\/\/nicotinedeals.com\/?post_type=product&#038;p=6209"},"modified":"2024-10-22T11:56:24","modified_gmt":"2024-10-22T11:56:24","slug":"helwit-cola-slim","status":"publish","type":"product","link":"https:\/\/nicotinedeals.com\/fi\/tuote\/helwit-cola-slim\/","title":{"rendered":"HELWIT Cola Slim"},"content":{"rendered":"<h1>HELWIT Cola Slim<\/h1>\n<p>offers slim pouches with delicious long-lasting cola flavor and and nicotine delivery. The strength is 2 out of 4 (Normal), with 3,5 mg of nicotine per pouch. Each can contains 20 slim cola pouches. <strong>HELWIT Cola<\/strong> is a tobacco-free product made in Sweden.<\/p>\n<h2><strong>Information about HELWIT Cola Slim 6 mg:<\/strong><\/h2>\n<ul>\n<li><strong>Br\u00e4ndi:<\/strong>\u00a0HELWIT<\/li>\n<li class=\" translation-block\"><strong>Kategoria:<\/strong> Tupakattomat nikotiinipussit<\/li>\n<li><strong>Makuvivahteet:<\/strong> Kola<\/li>\n<li><strong>Nikotiinipitoisuus:<\/strong> 7 mg\/g<\/li>\n<li><strong>Nikotiinivahvuus:<\/strong> \u25c9\u25c9\u25ce\u25ce Normal (strength 2 out of 4)<\/li>\n<li><strong>Valmistaja:<\/strong>\u00a0YOIK<\/li>\n<li class=\" translation-block\"><strong>Pussiformaatti:<\/strong> Slim<\/li>\n<li><strong>Nikotiinia mg\/pussi:<\/strong> 3.5 mg<\/li>\n<li><strong>Tupakaton:<\/strong> Yes, HELWIT Cola nicotine pouches are tobacco-free<\/li>\n<li class=\" translation-block\"><strong>Pusseja t\u00f6lkiss\u00e4:<\/strong> 20 pussia<\/li>\n<li><strong>Ainesosat:\u00a0<\/strong>Cellulose fiber (E460i), Humectant (E422), Water, Flavorings, Salt, Erythritol (E968), Acidity regulator (E500), Nicotine, Sweetener (E955).<\/li>\n<li><strong>Paino per annos (grammoina):\u00a0<\/strong>0.50 g<\/li>\n<li><strong>Nettopaino\/purkki:<\/strong>\u00a010 g<\/li>\n<li><strong>Julkaisup\u00e4iv\u00e4m\u00e4\u00e4r\u00e4:<\/strong> August 2022<\/li>\n<li><strong>Maa:<\/strong>\u00a0Ruotsi<\/li>\n<li class=\" translation-block\"><strong>Parasta ennen:<\/strong> 12 kuukautta<\/li>\n<li><strong>N\u00e4yt\u00e4 lis\u00e4\u00e4\u00a0<a href=\"https:\/\/nicotinedeals.com\/fi\/brandi\/helwit\/\">HELWIT Nicotine Pouches<\/a><\/strong><\/li>\n<\/ul>\n<p><img decoding=\"async\" class=\"alignnone size-full wp-image-6210\" src=\"https:\/\/nicotinedeals.com\/wp-content\/uploads\/2024\/09\/helwit-cola-slim-.png\" alt=\"HELWIT Cola Slim\" width=\"128\" height=\"128\" srcset=\"https:\/\/nicotinedeals.com\/wp-content\/uploads\/2024\/09\/helwit-cola-slim-.png 128w, https:\/\/nicotinedeals.com\/wp-content\/uploads\/2024\/09\/helwit-cola-slim--50x50.png 50w\" sizes=\"(max-width: 128px) 100vw, 128px\" \/><\/p>\n<div><strong>HELWIT Cola Slim Best Price<\/strong><\/div>\n<div><\/div>\n<div><strong>VAROITUS: T\u00e4m\u00e4 tuote sis\u00e4lt\u00e4\u00e4 nikotiinia. Nikotiini on riippuvuutta aiheuttava aine. +18 \/ +21 Yhdysvalloissa.<\/strong><\/div>","protected":false},"excerpt":{"rendered":"<p><strong>HELWIT Cola Slim\u00a0<\/strong>offers slim pouches with delicious long-lasting cola flavor and and nicotine delivery. The strength is 2 out of 4 (Normal), with 3,5 mg of nicotine per pouch. Each can contains 20 slim cola pouches. <strong>HELWIT Cola<\/strong> is a tobacco-free product made in Sweden.<\/p>\n<p><a class=\"button\" href=\"https:\/\/nicotinedeals.com\/fi\/helwit-cola-slim\/\">Click for Best Price | Americas &#038; Caribbean<\/a><\/p>","protected":false},"featured_media":6211,"comment_status":"open","ping_status":"closed","template":"","meta":[],"pwb-brand":[326],"product_cat":[19],"product_tag":[192,333,167,336,44,54],"brands":[{"id":326,"name":"HELWIT","slug":"helwit"}],"_links":{"self":[{"href":"https:\/\/nicotinedeals.com\/fi\/wp-json\/wp\/v2\/product\/6209"}],"collection":[{"href":"https:\/\/nicotinedeals.com\/fi\/wp-json\/wp\/v2\/product"}],"about":[{"href":"https:\/\/nicotinedeals.com\/fi\/wp-json\/wp\/v2\/types\/product"}],"replies":[{"embeddable":true,"href":"https:\/\/nicotinedeals.com\/fi\/wp-json\/wp\/v2\/comments?post=6209"}],"wp:featuredmedia":[{"embeddable":true,"href":"https:\/\/nicotinedeals.com\/fi\/wp-json\/wp\/v2\/media\/6211"}],"wp:attachment":[{"href":"https:\/\/nicotinedeals.com\/fi\/wp-json\/wp\/v2\/media?parent=6209"}],"wp:term":[{"taxonomy":"pwb-brand","embeddable":true,"href":"https:\/\/nicotinedeals.com\/fi\/wp-json\/wp\/v2\/pwb-brand?post=6209"},{"taxonomy":"product_cat","embeddable":true,"href":"https:\/\/nicotinedeals.com\/fi\/wp-json\/wp\/v2\/product_cat?post=6209"},{"taxonomy":"product_tag","embeddable":true,"href":"https:\/\/nicotinedeals.com\/fi\/wp-json\/wp\/v2\/product_tag?post=6209"}],"curies":[{"name":"wp","href":"https:\/\/api.w.org\/{rel}","templated":true}]}}