{"id":6212,"date":"2024-09-25T07:42:02","date_gmt":"2024-09-25T07:42:02","guid":{"rendered":"https:\/\/nicotinedeals.com\/?post_type=product&#038;p=6212"},"modified":"2024-12-15T13:32:43","modified_gmt":"2024-12-15T13:32:43","slug":"helwit-mint-slim","status":"publish","type":"product","link":"https:\/\/nicotinedeals.com\/fi\/tuote\/helwit-mint-slim\/","title":{"rendered":"HELWIT Mint Slim"},"content":{"rendered":"<h1>HELWIT Mint Slim<\/h1>\n<p>offers a mint flavor in slim pouches, providing long-lasting flavor and nicotine delivery. The strength is 2 out of 4 (normal), with 3.5 mg of nicotine per pouch. Each can contains 20 pouches. <strong>HELWIT Mint<\/strong>\u00a0is a tobacco-free product from Swedish YOIK.<\/p>\n<h2><strong>Information about HELWIT Mint Slim 3.5 mg:<\/strong><\/h2>\n<ul>\n<li><strong>Br\u00e4ndi:<\/strong>\u00a0HELWIT<\/li>\n<li class=\" translation-block\"><strong>Kategoria:<\/strong> Tupakattomat nikotiinipussit<\/li>\n<li><strong>Makuvivahteet:<\/strong> Minttu<\/li>\n<li><strong>Nikotiinipitoisuus:<\/strong> 7 mg\/g<\/li>\n<li><strong>Nikotiinivahvuus:<\/strong> \u25c9\u25c9\u25ce\u25ce Normal (strength 2 out of 4)<\/li>\n<li><strong>Valmistaja:<\/strong>\u00a0YOIK<\/li>\n<li class=\" translation-block\"><strong>Pussiformaatti:<\/strong> Slim<\/li>\n<li><strong>Nikotiinia mg\/pussi:<\/strong> 3.5 mg<\/li>\n<li><strong>Tupakaton:<\/strong> Yes, HELWIT Mint nicotine pouches are tobacco-free<\/li>\n<li class=\" translation-block\"><strong>Pusseja t\u00f6lkiss\u00e4:<\/strong> 20 pussia<\/li>\n<li><strong>Ainesosat: <\/strong>Filler (E460i), humectant (E422), water, flavoring, salt, nicotine polacrilex, erythritol (E968), acidity regulator (E500), sucralose (E955).<\/li>\n<li><strong>Paino per annos (grammoina):\u00a0<\/strong>0.50 g<\/li>\n<li><strong>Nettopaino\/purkki:<\/strong>\u00a010 g<\/li>\n<li><strong>Julkaisup\u00e4iv\u00e4m\u00e4\u00e4r\u00e4:<\/strong> April 2021<\/li>\n<li><strong>Maa:<\/strong>\u00a0Ruotsi<\/li>\n<li class=\" translation-block\"><strong>Parasta ennen:<\/strong> 12 kuukautta<\/li>\n<li><strong>N\u00e4yt\u00e4 lis\u00e4\u00e4\u00a0<a href=\"https:\/\/nicotinedeals.com\/fi\/brandi\/helwit\/\">HELWIT Nicotine Pouches<\/a><\/strong><\/li>\n<\/ul>\n<div><img decoding=\"async\" class=\"alignnone size-full wp-image-6213\" src=\"https:\/\/nicotinedeals.com\/wp-content\/uploads\/2024\/09\/helwit-mint-slim-.png\" alt=\"HELWIT Mint Slim\" width=\"128\" height=\"128\" srcset=\"https:\/\/nicotinedeals.com\/wp-content\/uploads\/2024\/09\/helwit-mint-slim-.png 128w, https:\/\/nicotinedeals.com\/wp-content\/uploads\/2024\/09\/helwit-mint-slim--50x50.png 50w\" sizes=\"(max-width: 128px) 100vw, 128px\" \/><\/div>\n<div><strong>HELWIT Mint Slim Best Price<\/strong><\/div>\n<div><\/div>\n<div><strong>VAROITUS: T\u00e4m\u00e4 tuote sis\u00e4lt\u00e4\u00e4 nikotiinia. Nikotiini on riippuvuutta aiheuttava aine. +18 \/ +21 Yhdysvalloissa.<\/strong><\/div>","protected":false},"excerpt":{"rendered":"<p><strong>HELWIT Mint Slim\u00a0<\/strong>offers a mint flavor in slim pouches, providing long-lasting flavor and nicotine delivery. The strength is 2 out of 4 (normal), with 3.5 mg of nicotine per pouch. Each can contains 20 pouches. <strong>HELWIT Mint<\/strong>\u00a0is a tobacco-free product from Swedish YOIK.<\/p>\n<p><a class=\"button\" href=\"https:\/\/nicotinedeals.com\/fi\/helwit-mint-slim-best-price\/\">Click for Best Price | Americas &#038; Caribbean<\/a><\/p>","protected":false},"featured_media":6214,"comment_status":"open","ping_status":"closed","template":"","meta":[],"pwb-brand":[326],"product_cat":[19],"product_tag":[192,333,337,50,44,54],"brands":[{"id":326,"name":"HELWIT","slug":"helwit"}],"_links":{"self":[{"href":"https:\/\/nicotinedeals.com\/fi\/wp-json\/wp\/v2\/product\/6212"}],"collection":[{"href":"https:\/\/nicotinedeals.com\/fi\/wp-json\/wp\/v2\/product"}],"about":[{"href":"https:\/\/nicotinedeals.com\/fi\/wp-json\/wp\/v2\/types\/product"}],"replies":[{"embeddable":true,"href":"https:\/\/nicotinedeals.com\/fi\/wp-json\/wp\/v2\/comments?post=6212"}],"wp:featuredmedia":[{"embeddable":true,"href":"https:\/\/nicotinedeals.com\/fi\/wp-json\/wp\/v2\/media\/6214"}],"wp:attachment":[{"href":"https:\/\/nicotinedeals.com\/fi\/wp-json\/wp\/v2\/media?parent=6212"}],"wp:term":[{"taxonomy":"pwb-brand","embeddable":true,"href":"https:\/\/nicotinedeals.com\/fi\/wp-json\/wp\/v2\/pwb-brand?post=6212"},{"taxonomy":"product_cat","embeddable":true,"href":"https:\/\/nicotinedeals.com\/fi\/wp-json\/wp\/v2\/product_cat?post=6212"},{"taxonomy":"product_tag","embeddable":true,"href":"https:\/\/nicotinedeals.com\/fi\/wp-json\/wp\/v2\/product_tag?post=6212"}],"curies":[{"name":"wp","href":"https:\/\/api.w.org\/{rel}","templated":true}]}}