{"id":6329,"date":"2024-09-27T20:38:22","date_gmt":"2024-09-27T20:38:22","guid":{"rendered":"https:\/\/nicotinedeals.com\/?post_type=product&#038;p=6329"},"modified":"2024-12-28T21:24:53","modified_gmt":"2024-12-28T21:24:53","slug":"klint-liquorice-slim-strong","status":"publish","type":"product","link":"https:\/\/nicotinedeals.com\/fi\/tuote\/klint-liquorice-slim-strong\/","title":{"rendered":"KLINT Liquorice Slim Strong"},"content":{"rendered":"<h1>KLINT Liquorice Slim Strong<\/h1>\n<p>offers a blend of salty and sweet licorice flavor in slim pouches. The strength is rated 3 out of 4 (Strong), with 8.4 mg of nicotine per pouch. Each can contains 20 pouches. KLINT Liquorice Slim is a tobacco-free product, made in Stockholm by Habit Factory.<\/p>\n<h2><strong>Information about KLINT Liquorice Slim Strong 12 mg:<\/strong><\/h2>\n<ul>\n<li><strong>Br\u00e4ndi:<\/strong> KLINT<\/li>\n<li class=\" translation-block\"><strong>Kategoria:<\/strong> Tupakattomat nikotiinipussit<\/li>\n<li><strong>Makuvivahteet:\u00a0<\/strong>Lakritsi<\/li>\n<li><strong>Nikotiinipitoisuus:<\/strong>\u00a012 mg\/g<\/li>\n<li><strong>Nikotiinivahvuus:<\/strong> \u25c9\u25c9\u25c9\u25ce Vahva (vahvuus 3\/4)<\/li>\n<li><strong>Valmistaja:<\/strong> Habit Factory<\/li>\n<li class=\" translation-block\"><strong>Pussiformaatti:<\/strong> Slim<\/li>\n<li><strong>Nikotiinia mg\/pussi:<\/strong> 8,4 mg<\/li>\n<li><strong>Tupakaton:<\/strong> Yes, KLINT Liquorice nicotine pouches are tobacco-free<\/li>\n<li class=\" translation-block\"><strong>Pusseja t\u00f6lkiss\u00e4:<\/strong> 20 pussia<\/li>\n<li><strong>Ainesosat: <\/strong>Water, filler (E460), flavor enhancer (table salt), flavors, xylitol, nicotine, thickener (E406), preservative (E202), sweetener (E950), salmiak, acidity regulator (E500).<\/li>\n<li><strong>Paino per annos (grammoina):\u00a0<\/strong>0.70 g<\/li>\n<li><strong>Nettopaino\/purkki:<\/strong> 14 g<\/li>\n<li><strong>Julkaisup\u00e4iv\u00e4m\u00e4\u00e4r\u00e4: <\/strong>Mars\u00a02021<\/li>\n<li><strong>Maa:<\/strong>\u00a0Ruotsi<\/li>\n<li class=\" translation-block\"><strong>Parasta ennen:<\/strong> 12 kuukautta<\/li>\n<li><strong>N\u00e4yt\u00e4 lis\u00e4\u00e4\u00a0<a href=\"https:\/\/nicotinedeals.com\/fi\/brandi\/klint\/\">KLINT Nicotine Pouches<\/a><\/strong><\/li>\n<\/ul>\n<div><img decoding=\"async\" class=\"alignnone size-full wp-image-6330\" src=\"https:\/\/nicotinedeals.com\/wp-content\/uploads\/2024\/09\/klint-liquorice-slim-strong-.png\" alt=\"Klint Liquorice Slim Strong\" width=\"128\" height=\"128\" srcset=\"https:\/\/nicotinedeals.com\/wp-content\/uploads\/2024\/09\/klint-liquorice-slim-strong-.png 128w, https:\/\/nicotinedeals.com\/wp-content\/uploads\/2024\/09\/klint-liquorice-slim-strong--50x50.png 50w\" sizes=\"(max-width: 128px) 100vw, 128px\" \/><\/div>\n<div><strong>KLINT Liquorice Slim Strong Best Price<\/strong><\/div>\n<div><\/div>\n<div><strong>VAROITUS: T\u00e4m\u00e4 tuote sis\u00e4lt\u00e4\u00e4 nikotiinia. Nikotiini on riippuvuutta aiheuttava aine. +18 \/ +21 Yhdysvalloissa.<\/strong><\/div>","protected":false},"excerpt":{"rendered":"<p><strong>KLINT Liquorice Slim Strong <\/strong>offers a blend of salty and sweet licorice flavor in slim pouches. The strength is rated 3 out of 4 (Strong), with 8.4 mg of nicotine per pouch. Each can contains 20 pouches. KLINT Liquorice Slim is a tobacco-free product, made in Stockholm by Habit Factory.<\/p>\n<p><a class=\"button\" href=\"https:\/\/nicotinedeals.com\/fi\/klint-liquorice-slim-strong-best-price\/\">Click for Best Price | Americas &amp; Caribbean<\/a><\/p>","protected":false},"featured_media":6412,"comment_status":"open","ping_status":"closed","template":"","meta":[],"pwb-brand":[325],"product_cat":[19],"product_tag":[192,347,346,56,54,41],"brands":[{"id":325,"name":"KLINT","slug":"klint"}],"_links":{"self":[{"href":"https:\/\/nicotinedeals.com\/fi\/wp-json\/wp\/v2\/product\/6329"}],"collection":[{"href":"https:\/\/nicotinedeals.com\/fi\/wp-json\/wp\/v2\/product"}],"about":[{"href":"https:\/\/nicotinedeals.com\/fi\/wp-json\/wp\/v2\/types\/product"}],"replies":[{"embeddable":true,"href":"https:\/\/nicotinedeals.com\/fi\/wp-json\/wp\/v2\/comments?post=6329"}],"wp:featuredmedia":[{"embeddable":true,"href":"https:\/\/nicotinedeals.com\/fi\/wp-json\/wp\/v2\/media\/6412"}],"wp:attachment":[{"href":"https:\/\/nicotinedeals.com\/fi\/wp-json\/wp\/v2\/media?parent=6329"}],"wp:term":[{"taxonomy":"pwb-brand","embeddable":true,"href":"https:\/\/nicotinedeals.com\/fi\/wp-json\/wp\/v2\/pwb-brand?post=6329"},{"taxonomy":"product_cat","embeddable":true,"href":"https:\/\/nicotinedeals.com\/fi\/wp-json\/wp\/v2\/product_cat?post=6329"},{"taxonomy":"product_tag","embeddable":true,"href":"https:\/\/nicotinedeals.com\/fi\/wp-json\/wp\/v2\/product_tag?post=6329"}],"curies":[{"name":"wp","href":"https:\/\/api.w.org\/{rel}","templated":true}]}}