{"id":6712,"date":"2024-10-05T13:06:45","date_gmt":"2024-10-05T13:06:45","guid":{"rendered":"https:\/\/nicotinedeals.com\/?post_type=product&#038;p=6712"},"modified":"2025-01-21T11:32:43","modified_gmt":"2025-01-21T11:32:43","slug":"klint-mini-rose","status":"publish","type":"product","link":"https:\/\/nicotinedeals.com\/fi\/tuote\/klint-mini-rose\/","title":{"rendered":"KLINT Mini Ros\u00e9"},"content":{"rendered":"<h1>KLINT Mini Ros\u00e9<\/h1>\n<p>nicotine pouches offer a delightful blend of rose, strawberries, lychee, and cotton candy flavors. This tobacco-free product delivers 6 mg of nicotine per pouch, providing a sweet, vibrant, and feminine experience. Each can contains 30 mini pouches, making it perfect for those seeking a flavorful and discreet nicotine experience. The strength is rated 2 out of 4 (Normal). KLINT Ros\u00e9 Mini is made in Sweden by Habit Factory.<\/p>\n<h2><strong>Information about <\/strong>KLINT Mini Ros\u00e9 <strong>12 mg:<\/strong><\/h2>\n<ul>\n<li><strong>Br\u00e4ndi:<\/strong>\u00a0KLINT<\/li>\n<li class=\" translation-block\"><strong>Kategoria:<\/strong> Tupakattomat nikotiinipussit<\/li>\n<li><strong>Makuvivahteet:\u00a0<\/strong>Rose, Strawberries, Lychee, Cotton Candy<\/li>\n<li><strong>Nikotiinipitoisuus:<\/strong> 12 mg\/g (1,2%)<\/li>\n<li><strong>Nikotiinivahvuus:<\/strong>\u00a0\u25c9\u25c9\u25ce\u25ce Normal (strength 2 out of 4) 0,8%<\/li>\n<li><strong>Valmistaja:<\/strong>\u00a0Habit Factory<\/li>\n<li><strong>Pussin Muoto:<\/strong> Mini<\/li>\n<li><strong>Nikotiinia mg\/pussi:<\/strong> 6 mg<\/li>\n<li><strong>Tupakaton:<\/strong> Yes, KLINT Ros\u00e9 Mini nicotine pouches are tobacco-free<\/li>\n<li><strong>Pussien M\u00e4\u00e4r\u00e4 Per Purkki:<\/strong> 30 pouches<\/li>\n<li><strong>Ainesosat: <\/strong>Water, bulking agent (E460), flavor enhancer (salt), aromas, xylitol, nicotine, thickening agent (E406), preservative (E202), sweetener (E950), acidity regulator (E500).<\/li>\n<li><strong>Paino per annos (grammoina):\u00a0<\/strong>0.50 g<\/li>\n<li><strong>Nettopaino\/purkki:<\/strong> 15 g<\/li>\n<li><strong>Julkaisup\u00e4iv\u00e4m\u00e4\u00e4r\u00e4: <\/strong>April\u00a02022<\/li>\n<li><strong>Maa:<\/strong>\u00a0Ruotsi<\/li>\n<li class=\" translation-block\"><strong>Parasta ennen:<\/strong> 12 kuukautta<\/li>\n<li><strong>N\u00e4yt\u00e4 lis\u00e4\u00e4\u00a0<a href=\"https:\/\/nicotinedeals.com\/fi\/brandi\/klint\/\">KLINT Nicotine Pouches<\/a><\/strong><\/li>\n<\/ul>\n<div><img decoding=\"async\" class=\"alignnone size-full wp-image-6713\" src=\"https:\/\/nicotinedeals.com\/wp-content\/uploads\/2024\/10\/klint-mini-rose-.png\" alt=\"KLINT Mini Ros\u00e9\" width=\"128\" height=\"128\" srcset=\"https:\/\/nicotinedeals.com\/wp-content\/uploads\/2024\/10\/klint-mini-rose-.png 128w, https:\/\/nicotinedeals.com\/wp-content\/uploads\/2024\/10\/klint-mini-rose--50x50.png 50w\" sizes=\"(max-width: 128px) 100vw, 128px\" \/><\/div>\n<div><strong>KLINT Mini Ros\u00e9 Best Price<\/strong><\/div>\n<div><\/div>\n<div><strong>VAROITUS: T\u00e4m\u00e4 tuote sis\u00e4lt\u00e4\u00e4 nikotiinia. Nikotiini on riippuvuutta aiheuttava aine. +18 \/ +21 Yhdysvalloissa.<\/strong><\/div>","protected":false},"excerpt":{"rendered":"<p><strong>KLINT Mini Ros\u00e9\u00a0<\/strong>nicotine pouches offer a delightful blend of rose, strawberries, lychee, and cotton candy flavors. This tobacco-free product delivers 6 mg of nicotine per pouch, providing a sweet, vibrant, and feminine experience. Each can contains 30 mini pouches, making it perfect for those seeking a flavorful and discreet nicotine experience. The strength is rated 2 out of 4 (Normal). KLINT Ros\u00e9 Mini is made in Sweden by Habit Factory.<\/p>\n<p><a class=\"button\" href=\"https:\/\/nicotinedeals.com\/fi\/klint-mini-ros\u00e9\/\">Paras hinta | Globaali<\/a><\/p>","protected":false},"featured_media":6714,"comment_status":"open","ping_status":"closed","template":"","meta":[],"pwb-brand":[325],"product_cat":[19],"product_tag":[357,91,117,360,81,356,359,22,44,358,308,323],"brands":[{"id":325,"name":"KLINT","slug":"klint"}],"_links":{"self":[{"href":"https:\/\/nicotinedeals.com\/fi\/wp-json\/wp\/v2\/product\/6712"}],"collection":[{"href":"https:\/\/nicotinedeals.com\/fi\/wp-json\/wp\/v2\/product"}],"about":[{"href":"https:\/\/nicotinedeals.com\/fi\/wp-json\/wp\/v2\/types\/product"}],"replies":[{"embeddable":true,"href":"https:\/\/nicotinedeals.com\/fi\/wp-json\/wp\/v2\/comments?post=6712"}],"wp:featuredmedia":[{"embeddable":true,"href":"https:\/\/nicotinedeals.com\/fi\/wp-json\/wp\/v2\/media\/6714"}],"wp:attachment":[{"href":"https:\/\/nicotinedeals.com\/fi\/wp-json\/wp\/v2\/media?parent=6712"}],"wp:term":[{"taxonomy":"pwb-brand","embeddable":true,"href":"https:\/\/nicotinedeals.com\/fi\/wp-json\/wp\/v2\/pwb-brand?post=6712"},{"taxonomy":"product_cat","embeddable":true,"href":"https:\/\/nicotinedeals.com\/fi\/wp-json\/wp\/v2\/product_cat?post=6712"},{"taxonomy":"product_tag","embeddable":true,"href":"https:\/\/nicotinedeals.com\/fi\/wp-json\/wp\/v2\/product_tag?post=6712"}],"curies":[{"name":"wp","href":"https:\/\/api.w.org\/{rel}","templated":true}]}}