{"id":6716,"date":"2024-10-05T13:38:10","date_gmt":"2024-10-05T13:38:10","guid":{"rendered":"https:\/\/nicotinedeals.com\/?post_type=product&#038;p=6716"},"modified":"2025-01-19T11:19:47","modified_gmt":"2025-01-19T11:19:47","slug":"klint-mini-blaklint","status":"publish","type":"product","link":"https:\/\/nicotinedeals.com\/fi\/tuote\/klint-mini-blaklint\/","title":{"rendered":"KLINT Mini Bl\u00e5klint"},"content":{"rendered":"<h1>KLINT Mini Bl\u00e5klint<\/h1>\n<p>features flavors of wild berries and blueberries, combined with a hint of violet, berries, and fruits. The nicotine pouches are in Mini format and have a Strong nicotine strength. KLINT Mini Bl\u00e5klint comes with 30 pouches per can. This product in free from tobacco and delivers 8 mg of nicotine per pouch, and the strength is rated 3 out of 4 (Strong). KLINT is a Swedish brand made by Habit Factory.<\/p>\n<h2><strong>Information about\u00a0<\/strong>KLINT Mini Bl\u00e5klint <strong>16 mg:<\/strong><\/h2>\n<ul>\n<li><strong>Br\u00e4ndi:<\/strong>\u00a0KLINT<\/li>\n<li class=\" translation-block\"><strong>Kategoria:<\/strong> Tupakattomat nikotiinipussit<\/li>\n<li><strong>Makuvivahteet:\u00a0<\/strong>Wild Berries, Blueberries, Violet, Fruits, Berries<\/li>\n<li><strong>Nikotiinipitoisuus:<\/strong> 16 mg\/g<\/li>\n<li><strong>Nikotiinivahvuus:<\/strong> \u25c9\u25c9\u25c9\u25ce Strong(strength 3 out of 4)<\/li>\n<li><strong>Valmistaja:<\/strong>\u00a0Habit Factory<\/li>\n<li class=\" translation-block\"><strong>Pussin muoto:<\/strong> Mini<\/li>\n<li><strong>Nikotiinia mg\/pussi:<\/strong> 8 mg<\/li>\n<li><strong>Tupakaton:<\/strong> Yes, KLINT Bl\u00e5klint Mini nicotine pouches are tobacco-free<\/li>\n<li><strong>Pussien M\u00e4\u00e4r\u00e4 Per Purkki:<\/strong>\u00a030 pouches<\/li>\n<li><strong>Ainesosat:\u00a0<\/strong>Water, bulking agent (E460), flavor enhancer (salt), aromas, xylitol, nicotine, thickening agent (E406), preservative (E202), sweetener (E950), acidity regulator (E500).<\/li>\n<li><strong>Paino per annos (grammoina):\u00a0<\/strong>0.50 g<\/li>\n<li><strong>Nettopaino\/purkki:<\/strong>\u00a015 g<\/li>\n<li><strong>Julkaisup\u00e4iv\u00e4m\u00e4\u00e4r\u00e4:\u00a0<\/strong>April\u00a02022<\/li>\n<li><strong>Maa:<\/strong>\u00a0Ruotsi<\/li>\n<li class=\" translation-block\"><strong>Parasta ennen:<\/strong> 12 kuukautta<\/li>\n<li><strong>N\u00e4yt\u00e4 lis\u00e4\u00e4\u00a0<a href=\"https:\/\/nicotinedeals.com\/fi\/brandi\/klint\/\">KLINT Nicotine Pouches<\/a><\/strong><\/li>\n<\/ul>\n<div><img decoding=\"async\" class=\"alignnone size-full wp-image-6717\" src=\"https:\/\/nicotinedeals.com\/wp-content\/uploads\/2024\/10\/klint-mini-blaklint-.png\" alt=\"KLINT Mini Bl\u00e5klint\" width=\"128\" height=\"128\" srcset=\"https:\/\/nicotinedeals.com\/wp-content\/uploads\/2024\/10\/klint-mini-blaklint-.png 128w, https:\/\/nicotinedeals.com\/wp-content\/uploads\/2024\/10\/klint-mini-blaklint--50x50.png 50w\" sizes=\"(max-width: 128px) 100vw, 128px\" \/><\/div>\n<div><strong>KLINT Mini Bl\u00e5klint Best Price<\/strong><\/div>\n<div><\/div>\n<div><strong>VAROITUS: T\u00e4m\u00e4 tuote sis\u00e4lt\u00e4\u00e4 nikotiinia. Nikotiini on riippuvuutta aiheuttava aine. +18 \/ +21 Yhdysvalloissa.<\/strong><\/div>","protected":false},"excerpt":{"rendered":"<p><strong>KLINT Mini Bl\u00e5klint<\/strong> features flavors of wild berries and blueberries, combined with a hint of violet, berries, and fruits. The nicotine pouches are in Mini format and have a Strong nicotine strength. KLINT Mini Bl\u00e5klint comes with 30 pouches per can. This product in free from tobacco and delivers 8 mg of nicotine per pouch, and the strength is rated 3 out of 4 (Strong). KLINT is a Swedish brand made by Habit Factory.<\/p>\n<p><a class=\"button\" href=\"https:\/\/nicotinedeals.com\/fi\/klint-mini-bl\u00e5klint\/\">Paras hinta | Globaali<\/a><\/p>","protected":false},"featured_media":6718,"comment_status":"open","ping_status":"closed","template":"","meta":[],"pwb-brand":[325],"product_cat":[19],"product_tag":[357,109,117,292,81,361,22,41,55,244],"brands":[{"id":325,"name":"KLINT","slug":"klint"}],"_links":{"self":[{"href":"https:\/\/nicotinedeals.com\/fi\/wp-json\/wp\/v2\/product\/6716"}],"collection":[{"href":"https:\/\/nicotinedeals.com\/fi\/wp-json\/wp\/v2\/product"}],"about":[{"href":"https:\/\/nicotinedeals.com\/fi\/wp-json\/wp\/v2\/types\/product"}],"replies":[{"embeddable":true,"href":"https:\/\/nicotinedeals.com\/fi\/wp-json\/wp\/v2\/comments?post=6716"}],"wp:featuredmedia":[{"embeddable":true,"href":"https:\/\/nicotinedeals.com\/fi\/wp-json\/wp\/v2\/media\/6718"}],"wp:attachment":[{"href":"https:\/\/nicotinedeals.com\/fi\/wp-json\/wp\/v2\/media?parent=6716"}],"wp:term":[{"taxonomy":"pwb-brand","embeddable":true,"href":"https:\/\/nicotinedeals.com\/fi\/wp-json\/wp\/v2\/pwb-brand?post=6716"},{"taxonomy":"product_cat","embeddable":true,"href":"https:\/\/nicotinedeals.com\/fi\/wp-json\/wp\/v2\/product_cat?post=6716"},{"taxonomy":"product_tag","embeddable":true,"href":"https:\/\/nicotinedeals.com\/fi\/wp-json\/wp\/v2\/product_tag?post=6716"}],"curies":[{"name":"wp","href":"https:\/\/api.w.org\/{rel}","templated":true}]}}