{"id":6723,"date":"2024-10-07T08:19:57","date_gmt":"2024-10-07T08:19:57","guid":{"rendered":"https:\/\/nicotinedeals.com\/?post_type=product&#038;p=6723"},"modified":"2024-12-04T06:10:28","modified_gmt":"2024-12-04T06:10:28","slug":"klint-apple-mint-x-strong","status":"publish","type":"product","link":"https:\/\/nicotinedeals.com\/fi\/tuote\/klint-apple-mint-x-strong\/","title":{"rendered":"KLINT Apple Mint X-Strong"},"content":{"rendered":"<h1>KLINT Apple Mint X-Strong<\/h1>\n<p>nicotine pouches feature the flavor of green Granny Smith apples combined with mint. The pouches are completely tobacco-free and have an extra strong nicotine strength with 11.5 mg of nicotine per pouch. Each can contains 20 slim pouches. KLINT Apple Mint is a tobacco-free product, made in Sweden by Habit Factory.<\/p>\n<h2><strong>Information about KLINT Apple Mint X-Strong 11.5 mg:<\/strong><\/h2>\n<ul>\n<li><strong>Br\u00e4ndi:<\/strong>\u00a0KLINT<\/li>\n<li class=\" translation-block\"><strong>Kategoria:<\/strong> Tupakattomat nikotiinipussit<\/li>\n<li><strong>Makuvivahteet:\u00a0<\/strong>Apples, Mint<\/li>\n<li><strong>Nikotiinipitoisuus:<\/strong> 16.4 mg\/g<\/li>\n<li><strong>Nikotiinivahvuus:<\/strong> \u25c9\u25c9\u25c9\u25c9\u25c9 Eritt\u00e4in vahva (vahvuus 5\/5)<\/li>\n<li><strong>Valmistaja:<\/strong>\u00a0Habit Factory<\/li>\n<li class=\" translation-block\"><strong>Pussiformaatti:<\/strong> Slim<\/li>\n<li><strong>Nikotiinia mg\/pussi:<\/strong> 11.5 mg<\/li>\n<li><strong>Tupakaton:<\/strong> Yes, KLINT Apple Mint X-Strong nicotine pouches are tobacco-free<\/li>\n<li class=\" translation-block\"><strong>Pusseja t\u00f6lkiss\u00e4:<\/strong> 20 pussia<\/li>\n<li><strong>Ainesosat: <\/strong>Water, bulking agent (E460), flavor enhancer (salt), aromas, xylitol, nicotine, thickening agent (E406), preservative (E202), sweetener (E950), acidity regulator (E500).<\/li>\n<li><strong>Paino per annos (grammoina):\u00a0<\/strong>0.70 g<\/li>\n<li><strong>Nettopaino\/purkki:<\/strong>\u00a014 g<\/li>\n<li><strong>Julkaisup\u00e4iv\u00e4m\u00e4\u00e4r\u00e4:\u00a0<\/strong>December 2022<\/li>\n<li><strong>Maa:<\/strong>\u00a0Ruotsi<\/li>\n<li class=\" translation-block\"><strong>Parasta ennen:<\/strong> 12 kuukautta<\/li>\n<li><strong>N\u00e4yt\u00e4 lis\u00e4\u00e4\u00a0<a href=\"https:\/\/nicotinedeals.com\/fi\/brandi\/klint\/\">KLINT Nicotine Pouches<\/a><\/strong><\/li>\n<\/ul>\n<div><img decoding=\"async\" class=\"alignnone size-full wp-image-6725\" src=\"https:\/\/nicotinedeals.com\/wp-content\/uploads\/2024\/10\/klint-apple-mint-x-strong-.png\" alt=\"KLINT Apple Mint X-Strong nicotine pouches\" width=\"128\" height=\"128\" srcset=\"https:\/\/nicotinedeals.com\/wp-content\/uploads\/2024\/10\/klint-apple-mint-x-strong-.png 128w, https:\/\/nicotinedeals.com\/wp-content\/uploads\/2024\/10\/klint-apple-mint-x-strong--50x50.png 50w\" sizes=\"(max-width: 128px) 100vw, 128px\" \/><\/div>\n<div><strong>KLINT Apple Mint Best Price<\/strong><\/div>\n<div><\/div>\n<div><strong>VAROITUS: T\u00e4m\u00e4 tuote sis\u00e4lt\u00e4\u00e4 nikotiinia. Nikotiini on riippuvuutta aiheuttava aine. +18 \/ +21 Yhdysvalloissa.<\/strong><\/div>","protected":false},"excerpt":{"rendered":"<p><strong>KLINT Apple Mint X-Strong\u00a0<\/strong>feature the flavor of green Granny Smith apples combined with mint. The pouches are completely tobacco-free and have an extra strong nicotine strength with 11.5 mg of nicotine per pouch. Each can contains 20 slim nicotine pouches. KLINT Apple Mint is a tobacco-free product, made in Sweden by Habit Factory.<\/p>\n<p><a class=\"button\" href=\"https:\/\/nicotinedeals.com\/fi\/klint-mint-apple-x-strong\/\">Paras hinta | Globaali<\/a><\/p>","protected":false},"featured_media":6724,"comment_status":"open","ping_status":"closed","template":"","meta":[],"pwb-brand":[325],"product_cat":[19],"product_tag":[364,192,171,234,85,81,363,50,54,41],"brands":[{"id":325,"name":"KLINT","slug":"klint"}],"_links":{"self":[{"href":"https:\/\/nicotinedeals.com\/fi\/wp-json\/wp\/v2\/product\/6723"}],"collection":[{"href":"https:\/\/nicotinedeals.com\/fi\/wp-json\/wp\/v2\/product"}],"about":[{"href":"https:\/\/nicotinedeals.com\/fi\/wp-json\/wp\/v2\/types\/product"}],"replies":[{"embeddable":true,"href":"https:\/\/nicotinedeals.com\/fi\/wp-json\/wp\/v2\/comments?post=6723"}],"wp:featuredmedia":[{"embeddable":true,"href":"https:\/\/nicotinedeals.com\/fi\/wp-json\/wp\/v2\/media\/6724"}],"wp:attachment":[{"href":"https:\/\/nicotinedeals.com\/fi\/wp-json\/wp\/v2\/media?parent=6723"}],"wp:term":[{"taxonomy":"pwb-brand","embeddable":true,"href":"https:\/\/nicotinedeals.com\/fi\/wp-json\/wp\/v2\/pwb-brand?post=6723"},{"taxonomy":"product_cat","embeddable":true,"href":"https:\/\/nicotinedeals.com\/fi\/wp-json\/wp\/v2\/product_cat?post=6723"},{"taxonomy":"product_tag","embeddable":true,"href":"https:\/\/nicotinedeals.com\/fi\/wp-json\/wp\/v2\/product_tag?post=6723"}],"curies":[{"name":"wp","href":"https:\/\/api.w.org\/{rel}","templated":true}]}}