{"id":6766,"date":"2024-10-08T07:19:24","date_gmt":"2024-10-08T07:19:24","guid":{"rendered":"https:\/\/nicotinedeals.com\/?post_type=product&#038;p=6766"},"modified":"2025-01-23T05:12:25","modified_gmt":"2025-01-23T05:12:25","slug":"lyft-citrus-mint-mini","status":"publish","type":"product","link":"https:\/\/nicotinedeals.com\/fi\/tuote\/lyft-citrus-mint-mini\/","title":{"rendered":"LYFT Citrus Mint Mini"},"content":{"rendered":"<h1>LYFT Citrus Mint Mini<\/h1>\n<p>blends the refreshing flavors of citrus and mint. The pouches are in Mini format, with each pouch delivering 6 mg of nicotine and a total of 12 mg\/g. Rated at 2 out of 5 for strength, these pouches provide a satisfying experience while being 100% tobacco-free. Each can contains 20 pouches.<\/p>\n<h2><strong>Information about LYFT Citrus Mint Mini 12 mg:<\/strong><\/h2>\n<ul>\n<li><strong>Br\u00e4ndi:<\/strong>\u00a0LYFT<\/li>\n<li class=\" translation-block\"><strong>Kategoria:<\/strong> Tupakattomat nikotiinipussit<\/li>\n<li><strong>Maku:<\/strong> Citrus, Mint<\/li>\n<li><strong>Nikotiinipitoisuus:<\/strong> 12 mg\/g<\/li>\n<li><strong>Nikotiinivahvuus:<\/strong> \u25c9\u25c9\u25ce\u25ce\u25ce Normal (strength 2 out of 5)<\/li>\n<li class=\" translation-block\"><strong>Valmistaja:<\/strong> BAT (British American Tobacco)<\/li>\n<li><strong>Pussin Muoto:<\/strong> Mini<\/li>\n<li><strong>Nikotiinia mg\/pussi:<\/strong> 6 mg<\/li>\n<li><strong>Tupakaton:<\/strong> Yes, LYFT Citrus Mint Mini nicotine pouches are tobacco-free<\/li>\n<li><strong>Pussien M\u00e4\u00e4r\u00e4 Per Purkki:<\/strong> 20 pouches<\/li>\n<li><strong>Ainesosat:\u00a0<\/strong>Water, Bulking agent (E460), Flavor enhancer (salt), Xylitol (E967), Nicotine, Aromas, Thickening agent (E401), Acidity regulator (E500), Sweetener (E950).<\/li>\n<li><strong>Paino per annos (grammoina):\u00a0<\/strong>0.50 g<\/li>\n<li><strong>Nettopaino\/purkki:<\/strong> 10 g<\/li>\n<li><strong>Julkaisup\u00e4iv\u00e4m\u00e4\u00e4r\u00e4:<\/strong> Tammikuu 2023<\/li>\n<li><strong>Maa:\u00a0<\/strong>Ruotsi<\/li>\n<li><strong>N\u00e4yt\u00e4 lis\u00e4\u00e4<\/strong>\u00a0<a href=\"https:\/\/nicotinedeals.com\/fi\/brandi\/lyft\/\"><strong>LYFT Nicotine Pouches<\/strong><\/a><\/li>\n<li><strong>Expiration date: <\/strong>12 months.<\/li>\n<\/ul>\n<p><img decoding=\"async\" class=\"alignnone size-full wp-image-6767\" src=\"https:\/\/nicotinedeals.com\/wp-content\/uploads\/2024\/10\/lyft-citrus-mint-mini-.png\" alt=\"LYFT Citrus Mint Mini\" width=\"128\" height=\"128\" srcset=\"https:\/\/nicotinedeals.com\/wp-content\/uploads\/2024\/10\/lyft-citrus-mint-mini-.png 128w, https:\/\/nicotinedeals.com\/wp-content\/uploads\/2024\/10\/lyft-citrus-mint-mini--50x50.png 50w\" sizes=\"(max-width: 128px) 100vw, 128px\" \/><\/p>\n<div><strong>LYFT Citrus Mint Mini Best Price<\/strong><\/div>\n<div><\/div>\n<div><strong>VAROITUS: T\u00e4m\u00e4 tuote sis\u00e4lt\u00e4\u00e4 nikotiinia. Nikotiini on riippuvuutta aiheuttava aine. +18 \/ +21 Yhdysvalloissa.<\/strong><\/div>","protected":false},"excerpt":{"rendered":"<p><strong>LYFT Citrus Mint Mini\u00a0<\/strong>blends the refreshing flavors of citrus and mint. The pouches are in Mini format, with each pouch delivering 6 mg of nicotine and a total of 12 mg\/g. Rated at 2 out of 5 for strength, these pouches provide a satisfying experience while being 100% tobacco-free. Each can contains 20 pouches.<\/p>\n<p>&nbsp;<\/p>\n<p><a class=\"button\" href=\"https:\/\/nicotinedeals.com\/fi\/lyft-citrus-mint-mini\/\">Click for Best Price | Americas &amp; Caribbean<\/a><\/p>","protected":false},"featured_media":6768,"comment_status":"open","ping_status":"closed","template":"","meta":[],"pwb-brand":[148],"product_cat":[19],"product_tag":[192,91,228,34,81,369,22,50,44],"brands":[{"id":148,"name":"LYFT","slug":"lyft"}],"_links":{"self":[{"href":"https:\/\/nicotinedeals.com\/fi\/wp-json\/wp\/v2\/product\/6766"}],"collection":[{"href":"https:\/\/nicotinedeals.com\/fi\/wp-json\/wp\/v2\/product"}],"about":[{"href":"https:\/\/nicotinedeals.com\/fi\/wp-json\/wp\/v2\/types\/product"}],"replies":[{"embeddable":true,"href":"https:\/\/nicotinedeals.com\/fi\/wp-json\/wp\/v2\/comments?post=6766"}],"wp:featuredmedia":[{"embeddable":true,"href":"https:\/\/nicotinedeals.com\/fi\/wp-json\/wp\/v2\/media\/6768"}],"wp:attachment":[{"href":"https:\/\/nicotinedeals.com\/fi\/wp-json\/wp\/v2\/media?parent=6766"}],"wp:term":[{"taxonomy":"pwb-brand","embeddable":true,"href":"https:\/\/nicotinedeals.com\/fi\/wp-json\/wp\/v2\/pwb-brand?post=6766"},{"taxonomy":"product_cat","embeddable":true,"href":"https:\/\/nicotinedeals.com\/fi\/wp-json\/wp\/v2\/product_cat?post=6766"},{"taxonomy":"product_tag","embeddable":true,"href":"https:\/\/nicotinedeals.com\/fi\/wp-json\/wp\/v2\/product_tag?post=6766"}],"curies":[{"name":"wp","href":"https:\/\/api.w.org\/{rel}","templated":true}]}}