{"id":6824,"date":"2024-10-11T11:47:12","date_gmt":"2024-10-11T11:47:12","guid":{"rendered":"https:\/\/nicotinedeals.com\/?post_type=product&#038;p=6824"},"modified":"2024-10-22T14:40:58","modified_gmt":"2024-10-22T14:40:58","slug":"siberia-portion-all-white","status":"publish","type":"product","link":"https:\/\/nicotinedeals.com\/fi\/tuote\/siberia-portion-all-white\/","title":{"rendered":"Siberia Portion All White"},"content":{"rendered":"<h1>Siberia Portion All White<\/h1>\n<p>Experience the icy sensation of a pouch under your lip with the refreshing taste of cooling mint. Each can contains regular-sized extremely strong pouches with a nicotine strength of 33 mg\/g. 100% tobacco-free, with 20 pouches per can.<\/p>\n<h2><strong>Information about Siberia Portion All White 33 mg:<\/strong><\/h2>\n<ul>\n<li><strong>Br\u00e4ndi:<\/strong>\u00a0Siberia<\/li>\n<li class=\" translation-block\"><strong>Kategoria:<\/strong> Tupakattomat nikotiinipussit<\/li>\n<li><strong>Maku:<\/strong>\u00a0Minttu<\/li>\n<li><strong>Nikotiinipitoisuus:<\/strong>\u00a033 mg\/g<\/li>\n<li><strong>Nikotiinivahvuus:<\/strong>\u00a0Eritt\u00e4in Vahva<\/li>\n<li><strong>Valmistaja:<\/strong>\u00a0GN Tobacco<\/li>\n<li><strong>Pussin Muoto:<\/strong> Regular<\/li>\n<li><strong>Nikotiinia mg\/pussi:<\/strong>\u00a024,8 mg<\/li>\n<li><strong>Tupakaton:<\/strong> Yes, Siberia Portion All White nicotine pouches are tobacco-free<\/li>\n<li class=\" translation-block\"><strong>Pusseja t\u00f6lkiss\u00e4:<\/strong> 20 pussia<\/li>\n<li><strong>Ainesosat:\u00a0<\/strong>Filler (E460), xanthan gum (E415), nicotine, acidity regulator (E500), natural flavors, humectant (E1520)<\/li>\n<li><strong>Nettopaino\/purkki:<\/strong>\u00a015 g<\/li>\n<li><strong>Maa:\u00a0<\/strong>Ruotsi<\/li>\n<li><strong>N\u00e4yt\u00e4 lis\u00e4\u00e4<\/strong>\u00a0<a href=\"https:\/\/nicotinedeals.com\/fi\/brandi\/siberia\/\"><strong>Siberia Nicotine Pouches<\/strong><\/a><\/li>\n<li><strong>Expiration date:\u00a0<\/strong>12 kuukautta<\/li>\n<\/ul>\n<h1><img decoding=\"async\" class=\"alignnone size-full wp-image-6826\" src=\"https:\/\/nicotinedeals.com\/wp-content\/uploads\/2024\/10\/siberia-portin-all-white-.png\" alt=\"Siberia Portion All White\" width=\"128\" height=\"128\" srcset=\"https:\/\/nicotinedeals.com\/wp-content\/uploads\/2024\/10\/siberia-portin-all-white-.png 128w, https:\/\/nicotinedeals.com\/wp-content\/uploads\/2024\/10\/siberia-portin-all-white--50x50.png 50w\" sizes=\"(max-width: 128px) 100vw, 128px\" \/><\/h1>\n<p><strong>Siberia Portion Best Price<\/strong><\/p>\n<div><strong>VAROITUS: T\u00e4m\u00e4 tuote sis\u00e4lt\u00e4\u00e4 nikotiinia. Nikotiini on riippuvuutta aiheuttava aine. +18 \/ +21 Yhdysvalloissa.<\/strong><\/div>","protected":false},"excerpt":{"rendered":"<p><strong>Siberia Portion All White\u00a0<\/strong>Experience the icy sensation of a pouch under your lip with the refreshing taste of cooling mint. Each can contains regular-sized pouches with a nicotine strength of 33 mg\/g. 100% tobacco-free, with 20 pouches per can.<\/p>\n<p><a class=\"button\" href=\"https:\/\/nicotinedeals.com\/fi\/siberia-portion-all-white-best-price\/\">Click for Best Price | Americas &amp; Caribbean<\/a><\/p>","protected":false},"featured_media":6825,"comment_status":"open","ping_status":"closed","template":"","meta":[],"pwb-brand":[371],"product_cat":[19],"product_tag":[192,375,85,50,161,377,41],"brands":[{"id":371,"name":"Siberia Nicotine Pouches","slug":"siberia-nicotine-pouches"}],"_links":{"self":[{"href":"https:\/\/nicotinedeals.com\/fi\/wp-json\/wp\/v2\/product\/6824"}],"collection":[{"href":"https:\/\/nicotinedeals.com\/fi\/wp-json\/wp\/v2\/product"}],"about":[{"href":"https:\/\/nicotinedeals.com\/fi\/wp-json\/wp\/v2\/types\/product"}],"replies":[{"embeddable":true,"href":"https:\/\/nicotinedeals.com\/fi\/wp-json\/wp\/v2\/comments?post=6824"}],"wp:featuredmedia":[{"embeddable":true,"href":"https:\/\/nicotinedeals.com\/fi\/wp-json\/wp\/v2\/media\/6825"}],"wp:attachment":[{"href":"https:\/\/nicotinedeals.com\/fi\/wp-json\/wp\/v2\/media?parent=6824"}],"wp:term":[{"taxonomy":"pwb-brand","embeddable":true,"href":"https:\/\/nicotinedeals.com\/fi\/wp-json\/wp\/v2\/pwb-brand?post=6824"},{"taxonomy":"product_cat","embeddable":true,"href":"https:\/\/nicotinedeals.com\/fi\/wp-json\/wp\/v2\/product_cat?post=6824"},{"taxonomy":"product_tag","embeddable":true,"href":"https:\/\/nicotinedeals.com\/fi\/wp-json\/wp\/v2\/product_tag?post=6824"}],"curies":[{"name":"wp","href":"https:\/\/api.w.org\/{rel}","templated":true}]}}