{"id":6847,"date":"2024-10-12T21:19:29","date_gmt":"2024-10-12T21:19:29","guid":{"rendered":"https:\/\/nicotinedeals.com\/?post_type=product&#038;p=6847"},"modified":"2024-10-12T21:19:29","modified_gmt":"2024-10-12T21:19:29","slug":"siberia-long","status":"publish","type":"product","link":"https:\/\/nicotinedeals.com\/fi\/tuote\/siberia-long\/","title":{"rendered":"Siberia Long"},"content":{"rendered":"<h1>Siberia Long<\/h1>\n<p>offers a refreshing burst of cooling mint. These strong, long pouches contain 33 mg\/g nicotine strength and 24.8 mg of nicotine per pouch. Tobacco-free, all-white nicotine pouches, produced in Sweden by GN Tobacco.<\/p>\n<h2><strong>Information about Siberia Long 33 mg:<\/strong><\/h2>\n<ul>\n<li><strong>Br\u00e4ndi:<\/strong>\u00a0Siberia<\/li>\n<li class=\" translation-block\"><strong>Kategoria:<\/strong> Tupakattomat nikotiinipussit<\/li>\n<li><strong>Maku:<\/strong>\u00a0Minttu<\/li>\n<li><strong>Nikotiinipitoisuus:<\/strong>\u00a033 mg\/g<\/li>\n<li><strong>Nikotiinivahvuus:<\/strong>\u00a0Eritt\u00e4in Vahva<\/li>\n<li><strong>Valmistaja:<\/strong>\u00a0GN Tobacco<\/li>\n<li><strong>Pussin Muoto:<\/strong> Long<\/li>\n<li><strong>Nikotiinia mg\/pussi:<\/strong> 24.8 mg<\/li>\n<li><strong>Tupakaton:<\/strong> Yes, Siberia All White Long nicotine pouches are tobacco-free<\/li>\n<li class=\" translation-block\"><strong>Pusseja t\u00f6lkiss\u00e4:<\/strong> 20 pussia<\/li>\n<li><strong>Ainesosat:\u00a0<\/strong>Filler (E460), xanthan gum (E415), nicotine, acidity regulator (E500), natural flavors, humectant (E1520)<\/li>\n<li><strong>Paino per annos (grammoina):\u00a0<\/strong>0.75 g<\/li>\n<li><strong>Nettopaino\/purkki:<\/strong> 15 g<\/li>\n<li><strong>Maa:\u00a0<\/strong>Ruotsi<\/li>\n<li><strong>N\u00e4yt\u00e4 lis\u00e4\u00e4<\/strong>\u00a0<a href=\"https:\/\/nicotinedeals.com\/fi\/brandi\/siberia\/\"><strong>Siberia Nicotine Pouches<\/strong><\/a><\/li>\n<li><strong>Expiration date:\u00a0<\/strong>12 kuukautta<\/li>\n<\/ul>\n<p><img decoding=\"async\" class=\"alignnone size-full wp-image-6850\" src=\"https:\/\/nicotinedeals.com\/wp-content\/uploads\/2024\/10\/siberia-long-.png\" alt=\"Siberia Long\" width=\"128\" height=\"128\" srcset=\"https:\/\/nicotinedeals.com\/wp-content\/uploads\/2024\/10\/siberia-long-.png 128w, https:\/\/nicotinedeals.com\/wp-content\/uploads\/2024\/10\/siberia-long--50x50.png 50w\" sizes=\"(max-width: 128px) 100vw, 128px\" \/><\/p>\n<p><strong>Siberia All White Long Best Price<\/strong><\/p>\n<div><strong>VAROITUS: T\u00e4m\u00e4 tuote sis\u00e4lt\u00e4\u00e4 nikotiinia. Nikotiini on riippuvuutta aiheuttava aine. +18 \/ +21 Yhdysvalloissa.<\/strong><\/div>","protected":false},"excerpt":{"rendered":"<p><strong>Siberia Long\u00a0<\/strong>offers a refreshing burst of cooling mint. These strong, long pouches contain 33 mg\/g nicotine strength and 24.8 mg of nicotine per pouch. Tobacco-free, all-white nicotine pouches, produced in Sweden by GN Tobacco.<\/p>\n<p><a class=\"button\" href=\"https:\/\/nicotinedeals.com\/fi\/siberia-long-best-price\/\">Click for Best Price | Americas &amp; Caribbean<\/a><\/p>","protected":false},"featured_media":6851,"comment_status":"open","ping_status":"closed","template":"","meta":[],"pwb-brand":[371],"product_cat":[19],"product_tag":[192,85,382,50,381,41],"brands":[{"id":371,"name":"Siberia Nicotine Pouches","slug":"siberia-nicotine-pouches"}],"_links":{"self":[{"href":"https:\/\/nicotinedeals.com\/fi\/wp-json\/wp\/v2\/product\/6847"}],"collection":[{"href":"https:\/\/nicotinedeals.com\/fi\/wp-json\/wp\/v2\/product"}],"about":[{"href":"https:\/\/nicotinedeals.com\/fi\/wp-json\/wp\/v2\/types\/product"}],"replies":[{"embeddable":true,"href":"https:\/\/nicotinedeals.com\/fi\/wp-json\/wp\/v2\/comments?post=6847"}],"wp:featuredmedia":[{"embeddable":true,"href":"https:\/\/nicotinedeals.com\/fi\/wp-json\/wp\/v2\/media\/6851"}],"wp:attachment":[{"href":"https:\/\/nicotinedeals.com\/fi\/wp-json\/wp\/v2\/media?parent=6847"}],"wp:term":[{"taxonomy":"pwb-brand","embeddable":true,"href":"https:\/\/nicotinedeals.com\/fi\/wp-json\/wp\/v2\/pwb-brand?post=6847"},{"taxonomy":"product_cat","embeddable":true,"href":"https:\/\/nicotinedeals.com\/fi\/wp-json\/wp\/v2\/product_cat?post=6847"},{"taxonomy":"product_tag","embeddable":true,"href":"https:\/\/nicotinedeals.com\/fi\/wp-json\/wp\/v2\/product_tag?post=6847"}],"curies":[{"name":"wp","href":"https:\/\/api.w.org\/{rel}","templated":true}]}}