{"id":700,"date":"2024-07-10T05:55:02","date_gmt":"2024-07-10T05:55:02","guid":{"rendered":"https:\/\/nicotinedeals.com\/?post_type=product&#038;p=700"},"modified":"2026-04-03T22:19:17","modified_gmt":"2026-04-03T22:19:17","slug":"lundgrens-rimfrost","status":"publish","type":"product","link":"https:\/\/nicotinedeals.com\/fi\/tuote\/lundgrens-rimfrost\/","title":{"rendered":"Lundgrens Rimfrost"},"content":{"rendered":"<h1><strong>Lundgrens Rimfrost<\/strong><\/h1>\n<p>Rimfrost-nikotiinipussit sis\u00e4lt\u00e4v\u00e4t puutarhamintun ja eukalyptuksen vivahteita. Pussin koko on regular, ja tuotteen nikotiinivahvuus on vahva (3 pistett\u00e4 nelj\u00e4st\u00e4). Nikotiinipitoisuus per pussi on 10 mg, ja kokonaisnikotiinipitoisuus on 12,5 mg\/g. Jokaisessa rasiassa on 21 tupakatonta pussia.<\/p>\n<h2><strong>Tietoa Lundgrens Rimfrostista:<\/strong><\/h2>\n<ul>\n<li><strong>Br\u00e4ndi:<\/strong> Lundgrens<\/li>\n<li class=\" translation-block\"><strong>Kategoria:<\/strong> Tupakattomat nikotiinipussit<\/li>\n<li><strong>Makuvivahteet:<\/strong> Eukalyptus, Minttu<\/li>\n<li><strong>Nikotiinipitoisuus:<\/strong> 12.5 mg\/g<\/li>\n<li><strong>Nikotiinivahvuus:<\/strong> <span class=\"OYPEnA font-feature-liga-off font-feature-clig-off font-feature-calt-off text-decoration-none text-strikethrough-none\">\u25c9\u25c9\u25c9\u25ce <\/span>Vahva (vahvuus 3\/4)<\/li>\n<li><strong>Nikotiinipitoisuus\/purkki:<\/strong> 210 mg\/can<\/li>\n<li><strong>Valmistaja:<\/strong> Fiedler &amp; Lundgren \/ BAT<\/li>\n<li><strong>Pussin Muoto:<\/strong> Regular<\/li>\n<li><strong>Nikotiinia mg\/pussi:<\/strong>\u00a0 10 mg<\/li>\n<li><strong>Tupakaton:<\/strong> Kyll\u00e4, Rimfrost on tupakaton.<\/li>\n<li><strong>Pussien M\u00e4\u00e4r\u00e4 Per Purkki:<\/strong> 21 pussia<\/li>\n<li><strong>Ainesosat:\u00a0<\/strong>T\u00e4yteaine (E460), vesi, makuvahvenne (p\u00f6yt\u00e4suola), ksylitoli, nikotiini, aromit, ammoniumkloridi, happamuudens\u00e4\u00e4t\u00f6aine (E500)<\/li>\n<li><strong>Paino per annos (grammoina):\u00a0<\/strong>0.8 g<\/li>\n<li><strong>Nettopaino\/purkki:<\/strong> 16.8 g<\/li>\n<li><strong>N\u00e4yt\u00e4 lis\u00e4\u00e4 <a href=\"https:\/\/nicotinedeals.com\/fi\/brandi\/lundgrens\/\">Lundgrens Nikotiinipussit<\/a><\/strong><\/li>\n<\/ul>\n<div><strong>Lundgrens Rimfrost Paras Hinta<\/strong><\/div>\n<div><\/div>\n<div>\n<figure id=\"attachment_702\" aria-describedby=\"caption-attachment-702\" style=\"width: 600px\" class=\"wp-caption alignnone\"><a href=\"https:\/\/nicotinedeals.com\/fi\/brandi\/lundgrens\/\"><img fetchpriority=\"high\" decoding=\"async\" class=\"wp-image-702\" src=\"https:\/\/nicotinedeals.com\/wp-content\/uploads\/2024\/07\/lundgrens-nicotine-pouches-best-price-300x157.jpg\" alt=\"Cans of Lungrens nicotine pouches\" width=\"600\" height=\"314\" srcset=\"https:\/\/nicotinedeals.com\/wp-content\/uploads\/2024\/07\/lundgrens-nicotine-pouches-best-price-300x157.jpg 300w, https:\/\/nicotinedeals.com\/wp-content\/uploads\/2024\/07\/lundgrens-nicotine-pouches-best-price-200x105.jpg 200w, https:\/\/nicotinedeals.com\/wp-content\/uploads\/2024\/07\/lundgrens-nicotine-pouches-best-price-150x79.jpg 150w, https:\/\/nicotinedeals.com\/wp-content\/uploads\/2024\/07\/lundgrens-nicotine-pouches-best-price-1024x536.jpg 1024w, https:\/\/nicotinedeals.com\/wp-content\/uploads\/2024\/07\/lundgrens-nicotine-pouches-best-price-768x402.jpg 768w, https:\/\/nicotinedeals.com\/wp-content\/uploads\/2024\/07\/lundgrens-nicotine-pouches-best-price.jpg 1200w\" sizes=\"(max-width: 600px) 100vw, 600px\" \/><\/a><figcaption id=\"caption-attachment-702\" class=\"wp-caption-text\">Lundgrens Kv\u00e4llsbris, V\u00e5gsvall, Fj\u00e4llskog, and Rimfrost.<\/figcaption><\/figure>\n<\/div>\n<div><\/div>\n<div><strong>VAROITUS: T\u00e4m\u00e4 tuote sis\u00e4lt\u00e4\u00e4 nikotiinia. Nikotiini on riippuvuutta aiheuttava aine. +18 \/ +21 Yhdysvalloissa.<\/strong><\/div>","protected":false},"excerpt":{"rendered":"<p><strong>Lundgrens Rimfrost<\/strong> All White on Lundgrensin todellinen myyntimenestys, jonka juuret ulottuvat 1780-luvulle G\u00f6teborgiin. Rimfrost tarjoaa hienovaraisia puutarhamintun ja eukalyptuksen vivahteita, jotka luovat raikkaan ja luonnollisen makuel\u00e4myksen. Tutustu Lundgrensin rikkaaseen perint\u00f6\u00f6n ja laatuun n\u00e4iden suosittujen nikotiinipussien avulla.<\/p>\n<p><a class=\"button\" href=\"https:\/\/nicotinedeals.com\/fi\/lundgrens-rimfrost\/\">Paras hinta | Globaali<\/a><\/p>","protected":false},"featured_media":5615,"comment_status":"open","ping_status":"closed","template":"","meta":[],"pwb-brand":[47],"product_cat":[19],"product_tag":[92,211,51,48,52,50,161,49,41],"brands":[{"id":47,"name":"Lundgrens","slug":"lundgrens"}],"_links":{"self":[{"href":"https:\/\/nicotinedeals.com\/fi\/wp-json\/wp\/v2\/product\/700"}],"collection":[{"href":"https:\/\/nicotinedeals.com\/fi\/wp-json\/wp\/v2\/product"}],"about":[{"href":"https:\/\/nicotinedeals.com\/fi\/wp-json\/wp\/v2\/types\/product"}],"replies":[{"embeddable":true,"href":"https:\/\/nicotinedeals.com\/fi\/wp-json\/wp\/v2\/comments?post=700"}],"wp:featuredmedia":[{"embeddable":true,"href":"https:\/\/nicotinedeals.com\/fi\/wp-json\/wp\/v2\/media\/5615"}],"wp:attachment":[{"href":"https:\/\/nicotinedeals.com\/fi\/wp-json\/wp\/v2\/media?parent=700"}],"wp:term":[{"taxonomy":"pwb-brand","embeddable":true,"href":"https:\/\/nicotinedeals.com\/fi\/wp-json\/wp\/v2\/pwb-brand?post=700"},{"taxonomy":"product_cat","embeddable":true,"href":"https:\/\/nicotinedeals.com\/fi\/wp-json\/wp\/v2\/product_cat?post=700"},{"taxonomy":"product_tag","embeddable":true,"href":"https:\/\/nicotinedeals.com\/fi\/wp-json\/wp\/v2\/product_tag?post=700"}],"curies":[{"name":"wp","href":"https:\/\/api.w.org\/{rel}","templated":true}]}}