{"id":7911,"date":"2024-10-27T11:42:15","date_gmt":"2024-10-27T11:42:15","guid":{"rendered":"https:\/\/nicotinedeals.com\/?post_type=product&#038;p=7911"},"modified":"2026-04-18T20:57:36","modified_gmt":"2026-04-18T20:57:36","slug":"strom-iced-coffee","status":"publish","type":"product","link":"https:\/\/nicotinedeals.com\/fi\/tuote\/strom-iced-coffee\/","title":{"rendered":"STR\u00d6M Iced Coffee"},"content":{"rendered":"<h1>STR\u00d6M Iced Coffee<\/h1>\n<p>has a smooth, rounded coffee flavor blended with hints of caramel, fudge, and cream, finished with a refreshing touch of mint. Each pouch delivers 9.6 mg of nicotine (16 mg\/g), classified as extra strong with a strength level of 3 out of 4 dots. Each can includes 20 slim, tobacco-free pouches.<\/p>\n<h2><strong>Information about STR\u00d6M Iced Coffee 9.6 mg\/pouch:<\/strong><\/h2>\n<ul>\n<li><strong>Br\u00e4ndi:<\/strong> STR\u00d6M<\/li>\n<li class=\" translation-block\"><strong>Kategoria:<\/strong> Tupakattomat nikotiinipussit<\/li>\n<li><strong>Makuvivahteet:<\/strong> Coffee, Caramel, Fudge, Cream, Mint<\/li>\n<li><strong>Nikotiinipitoisuus:<\/strong> 16 mg\/g<\/li>\n<li><strong>Nikotiinivahvuus:<\/strong> \u25c9\u25c9\u25c9\u25ce Extra Strong (strength 3 out of 4)<\/li>\n<li><strong>Valmistaja:<\/strong> Insurgent Ventures II<\/li>\n<li class=\" translation-block\"><strong>Pussiformaatti:<\/strong> Slim<\/li>\n<li><strong>Nikotiinia mg\/pussi:<\/strong> 9.6 mg<\/li>\n<li><strong>Tupakaton:<\/strong> Yes, all STR\u00d6M nicotine pouches are tobacco-free<\/li>\n<li><strong>Pussien M\u00e4\u00e4r\u00e4 Per Purkki:<\/strong> 20 pouches<\/li>\n<li><strong>Ainesosat: <\/strong>Water, oat fibers, filler (E968), polymethacrylic acid, flavors, acidity regulator (E500(i)), sodium chloride, anti-caking agent (E551), nicotine, sweeteners (E950, E955), thickeners (E339(ii), E516), emulsifier (E450(iii)), humectant (E401), preservative (E202).<\/li>\n<li><strong>Paino per annos (grammoina):\u00a0<\/strong>0.625 g<\/li>\n<li><strong>Nettopaino\/purkki:<\/strong> 12.50 g<\/li>\n<li><strong>Maa:<\/strong>\u00a0Ruotsi<\/li>\n<li><strong>Julkaisup\u00e4iv\u00e4m\u00e4\u00e4r\u00e4:<\/strong> Lokakuu 2023<\/li>\n<li><strong>N\u00e4yt\u00e4 lis\u00e4\u00e4 <a href=\"https:\/\/nicotinedeals.com\/fi\/brandi\/strom\/\">STR\u00d6M Nicotine Pouches<\/a><\/strong><\/li>\n<\/ul>\n<div><img decoding=\"async\" class=\"alignnone size-full wp-image-7914\" src=\"https:\/\/nicotinedeals.com\/wp-content\/uploads\/2024\/10\/strom-iced-coffee.png\" alt=\"STR\u00d6M Iced Coffee\" width=\"128\" height=\"128\" srcset=\"https:\/\/nicotinedeals.com\/wp-content\/uploads\/2024\/10\/strom-iced-coffee.png 128w, https:\/\/nicotinedeals.com\/wp-content\/uploads\/2024\/10\/strom-iced-coffee-50x50.png 50w\" sizes=\"(max-width: 128px) 100vw, 128px\" \/><\/div>\n<div><strong>STR\u00d6M Iced Coffee Best Price<\/strong><\/div>\n<div><\/div>\n<div><strong>VAROITUS: T\u00e4m\u00e4 tuote sis\u00e4lt\u00e4\u00e4 nikotiinia. Nikotiini on riippuvuutta aiheuttava aine. +18 \/ +21 Yhdysvalloissa.<\/strong><\/div>","protected":false},"excerpt":{"rendered":"<p><strong>STR\u00d6M Iced Coffee\u00a0<\/strong>has a smooth, rounded coffee flavor blended with hints of caramel, fudge, and cream, finished with a refreshing touch of mint. Each pouch delivers 9.6 mg of nicotine (16 mg\/g), classified as extra strong with a strength level of 3 out of 4 dots. Each can includes 20 slim, tobacco-free pouches.<\/p>","protected":false},"featured_media":8578,"comment_status":"open","ping_status":"closed","template":"","meta":[],"pwb-brand":[392],"product_cat":[19],"product_tag":[192,396,331,70,395,85,394,54,393,41],"brands":[{"id":392,"name":"STR\u00d6M","slug":"strom-nicotine-pouches"}],"_links":{"self":[{"href":"https:\/\/nicotinedeals.com\/fi\/wp-json\/wp\/v2\/product\/7911"}],"collection":[{"href":"https:\/\/nicotinedeals.com\/fi\/wp-json\/wp\/v2\/product"}],"about":[{"href":"https:\/\/nicotinedeals.com\/fi\/wp-json\/wp\/v2\/types\/product"}],"replies":[{"embeddable":true,"href":"https:\/\/nicotinedeals.com\/fi\/wp-json\/wp\/v2\/comments?post=7911"}],"wp:featuredmedia":[{"embeddable":true,"href":"https:\/\/nicotinedeals.com\/fi\/wp-json\/wp\/v2\/media\/8578"}],"wp:attachment":[{"href":"https:\/\/nicotinedeals.com\/fi\/wp-json\/wp\/v2\/media?parent=7911"}],"wp:term":[{"taxonomy":"pwb-brand","embeddable":true,"href":"https:\/\/nicotinedeals.com\/fi\/wp-json\/wp\/v2\/pwb-brand?post=7911"},{"taxonomy":"product_cat","embeddable":true,"href":"https:\/\/nicotinedeals.com\/fi\/wp-json\/wp\/v2\/product_cat?post=7911"},{"taxonomy":"product_tag","embeddable":true,"href":"https:\/\/nicotinedeals.com\/fi\/wp-json\/wp\/v2\/product_tag?post=7911"}],"curies":[{"name":"wp","href":"https:\/\/api.w.org\/{rel}","templated":true}]}}