{"id":8109,"date":"2024-10-29T08:06:26","date_gmt":"2024-10-29T08:06:26","guid":{"rendered":"https:\/\/nicotinedeals.com\/?post_type=product&#038;p=8109"},"modified":"2025-02-13T03:51:22","modified_gmt":"2025-02-13T03:51:22","slug":"strom-fresh-mint","status":"publish","type":"product","link":"https:\/\/nicotinedeals.com\/fi\/tuote\/strom-fresh-mint\/","title":{"rendered":"STR\u00d6M Fresh Mint"},"content":{"rendered":"<h1>STR\u00d6M Fresh Mint<\/h1>\n<p>has a strong fresh peppermint flavour with herbal notes. Medium cooling with long-lasting flavour sensation. Each slim STR\u00d6M pouch delivers 9.6 mg of nicotine (16 mg\/g), classified as extra strong with a strength level of 3 out of 4 dots. Each can of Fresh Mint includes 20 slim, tobacco-free pouches.<\/p>\n<h2><strong>Information about STR\u00d6M Fresh Mint Slim 9.6 mg\/pouch:<\/strong><\/h2>\n<ul>\n<li><strong>Br\u00e4ndi:<\/strong>\u00a0STR\u00d6M<\/li>\n<li class=\" translation-block\"><strong>Kategoria:<\/strong> Tupakattomat nikotiinipussit<\/li>\n<li><strong>Makuvivahteet:<\/strong> Mint, Peppermint, Herbal<\/li>\n<li><strong>Nikotiinipitoisuus:<\/strong>\u00a016 mg\/g<\/li>\n<li><strong>Nikotiinivahvuus:<\/strong>\u00a0\u25c9\u25c9\u25c9\u25ce Extra Strong (strength 3 out of 4)<\/li>\n<li><strong>Valmistaja:<\/strong>\u00a0Insurgent Ventures II<\/li>\n<li class=\" translation-block\"><strong>Pussiformaatti:<\/strong> Slim<\/li>\n<li><strong>Nikotiinia mg\/pussi:<\/strong>\u00a09.6 mg<\/li>\n<li><strong>Tupakaton:<\/strong>\u00a0Yes, all STR\u00d6M nicotine pouches are tobacco-free<\/li>\n<li class=\" translation-block\"><strong>Pusseja t\u00f6lkiss\u00e4:<\/strong> 20 pussia<\/li>\n<li><strong>Ainesosat: <\/strong>Oat fiber, water, sweetener (E968), flavors, acidity regulator (E500), anti-caking agent (E551), nicotine, emulsifier (E401), sweetener (E950), sodium chloride, ammonium chloride (E510), menthol carboxamide, preservative (E202).<\/li>\n<li><strong>Paino per annos (grammoina):\u00a0<\/strong>0.625 g<\/li>\n<li><strong>Nettopaino\/purkki:<\/strong>\u00a012.50 g<\/li>\n<li><strong>Maa:<\/strong>\u00a0Ruotsi<\/li>\n<li><strong>Julkaisup\u00e4iv\u00e4m\u00e4\u00e4r\u00e4:<\/strong> September 2022<\/li>\n<li><strong>N\u00e4yt\u00e4 lis\u00e4\u00e4\u00a0<a href=\"https:\/\/nicotinedeals.com\/fi\/brandi\/strom\/\">STR\u00d6M Nicotine Pouches<\/a><\/strong><\/li>\n<\/ul>\n<div><img decoding=\"async\" class=\"alignnone size-full wp-image-8114\" src=\"https:\/\/nicotinedeals.com\/wp-content\/uploads\/2024\/10\/strom-fresh-mint-.png\" alt=\"STR\u00d6M Fresh Mint can\" width=\"200\" height=\"200\" srcset=\"https:\/\/nicotinedeals.com\/wp-content\/uploads\/2024\/10\/strom-fresh-mint-.png 200w, https:\/\/nicotinedeals.com\/wp-content\/uploads\/2024\/10\/strom-fresh-mint--150x150.png 150w, https:\/\/nicotinedeals.com\/wp-content\/uploads\/2024\/10\/strom-fresh-mint--50x50.png 50w\" sizes=\"(max-width: 200px) 100vw, 200px\" \/><\/div>\n<div><strong>STR\u00d6M Fresh Mint Best Price<\/strong><\/div>\n<div><\/div>\n<div><strong>VAROITUS: T\u00e4m\u00e4 tuote sis\u00e4lt\u00e4\u00e4 nikotiinia. Nikotiini on riippuvuutta aiheuttava aine. +18 \/ +21 Yhdysvalloissa.<\/strong><\/div>","protected":false},"excerpt":{"rendered":"<p><strong>STR\u00d6M Fresh Mint\u00a0<\/strong>has a strong fresh peppermint flavour with herbal notes. Medium cooling with long-lasting flavour sensation. Each STR\u00d6M pouch delivers 9.6 mg of nicotine (16 mg\/g), classified as extra strong with a strength level of 3 out of 4 dots. Each can of Fresh Mint includes 20 slim, tobacco-free pouches.<\/p>","protected":false},"featured_media":8581,"comment_status":"open","ping_status":"closed","template":"","meta":[],"pwb-brand":[392],"product_cat":[19],"product_tag":[192,396,85,50,40,54,397,41],"brands":[{"id":392,"name":"STR\u00d6M","slug":"strom-nicotine-pouches"}],"_links":{"self":[{"href":"https:\/\/nicotinedeals.com\/fi\/wp-json\/wp\/v2\/product\/8109"}],"collection":[{"href":"https:\/\/nicotinedeals.com\/fi\/wp-json\/wp\/v2\/product"}],"about":[{"href":"https:\/\/nicotinedeals.com\/fi\/wp-json\/wp\/v2\/types\/product"}],"replies":[{"embeddable":true,"href":"https:\/\/nicotinedeals.com\/fi\/wp-json\/wp\/v2\/comments?post=8109"}],"wp:featuredmedia":[{"embeddable":true,"href":"https:\/\/nicotinedeals.com\/fi\/wp-json\/wp\/v2\/media\/8581"}],"wp:attachment":[{"href":"https:\/\/nicotinedeals.com\/fi\/wp-json\/wp\/v2\/media?parent=8109"}],"wp:term":[{"taxonomy":"pwb-brand","embeddable":true,"href":"https:\/\/nicotinedeals.com\/fi\/wp-json\/wp\/v2\/pwb-brand?post=8109"},{"taxonomy":"product_cat","embeddable":true,"href":"https:\/\/nicotinedeals.com\/fi\/wp-json\/wp\/v2\/product_cat?post=8109"},{"taxonomy":"product_tag","embeddable":true,"href":"https:\/\/nicotinedeals.com\/fi\/wp-json\/wp\/v2\/product_tag?post=8109"}],"curies":[{"name":"wp","href":"https:\/\/api.w.org\/{rel}","templated":true}]}}