{"id":8414,"date":"2024-11-01T09:42:12","date_gmt":"2024-11-01T09:42:12","guid":{"rendered":"https:\/\/nicotinedeals.com\/?post_type=product&#038;p=8414"},"modified":"2025-02-12T10:01:53","modified_gmt":"2025-02-12T10:01:53","slug":"lundgrens-hostaker","status":"publish","type":"product","link":"https:\/\/nicotinedeals.com\/fi\/tuote\/lundgrens-hostaker\/","title":{"rendered":"Lundgrens H\u00f6st\u00e5ker"},"content":{"rendered":"<h1>Lundgrens H\u00f6st\u00e5ker<\/h1>\n<p>Nikotiinipusseissa on hienovaraisia vivahteita tupakasta ja kuivatuista hedelmist\u00e4. Pussit ovat Normaalikokoisia ja nikotiinivahvuudeltaan keskitason\/vahvoja, vahvuusluokitus 3\/4 pistett\u00e4, ja jokainen pussi sis\u00e4lt\u00e4\u00e4 10 mg nikotiinia. Jokaisessa Lundgrens H\u00f6st\u00e5ker -purkissa on 21 tupakatonta pussia. Lundgrens-nikotiinipussit valmistetaan Ruotsissa.<\/p>\n<h2><strong>Tietoa Lundgrens H\u00f6st\u00e5kerista 10 mg\/pussi<\/strong><\/h2>\n<ul>\n<li><strong>Br\u00e4ndi:<\/strong> Lundgrens<\/li>\n<li class=\" translation-block\"><strong>Kategoria:<\/strong> Tupakattomat nikotiinipussit<\/li>\n<li><strong>Maku:\u00a0<\/strong>Tupakka, Kuivatut hedelm\u00e4t<\/li>\n<li><strong>Nikotiinipitoisuus:<\/strong> 12.5 mg\/g<\/li>\n<li><strong>Nikotiinivahvuus:<\/strong> \u25c9\u25c9\u25c9\u25ce Vahva (vahvuus 3\/4)<\/li>\n<li><strong>Valmistaja:<\/strong> BAT (British American Tobacco)<\/li>\n<li><strong>Pussin Muoto:<\/strong> Regular<\/li>\n<li><strong>Nikotiinia mg\/pussi:\u00a0<\/strong>10 mg<\/li>\n<li><strong>Tupakaton:<\/strong> Kyll\u00e4, Lundgrens All White -nikotiinipussit ovat tupakattomia<\/li>\n<li><strong>Pussien M\u00e4\u00e4r\u00e4 Per Purkki:<\/strong> 21 pussia<\/li>\n<li class=\" translation-block\"><strong>Ainesosat:<\/strong> T\u00e4yteaine (E460), vesi, kasvikuitu, sakeutusaine (E401), aromit, stabilointiaine (E415), suola, happamuudens\u00e4\u00e4t\u00f6aine (E501), nikotiini, makeutusaine (E950).<\/li>\n<li><strong>Paino per annos (grammoina):\u00a0<\/strong>0.80 g<\/li>\n<li><strong>Nettopaino\/purkki:<\/strong> 16.80 g<\/li>\n<li class=\" translation-block\"><strong>Parasta ennen:<\/strong> 12 kuukautta<\/li>\n<li><strong>Julkaisup\u00e4iv\u00e4m\u00e4\u00e4r\u00e4:<\/strong> Lokakuu 2024<\/li>\n<li><strong>Maa:\u00a0<\/strong>Ruotsi<\/li>\n<li><strong>N\u00e4yt\u00e4 lis\u00e4\u00e4<\/strong> <a href=\"https:\/\/nicotinedeals.com\/fi\/brandi\/lundgrens\/\"><strong>Lundgrens Nikotiinipussit<\/strong><\/a><\/li>\n<\/ul>\n<p><img decoding=\"async\" class=\"alignnone size-full wp-image-8417\" src=\"https:\/\/nicotinedeals.com\/wp-content\/uploads\/2024\/11\/lundgrens-hostaker-nicotine-pouches.png\" alt=\"Lundgrens H\u00f6st\u00e5ker nicotine pouch can\" width=\"200\" height=\"200\" srcset=\"https:\/\/nicotinedeals.com\/wp-content\/uploads\/2024\/11\/lundgrens-hostaker-nicotine-pouches.png 200w, https:\/\/nicotinedeals.com\/wp-content\/uploads\/2024\/11\/lundgrens-hostaker-nicotine-pouches-150x150.png 150w, https:\/\/nicotinedeals.com\/wp-content\/uploads\/2024\/11\/lundgrens-hostaker-nicotine-pouches-50x50.png 50w\" sizes=\"(max-width: 200px) 100vw, 200px\" \/><\/p>\n<div><a href=\"https:\/\/nicotinedeals.com\/fi\/lundgrens-h\u00f6st\u00e5ker-best-price\/\"><strong>Lundgrens H\u00f6st\u00e5ker <\/strong><strong>Best Price<\/strong><\/a><\/div>\n<div><\/div>\n<div>Tutustu my\u00f6s n\u00e4ihin Lundgrensin myydyimpiin tuotteisiin.<\/div>\n<div><strong><span style=\"text-decoration: underline;\"><a href=\"https:\/\/nicotinedeals.com\/fi\/tuote\/lundgrens-rimfrost\/\">Lundgrens Rimfromst<\/a><\/span><\/strong><\/div>\n<div><span style=\"text-decoration: underline;\"><a href=\"https:\/\/nicotinedeals.com\/fi\/tuote\/lundgrens-ang\/\"><strong>Lundgrens \u00c4ng<\/strong><\/a><\/span><\/div>\n<div><span style=\"text-decoration: underline;\"><a href=\"https:\/\/nicotinedeals.com\/fi\/tuote\/lundgrens-dunge\/\"><strong>Lundgrens Dunge<\/strong><\/a><\/span><\/div>\n<div><span style=\"text-decoration: underline;\"><a href=\"https:\/\/nicotinedeals.com\/fi\/tuote\/lundgrens-fjallskog\/\"><strong>Lundgrens Fj\u00e4llskog<\/strong><\/a><\/span><\/div>\n<div><strong><span style=\"text-decoration: underline;\">Lundgrens Kv\u00e4llsbris<\/span><\/strong><\/div>\n<div><span style=\"text-decoration: underline;\"><a href=\"https:\/\/nicotinedeals.com\/fi\/tuote\/lundgrens-mork\/\"><strong>Lundgrens M\u00f6rk<\/strong><\/a><\/span><\/div>\n<div><\/div>\n<div><strong>VAROITUS: T\u00e4m\u00e4 tuote sis\u00e4lt\u00e4\u00e4 nikotiinia. Nikotiini on riippuvuutta aiheuttava aine. +18 \/ +21 Yhdysvalloissa.<\/strong><\/div>","protected":false},"excerpt":{"rendered":"<p class=\" translation-block\"><strong>Lundgrens H\u00f6st\u00e5ker<\/strong> nikotiinipussit tarjoavat tasapainoisen maun, jossa on vivahteita tupakasta ja kuivatuista hedelmist\u00e4. Jokainen pussi on <strong>Normaalikokoinen<\/strong>, keskitason vahvuudella (3\/4 pistett\u00e4), ja sis\u00e4lt\u00e4\u00e4 <strong>10 mg<\/strong> nikotiinia. Jokaisessa purkissa on <strong>21<\/strong> tupakatonta pussia, jotka valmistetaan t\u00e4\u00e4ll\u00e4 Ruotsissa.<\/p>","protected":false},"featured_media":8415,"comment_status":"open","ping_status":"closed","template":"","meta":[],"pwb-brand":[47],"product_cat":[19],"product_tag":[92,211,406,405,44,161,145],"brands":[{"id":47,"name":"Lundgrens","slug":"lundgrens"}],"_links":{"self":[{"href":"https:\/\/nicotinedeals.com\/fi\/wp-json\/wp\/v2\/product\/8414"}],"collection":[{"href":"https:\/\/nicotinedeals.com\/fi\/wp-json\/wp\/v2\/product"}],"about":[{"href":"https:\/\/nicotinedeals.com\/fi\/wp-json\/wp\/v2\/types\/product"}],"replies":[{"embeddable":true,"href":"https:\/\/nicotinedeals.com\/fi\/wp-json\/wp\/v2\/comments?post=8414"}],"wp:featuredmedia":[{"embeddable":true,"href":"https:\/\/nicotinedeals.com\/fi\/wp-json\/wp\/v2\/media\/8415"}],"wp:attachment":[{"href":"https:\/\/nicotinedeals.com\/fi\/wp-json\/wp\/v2\/media?parent=8414"}],"wp:term":[{"taxonomy":"pwb-brand","embeddable":true,"href":"https:\/\/nicotinedeals.com\/fi\/wp-json\/wp\/v2\/pwb-brand?post=8414"},{"taxonomy":"product_cat","embeddable":true,"href":"https:\/\/nicotinedeals.com\/fi\/wp-json\/wp\/v2\/product_cat?post=8414"},{"taxonomy":"product_tag","embeddable":true,"href":"https:\/\/nicotinedeals.com\/fi\/wp-json\/wp\/v2\/product_tag?post=8414"}],"curies":[{"name":"wp","href":"https:\/\/api.w.org\/{rel}","templated":true}]}}