{"id":8520,"date":"2024-11-02T08:58:49","date_gmt":"2024-11-02T08:58:49","guid":{"rendered":"https:\/\/nicotinedeals.com\/?post_type=product&#038;p=8520"},"modified":"2024-12-02T17:58:38","modified_gmt":"2024-12-02T17:58:38","slug":"cuba-white-pineapple","status":"publish","type":"product","link":"https:\/\/nicotinedeals.com\/fi\/tuote\/cuba-white-pineapple\/","title":{"rendered":"CUBA White Pineapple"},"content":{"rendered":"<h1>CUBA White Pineapple<\/h1>\n<p>nicotine pouches bring a burst of tropical flavor, blending the natural sweetness and light tang of pineapple. Each slim, tobacco-free pouch has a strong 16 mg nicotine kick, perfect for those craving a taste of the tropics. With 20 pouches per can and crafted by Nicotobacco in Poland, <strong>CUBA White Pineapple<\/strong> is designed to deliver a smooth, satisfying experience for any fan of exotic flavors. Discover the full range of <span style=\"text-decoration: underline;\"><a href=\"https:\/\/nicotinedeals.com\/fi\/brandi\/cuba\/\"><strong>CUBA Nicotine Pouches<\/strong><\/a><\/span> for more tropical-inspired options!<\/p>\n<h2><strong>Information about CUBA White Pineapple 16 mg\/pouch<\/strong><\/h2>\n<ul>\n<li><strong>Br\u00e4ndi:<\/strong>\u00a0CUBA<\/li>\n<li class=\" translation-block\"><strong>Kategoria:<\/strong> Tupakattomat nikotiinipussit<\/li>\n<li><strong>Maku:\u00a0<\/strong>Pineapple<\/li>\n<li><strong>Nikotiinipitoisuus:<\/strong>\u00a024 mg\/g<\/li>\n<li><strong>Nikotiinivahvuus:<\/strong>\u00a0Vahva<\/li>\n<li><strong>Nicotine per can:\u00a0<\/strong>320 mg\/can<\/li>\n<li><strong>Valmistaja:<\/strong>\u00a0Nicotobacco Factory<\/li>\n<li class=\" translation-block\"><strong>Pussiformaatti:<\/strong> Slim<\/li>\n<li><strong>Nikotiinia mg\/pussi:\u00a0<\/strong>16 mg<\/li>\n<li><strong>Tupakaton:<\/strong> Yes, CUBA Pineapple White nicotine pouches are tobacco-free<\/li>\n<li class=\" translation-block\"><strong>Pusseja t\u00f6lkiss\u00e4:<\/strong> 20 pussia<\/li>\n<li><strong>Ainesosat:\u00a0<\/strong>Cellulose (E460), humectant (E1520), sweetener (E955), flavoring, water, salt, nicotine, and acidity regulator (E500).<\/li>\n<li><strong>Paino per annos (grammoina):\u00a0<\/strong>0.60 g<\/li>\n<li><strong>Nettopaino\/purkki:<\/strong>\u00a013 g<\/li>\n<li class=\" translation-block\"><strong>Parasta ennen:<\/strong> 12 kuukautta<\/li>\n<li><strong>Maa:\u00a0<\/strong>Poland<\/li>\n<li><strong>N\u00e4yt\u00e4 lis\u00e4\u00e4<\/strong>\u00a0<a href=\"https:\/\/nicotinedeals.com\/fi\/brandi\/cuba\/\"><strong>CUBA Nicotine Pouches<\/strong><\/a><\/li>\n<\/ul>\n<div><strong><img decoding=\"async\" class=\"alignnone size-full wp-image-8522\" src=\"https:\/\/nicotinedeals.com\/wp-content\/uploads\/2024\/11\/cuba-white-pineapple-.png\" alt=\"CUBA Pineapple White\" width=\"200\" height=\"200\" srcset=\"https:\/\/nicotinedeals.com\/wp-content\/uploads\/2024\/11\/cuba-white-pineapple-.png 200w, https:\/\/nicotinedeals.com\/wp-content\/uploads\/2024\/11\/cuba-white-pineapple--150x150.png 150w, https:\/\/nicotinedeals.com\/wp-content\/uploads\/2024\/11\/cuba-white-pineapple--50x50.png 50w\" sizes=\"(max-width: 200px) 100vw, 200px\" \/><\/strong><\/div>\n<div><strong>CUBA Pineapple Best Price<\/strong><\/div>\n<div><\/div>\n<div><strong>VAROITUS: T\u00e4m\u00e4 tuote sis\u00e4lt\u00e4\u00e4 nikotiinia. Nikotiini on riippuvuutta aiheuttava aine. +18 \/ +21 Yhdysvalloissa.<\/strong><\/div>","protected":false},"excerpt":{"rendered":"<p><strong>CUBA White Pineapple <\/strong>16 mg nicotine, slim, and tobacco-free. Each can includes 20 pouches of tropical pineapple flavor, crafted by Nicotobacco Factory.<\/p>\n<p><a class=\"button\" href=\"https:\/\/nicotinedeals.com\/fi\/cuba-white-pineapple-best-price\/\">Click for Best Price | Americas &amp; Caribbean<\/a><\/p>","protected":false},"featured_media":8521,"comment_status":"open","ping_status":"closed","template":"","meta":[],"pwb-brand":[310],"product_cat":[19],"product_tag":[408,192,414,85,81,108,54,41],"brands":[{"id":310,"name":"CUBA","slug":"cuba"}],"_links":{"self":[{"href":"https:\/\/nicotinedeals.com\/fi\/wp-json\/wp\/v2\/product\/8520"}],"collection":[{"href":"https:\/\/nicotinedeals.com\/fi\/wp-json\/wp\/v2\/product"}],"about":[{"href":"https:\/\/nicotinedeals.com\/fi\/wp-json\/wp\/v2\/types\/product"}],"replies":[{"embeddable":true,"href":"https:\/\/nicotinedeals.com\/fi\/wp-json\/wp\/v2\/comments?post=8520"}],"wp:featuredmedia":[{"embeddable":true,"href":"https:\/\/nicotinedeals.com\/fi\/wp-json\/wp\/v2\/media\/8521"}],"wp:attachment":[{"href":"https:\/\/nicotinedeals.com\/fi\/wp-json\/wp\/v2\/media?parent=8520"}],"wp:term":[{"taxonomy":"pwb-brand","embeddable":true,"href":"https:\/\/nicotinedeals.com\/fi\/wp-json\/wp\/v2\/pwb-brand?post=8520"},{"taxonomy":"product_cat","embeddable":true,"href":"https:\/\/nicotinedeals.com\/fi\/wp-json\/wp\/v2\/product_cat?post=8520"},{"taxonomy":"product_tag","embeddable":true,"href":"https:\/\/nicotinedeals.com\/fi\/wp-json\/wp\/v2\/product_tag?post=8520"}],"curies":[{"name":"wp","href":"https:\/\/api.w.org\/{rel}","templated":true}]}}