{"id":8538,"date":"2024-11-02T13:12:09","date_gmt":"2024-11-02T13:12:09","guid":{"rendered":"https:\/\/nicotinedeals.com\/?post_type=product&#038;p=8538"},"modified":"2024-12-16T07:35:47","modified_gmt":"2024-12-16T07:35:47","slug":"cuba-white-forest-berries","status":"publish","type":"product","link":"https:\/\/nicotinedeals.com\/fi\/tuote\/cuba-white-forest-berries\/","title":{"rendered":"CUBA White Forest Berries"},"content":{"rendered":"<div id=\"product-8440\" class=\"product type-product post-8440 status-publish first instock product_cat-nicotine-pouches product_tag-16-mg product_tag-20-pouches product_tag-cuba-white-watermelon product_tag-extra-strong product_tag-fruit product_tag-slim product_tag-strong product_tag-watermelon has-post-thumbnail shipping-taxable product-type-external ct-default-gallery\">\n<div class=\"woocommerce-tabs wc-tabs-wrapper\" data-type=\"type-2:center\">\n<article>\n<div id=\"tab-description\" class=\"woocommerce-Tabs-panel woocommerce-Tabs-panel--description panel entry-content wc-tab\" role=\"tabpanel\" aria-labelledby=\"tab-title-description\">\n<h1>CUBA White Forest Berries<\/h1>\n<p>These 16 mg tobacco-free nicotine pouches bring the taste of wild forest berries with a perfect balance of sweet and tangy notes. Each slim, discreet pouch is designed for a smooth experience with no tobacco. Made by Nicotobacco, CUBA Forest Berries White comes in a can of 20 slim portions, crafted to be a refreshing choice for berry lovers. Discover a unique berry flavor in every pouch!<\/p>\n<h2><strong>Information about CUBA White Forest Berries 16 mg\/pouch<\/strong><\/h2>\n<ul>\n<li><strong>Br\u00e4ndi:<\/strong>\u00a0CUBA<\/li>\n<li class=\" translation-block\"><strong>Kategoria:<\/strong> Tupakattomat nikotiinipussit<\/li>\n<li><strong>Maku:\u00a0<\/strong>Marjat<\/li>\n<li><strong>Nikotiinipitoisuus:<\/strong>\u00a024 mg\/g<\/li>\n<li><strong>Nikotiinivahvuus:<\/strong>\u00a0Vahva<\/li>\n<li><strong>Nicotine per can:\u00a0<\/strong>320 mg\/can<\/li>\n<li><strong>Valmistaja:<\/strong>\u00a0Nicotobacco Factory<\/li>\n<li class=\" translation-block\"><strong>Pussiformaatti:<\/strong> Slim<\/li>\n<li><strong>Nikotiinia mg\/pussi:\u00a0<\/strong>16 mg<\/li>\n<li><strong>Tupakaton:<\/strong>\u00a0Yes, CUBA White nicotine pouches are tobacco-free<\/li>\n<li class=\" translation-block\"><strong>Pusseja t\u00f6lkiss\u00e4:<\/strong> 20 pussia<\/li>\n<li><strong>Ainesosat:\u00a0<\/strong>Cellulose (E460), humectant (E1520), sweetener (E955), flavoring, water, salt, nicotine, and acidity regulator (E500).<\/li>\n<li><strong>Paino per annos (grammoina):\u00a0<\/strong>0.60 g<\/li>\n<li><strong>Nettopaino\/purkki:<\/strong>\u00a013 g<\/li>\n<li class=\" translation-block\"><strong>Parasta ennen:<\/strong> 12 kuukautta<\/li>\n<li><strong>Maa:\u00a0<\/strong>Poland<\/li>\n<li><strong>N\u00e4yt\u00e4 lis\u00e4\u00e4<\/strong>\u00a0<a href=\"https:\/\/nicotinedeals.com\/fi\/brandi\/cuba\/\"><strong>CUBA Nicotine Pouches<\/strong><\/a><\/li>\n<\/ul>\n<div><img decoding=\"async\" class=\"alignnone size-full wp-image-8542\" src=\"https:\/\/nicotinedeals.com\/wp-content\/uploads\/2024\/11\/cuba-white-forest-berries-.png\" alt=\"CUBA White Forest Berries can nicotine pouches\" width=\"200\" height=\"200\" srcset=\"https:\/\/nicotinedeals.com\/wp-content\/uploads\/2024\/11\/cuba-white-forest-berries-.png 200w, https:\/\/nicotinedeals.com\/wp-content\/uploads\/2024\/11\/cuba-white-forest-berries--150x150.png 150w, https:\/\/nicotinedeals.com\/wp-content\/uploads\/2024\/11\/cuba-white-forest-berries--50x50.png 50w\" sizes=\"(max-width: 200px) 100vw, 200px\" \/><\/div>\n<div><strong>CUBA Forest Berries Best Price<\/strong><\/div>\n<div><\/div>\n<div><strong>VAROITUS: T\u00e4m\u00e4 tuote sis\u00e4lt\u00e4\u00e4 nikotiinia. Nikotiini on riippuvuutta aiheuttava aine. +18 \/ +21 Yhdysvalloissa.<\/strong><\/div>\n<\/div>\n<\/article>\n<\/div>\n<\/div>","protected":false},"excerpt":{"rendered":"<p><strong>CUBA White Forest Berries<\/strong> Enjoy 16 mg tobacco-free nicotine pouches with a balanced, wild berry flavor. Each can has 20 slim, discreet pouches for a smooth, refreshing experience.<\/p>\n<p><a class=\"button\" href=\"https:\/\/nicotinedeals.com\/fi\/cuba-white-forest-berries-best-price\/\">Click for Best Price | Americas &amp; Caribbean<\/a><\/p>","protected":false},"featured_media":8541,"comment_status":"open","ping_status":"closed","template":"","meta":[],"pwb-brand":[310],"product_cat":[19],"product_tag":[408,192,117,417,85,54],"brands":[{"id":310,"name":"CUBA","slug":"cuba"}],"_links":{"self":[{"href":"https:\/\/nicotinedeals.com\/fi\/wp-json\/wp\/v2\/product\/8538"}],"collection":[{"href":"https:\/\/nicotinedeals.com\/fi\/wp-json\/wp\/v2\/product"}],"about":[{"href":"https:\/\/nicotinedeals.com\/fi\/wp-json\/wp\/v2\/types\/product"}],"replies":[{"embeddable":true,"href":"https:\/\/nicotinedeals.com\/fi\/wp-json\/wp\/v2\/comments?post=8538"}],"wp:featuredmedia":[{"embeddable":true,"href":"https:\/\/nicotinedeals.com\/fi\/wp-json\/wp\/v2\/media\/8541"}],"wp:attachment":[{"href":"https:\/\/nicotinedeals.com\/fi\/wp-json\/wp\/v2\/media?parent=8538"}],"wp:term":[{"taxonomy":"pwb-brand","embeddable":true,"href":"https:\/\/nicotinedeals.com\/fi\/wp-json\/wp\/v2\/pwb-brand?post=8538"},{"taxonomy":"product_cat","embeddable":true,"href":"https:\/\/nicotinedeals.com\/fi\/wp-json\/wp\/v2\/product_cat?post=8538"},{"taxonomy":"product_tag","embeddable":true,"href":"https:\/\/nicotinedeals.com\/fi\/wp-json\/wp\/v2\/product_tag?post=8538"}],"curies":[{"name":"wp","href":"https:\/\/api.w.org\/{rel}","templated":true}]}}