{"id":8543,"date":"2024-11-02T13:35:35","date_gmt":"2024-11-02T13:35:35","guid":{"rendered":"https:\/\/nicotinedeals.com\/?post_type=product&#038;p=8543"},"modified":"2025-02-05T06:21:12","modified_gmt":"2025-02-05T06:21:12","slug":"cuba-ninja-energy","status":"publish","type":"product","link":"https:\/\/nicotinedeals.com\/fi\/tuote\/cuba-ninja-energy\/","title":{"rendered":"CUBA Ninja Energy"},"content":{"rendered":"<h1>CUBA Ninja Energy<\/h1>\n<p>nicotine pouches deliver a bold, energizing flavor inspired by your favorite energy drinks. With 16.5 mg of nicotine in each slim, tobacco-free pouch, you\u2019ll experience a refreshing blend of citrus and herbal notes for up to 30 minutes. Crafted by Nicotobacco in Poland, each can contains 25 pouches designed for a smooth and invigorating experience. Perfect for those who need an extra boost, <strong>CUBA Ninja Energy<\/strong> is a top pick for an energetic twist!<\/p>\n<h2><strong>Information about CUBA Ninja Energy 16.5 mg\/pouch<\/strong><\/h2>\n<ul>\n<li><strong>Br\u00e4ndi:<\/strong>\u00a0CUBA<\/li>\n<li class=\" translation-block\"><strong>Kategoria:<\/strong> Tupakattomat nikotiinipussit<\/li>\n<li><strong>Maku:\u00a0<\/strong>Energy drink<\/li>\n<li><strong>Nikotiinipitoisuus:<\/strong> 31.5 mg\/g<\/li>\n<li><strong>Nikotiinivahvuus:<\/strong> \u00a0\u25c9\u25c9\u25c9\u25c9 Extra Strong (4 out of 4)<\/li>\n<li><strong>Nicotine per can:\u00a0<\/strong>412.5 mg\/can<\/li>\n<li><strong>Valmistaja:<\/strong>\u00a0Nicotobacco Factory<\/li>\n<li class=\" translation-block\"><strong>Pussiformaatti:<\/strong> Slim<\/li>\n<li><strong>Nikotiinia mg\/pussi:\u00a0<\/strong>16.5 mg<\/li>\n<li><strong>Tupakaton:<\/strong> Yes, CUBA Ninja nicotine pouches are tobacco-free<\/li>\n<li><strong>Pussien M\u00e4\u00e4r\u00e4 Per Purkki:<\/strong> 25 pouches<\/li>\n<li><strong>Ainesosat:\u00a0<\/strong>Cellulose (E460), humectant (E1520), sweetener (E955), flavoring, water, salt, nicotine, and acidity regulator (E500).<\/li>\n<li><strong>Paino per annos (grammoina):\u00a0<\/strong>0.52 g<\/li>\n<li><strong>Nettopaino\/purkki:<\/strong>\u00a013 g<\/li>\n<li class=\" translation-block\"><strong>Parasta ennen:<\/strong> 12 kuukautta<\/li>\n<li><strong>Maa:\u00a0<\/strong>Poland<\/li>\n<li><strong>N\u00e4yt\u00e4 lis\u00e4\u00e4<\/strong>\u00a0<a href=\"https:\/\/nicotinedeals.com\/fi\/brandi\/cuba\/\"><strong>CUBA Nicotine Pouches<\/strong><\/a><\/li>\n<\/ul>\n<div><img decoding=\"async\" class=\"alignnone size-full wp-image-8547\" src=\"https:\/\/nicotinedeals.com\/wp-content\/uploads\/2024\/11\/cuba-ninja-energy-.png\" alt=\"CUBA Ninja Energy nicotine pouch can\" width=\"200\" height=\"200\" srcset=\"https:\/\/nicotinedeals.com\/wp-content\/uploads\/2024\/11\/cuba-ninja-energy-.png 200w, https:\/\/nicotinedeals.com\/wp-content\/uploads\/2024\/11\/cuba-ninja-energy--150x150.png 150w, https:\/\/nicotinedeals.com\/wp-content\/uploads\/2024\/11\/cuba-ninja-energy--50x50.png 50w\" sizes=\"(max-width: 200px) 100vw, 200px\" \/><\/div>\n<div><strong>CUBA Energy Ninja Best Price<\/strong><\/div>\n<div><\/div>\n<div><strong>VAROITUS: T\u00e4m\u00e4 tuote sis\u00e4lt\u00e4\u00e4 nikotiinia. Nikotiini on riippuvuutta aiheuttava aine. +18 \/ +21 Yhdysvalloissa.<\/strong><\/div>","protected":false},"excerpt":{"rendered":"<p><strong>CUBA Ninja Energy <\/strong>16.5 mg nicotine, slim, tobacco-free pouches with an energy drink flavor. Each can has 25 pouches for a refreshing boost on the go!<\/p>\n<p><a class=\"button\" href=\"https:\/\/nicotinedeals.com\/fi\/cuba-ninja-energy-best-price\/\">Click for Best Price | Americas &amp; Caribbean<\/a><\/p>","protected":false},"featured_media":8546,"comment_status":"open","ping_status":"closed","template":"","meta":[],"pwb-brand":[310],"product_cat":[19],"product_tag":[411,418,419,85,54],"brands":[{"id":310,"name":"CUBA","slug":"cuba"}],"_links":{"self":[{"href":"https:\/\/nicotinedeals.com\/fi\/wp-json\/wp\/v2\/product\/8543"}],"collection":[{"href":"https:\/\/nicotinedeals.com\/fi\/wp-json\/wp\/v2\/product"}],"about":[{"href":"https:\/\/nicotinedeals.com\/fi\/wp-json\/wp\/v2\/types\/product"}],"replies":[{"embeddable":true,"href":"https:\/\/nicotinedeals.com\/fi\/wp-json\/wp\/v2\/comments?post=8543"}],"wp:featuredmedia":[{"embeddable":true,"href":"https:\/\/nicotinedeals.com\/fi\/wp-json\/wp\/v2\/media\/8546"}],"wp:attachment":[{"href":"https:\/\/nicotinedeals.com\/fi\/wp-json\/wp\/v2\/media?parent=8543"}],"wp:term":[{"taxonomy":"pwb-brand","embeddable":true,"href":"https:\/\/nicotinedeals.com\/fi\/wp-json\/wp\/v2\/pwb-brand?post=8543"},{"taxonomy":"product_cat","embeddable":true,"href":"https:\/\/nicotinedeals.com\/fi\/wp-json\/wp\/v2\/product_cat?post=8543"},{"taxonomy":"product_tag","embeddable":true,"href":"https:\/\/nicotinedeals.com\/fi\/wp-json\/wp\/v2\/product_tag?post=8543"}],"curies":[{"name":"wp","href":"https:\/\/api.w.org\/{rel}","templated":true}]}}