{"id":8591,"date":"2024-11-02T19:57:56","date_gmt":"2024-11-02T19:57:56","guid":{"rendered":"https:\/\/nicotinedeals.com\/?post_type=product&#038;p=8591"},"modified":"2025-10-14T05:43:55","modified_gmt":"2025-10-14T05:43:55","slug":"killa-banana-ice","status":"publish","type":"product","link":"https:\/\/nicotinedeals.com\/fi\/tuote\/killa-banana-ice\/","title":{"rendered":"KILLA Banana Ice"},"content":{"rendered":"<h1>KILLA Banana Ice<\/h1>\n<p>is a nicotine pouch that delivers an icy sensation with a banana flavor. The nicotine strength is extra strong, containing 12.8 mg of nicotine per pouch and a total nicotine content of 16 mg\/g. KILLA is a Danish, tobacco-free, all-white pouch that comes with 20 slim pouches per can.<\/p>\n<h2><strong>Information about KILLA Banana Ice 12.8 mg nicotine\/pouch:<\/strong><\/h2>\n<ul>\n<li><strong>Br\u00e4ndi:<\/strong>\u00a0KILLA<\/li>\n<li class=\" translation-block\"><strong>Kategoria:<\/strong> Tupakattomat nikotiinipussit<\/li>\n<li><strong>Makuvivahteet:<\/strong> Banana<\/li>\n<li><strong>Nikotiinipitoisuus:<\/strong>\u00a016 mg\/g<\/li>\n<li><strong>Nikotiinivahvuus:<\/strong>\u00a0Eritt\u00e4in Vahva<\/li>\n<li><strong>Valmistaja:<\/strong>\u00a0N.G.P. Europe<\/li>\n<li class=\" translation-block\"><strong>Pussiformaatti:<\/strong> Slim<\/li>\n<li><strong>Nikotiinia mg\/pussi:\u00a0<\/strong>12.8 mg<\/li>\n<li><strong>Paino per annos (grammoina):\u00a0<\/strong>0.80 g<\/li>\n<li><strong>Tupakaton:<\/strong>\u00a0Yes, KILLA nicotine pouches are tobacco-free<\/li>\n<li class=\" translation-block\"><strong>Pusseja t\u00f6lkiss\u00e4:<\/strong> 20 pussia<\/li>\n<li><strong>Ainesosat:<\/strong>\u00a0(\u0415460) cellulose, (\u0415501) pH-adjustment, (E1520) humectant, nicotine, flavoring, water, preservative.<\/li>\n<li><strong>Maa:\u00a0\u00a0<\/strong>Denmark<\/li>\n<li><strong>N\u00e4yt\u00e4 lis\u00e4\u00e4<\/strong>\u00a0<strong><a href=\"https:\/\/nicotinedeals.com\/fi\/brandi\/killa\/\">KILLA Nicotine Pouches<\/a><\/strong><\/li>\n<li><strong>Expiration date:\u00a0<\/strong>12 kuukautta<\/li>\n<\/ul>\n<div>\n<p><strong>KILLA Banana Ice Pouches Best Price<\/strong><\/p>\n<p><img decoding=\"async\" class=\"alignnone size-full wp-image-8592\" src=\"https:\/\/nicotinedeals.com\/wp-content\/uploads\/2024\/11\/killa-banana-ice-nicotine-pouches.png\" alt=\"KILLA Banana Ice\" width=\"200\" height=\"200\" srcset=\"https:\/\/nicotinedeals.com\/wp-content\/uploads\/2024\/11\/killa-banana-ice-nicotine-pouches.png 200w, https:\/\/nicotinedeals.com\/wp-content\/uploads\/2024\/11\/killa-banana-ice-nicotine-pouches-150x150.png 150w, https:\/\/nicotinedeals.com\/wp-content\/uploads\/2024\/11\/killa-banana-ice-nicotine-pouches-50x50.png 50w\" sizes=\"(max-width: 200px) 100vw, 200px\" \/><\/p>\n<p><strong>WARNING: This product contains nicotine. Nicotine is an addictive chemical. +18 \/ +21 in the US.<\/strong><\/p>\n<\/div>","protected":false},"excerpt":{"rendered":"<p><strong>KILLA Banana Ice\u00a0<\/strong>is a fan-favorite nicotine pouch delivering a unique mix of sweet banana with cool ice finish. 12.8 mg of nicotine per pouch. 20 slim tobacco-free pouches in each can.<\/p>\n<p><a class=\"button\" href=\"https:\/\/nicotinedeals.com\/fi\/killa-banana-ice-best-price\/\">Click for Best Price | Americas &amp; Caribbean<\/a><\/p>","protected":false},"featured_media":8593,"comment_status":"open","ping_status":"closed","template":"","meta":[],"pwb-brand":[172],"product_cat":[19],"product_tag":[175,192,422,85,81,421,54],"brands":[{"id":172,"name":"KILLA","slug":"killa"}],"_links":{"self":[{"href":"https:\/\/nicotinedeals.com\/fi\/wp-json\/wp\/v2\/product\/8591"}],"collection":[{"href":"https:\/\/nicotinedeals.com\/fi\/wp-json\/wp\/v2\/product"}],"about":[{"href":"https:\/\/nicotinedeals.com\/fi\/wp-json\/wp\/v2\/types\/product"}],"replies":[{"embeddable":true,"href":"https:\/\/nicotinedeals.com\/fi\/wp-json\/wp\/v2\/comments?post=8591"}],"wp:featuredmedia":[{"embeddable":true,"href":"https:\/\/nicotinedeals.com\/fi\/wp-json\/wp\/v2\/media\/8593"}],"wp:attachment":[{"href":"https:\/\/nicotinedeals.com\/fi\/wp-json\/wp\/v2\/media?parent=8591"}],"wp:term":[{"taxonomy":"pwb-brand","embeddable":true,"href":"https:\/\/nicotinedeals.com\/fi\/wp-json\/wp\/v2\/pwb-brand?post=8591"},{"taxonomy":"product_cat","embeddable":true,"href":"https:\/\/nicotinedeals.com\/fi\/wp-json\/wp\/v2\/product_cat?post=8591"},{"taxonomy":"product_tag","embeddable":true,"href":"https:\/\/nicotinedeals.com\/fi\/wp-json\/wp\/v2\/product_tag?post=8591"}],"curies":[{"name":"wp","href":"https:\/\/api.w.org\/{rel}","templated":true}]}}