{"id":9013,"date":"2024-11-05T18:58:36","date_gmt":"2024-11-05T18:58:36","guid":{"rendered":"https:\/\/nicotinedeals.com\/?post_type=product&#038;p=9013"},"modified":"2026-03-21T15:15:30","modified_gmt":"2026-03-21T15:15:30","slug":"velo-mclaren-limited-edition","status":"publish","type":"product","link":"https:\/\/nicotinedeals.com\/fi\/tuote\/velo-mclaren-limited-edition\/","title":{"rendered":"VELO McLaren Limited Edition"},"content":{"rendered":"<h1>VELO McLaren Limited Edition 10.9 mg<\/h1>\n<p>offers a refreshing peppermint and menthol flavor with a cooling effect in a slim format. Each pouch contains 10.9 mg of nicotine per pouch and 20 tobacco-free pouches in each can. McLaren is a design collaboration with the McLaren Formula 1 Team.<\/p>\n<h2><strong>Information about VELO McLaren Limited Edition 10.9 mg\/pouch:<\/strong><\/h2>\n<ul>\n<li><strong>Br\u00e4ndi:<\/strong>\u00a0VELO<\/li>\n<li class=\" translation-block\"><strong>Kategoria:<\/strong> Tupakattomat nikotiinipussit<\/li>\n<li><strong>Makuvivahteet:<\/strong> Peppermint, Menthol<\/li>\n<li><strong>Nikotiinipitoisuus:<\/strong> 15.6 mg\/g<\/li>\n<li><strong>Nikotiinivahvuus:<\/strong> Eritt\u00e4in Vahva<\/li>\n<li><strong>Valmistaja:<\/strong>\u00a0British American Tobacco (BAT)<\/li>\n<li class=\" translation-block\"><strong>Pussiformaatti:<\/strong> Slim<\/li>\n<li><strong>Nikotiinia mg\/pussi:<\/strong>\u00a0 14 mg<\/li>\n<li><strong>Tupakaton:<\/strong>\u00a0Yes, all VELO nicotine pouches are tobacco-free<\/li>\n<li class=\" translation-block\"><strong>Pusseja t\u00f6lkiss\u00e4:<\/strong> 20 pussia<\/li>\n<li class=\" translation-block\"><strong>Ainesosat:<\/strong> Vesi, t\u00e4yteaine (E460), makuaineen tehostaja (p\u00f6yt\u00e4suola), happamuuden s\u00e4\u00e4telij\u00e4 (E524), ksylitoli (E967), nikotiini, nikotiinipolakrileksi, maut, ammoniumkloridi, happamuuden s\u00e4\u00e4telij\u00e4 (E500), makeutusaine<\/li>\n<li><strong>Paino per annos (grammoina):\u00a0<\/strong>0.70 g<\/li>\n<li><strong>Nettopaino\/purkki:<\/strong>\u00a014 g<\/li>\n<li><strong>Julkaisup\u00e4iv\u00e4m\u00e4\u00e4r\u00e4:<\/strong> Lokakuu 2024<\/li>\n<li><strong>N\u00e4yt\u00e4 lis\u00e4\u00e4<\/strong>\u00a0<strong><a href=\"https:\/\/nicotinedeals.com\/fi\/brandi\/velo\/\">VELO Nicotine Pouches<\/a><\/strong><\/li>\n<\/ul>\n<div><img decoding=\"async\" class=\"alignnone size-full wp-image-9015\" src=\"https:\/\/nicotinedeals.com\/wp-content\/uploads\/2024\/11\/velo-mclaren.png\" alt=\"VELO McLaren nicotine pouches\" width=\"200\" height=\"200\" srcset=\"https:\/\/nicotinedeals.com\/wp-content\/uploads\/2024\/11\/velo-mclaren.png 200w, https:\/\/nicotinedeals.com\/wp-content\/uploads\/2024\/11\/velo-mclaren-150x150.png 150w, https:\/\/nicotinedeals.com\/wp-content\/uploads\/2024\/11\/velo-mclaren-50x50.png 50w\" sizes=\"(max-width: 200px) 100vw, 200px\" \/><\/div>\n<div><\/div>\n<div>\n<div><strong>VELO McLaren Best Price<\/strong><\/div>\n<\/div>\n<div><\/div>\n<div>\n<div><strong>WARNING: This product contains nicotine. Nicotine is an addictive chemical. + 18 \/ +21 in the US<\/strong><\/div>\n<\/div>","protected":false},"excerpt":{"rendered":"<p><strong>VELO McLaren Limited Edition<\/strong> | 10.9 mg of nicotine per pouch | 20 slim pouches in each can | VELO McLaren is a limited edition design in collaboration with the McLaren Formula 1 Team. The flavor is Mighty Peppermint, where peppermint meets menthol for an intensely cooling effect. This product is 100% tobacco-free.<\/p>","protected":false},"featured_media":9014,"comment_status":"open","ping_status":"closed","template":"","meta":[],"pwb-brand":[36],"product_cat":[19],"product_tag":[192,85,53,40,54,431],"brands":[{"id":36,"name":"VELO","slug":"velo"}],"_links":{"self":[{"href":"https:\/\/nicotinedeals.com\/fi\/wp-json\/wp\/v2\/product\/9013"}],"collection":[{"href":"https:\/\/nicotinedeals.com\/fi\/wp-json\/wp\/v2\/product"}],"about":[{"href":"https:\/\/nicotinedeals.com\/fi\/wp-json\/wp\/v2\/types\/product"}],"replies":[{"embeddable":true,"href":"https:\/\/nicotinedeals.com\/fi\/wp-json\/wp\/v2\/comments?post=9013"}],"wp:featuredmedia":[{"embeddable":true,"href":"https:\/\/nicotinedeals.com\/fi\/wp-json\/wp\/v2\/media\/9014"}],"wp:attachment":[{"href":"https:\/\/nicotinedeals.com\/fi\/wp-json\/wp\/v2\/media?parent=9013"}],"wp:term":[{"taxonomy":"pwb-brand","embeddable":true,"href":"https:\/\/nicotinedeals.com\/fi\/wp-json\/wp\/v2\/pwb-brand?post=9013"},{"taxonomy":"product_cat","embeddable":true,"href":"https:\/\/nicotinedeals.com\/fi\/wp-json\/wp\/v2\/product_cat?post=9013"},{"taxonomy":"product_tag","embeddable":true,"href":"https:\/\/nicotinedeals.com\/fi\/wp-json\/wp\/v2\/product_tag?post=9013"}],"curies":[{"name":"wp","href":"https:\/\/api.w.org\/{rel}","templated":true}]}}