{"id":9487,"date":"2024-11-16T09:06:41","date_gmt":"2024-11-16T09:06:41","guid":{"rendered":"https:\/\/nicotinedeals.com\/?post_type=product&#038;p=9487"},"modified":"2025-12-15T23:30:41","modified_gmt":"2025-12-15T23:30:41","slug":"puff-pouch-cherry-8-mg","status":"publish","type":"product","link":"https:\/\/nicotinedeals.com\/fi\/tuote\/puff-pouch-cherry-8-mg\/","title":{"rendered":"Puff &#038; Pouch Cherry 8 mg"},"content":{"rendered":"<h1>Puff &amp; Pouch Cherry 8 mg<\/h1>\n<p>has a cherry ice flavor with 8 mg of nicotine in each all-white pouch. The strength level is 3 out of 5 (strong). There are 20 slim pouches in each can. Puff &amp; Pouch Cherry is made in Finland and is a 100% tobacco-free product. Check out this bestselling frozen cherry sensation!<\/p>\n<h2><strong>Information about Puff &amp; Pouch Cherry 8 mg:<\/strong><\/h2>\n<ul>\n<li><strong>Br\u00e4ndi:<\/strong> Puff &amp; Pouch<\/li>\n<li class=\" translation-block\"><strong>Kategoria:<\/strong> Tupakattomat nikotiinipussit<\/li>\n<li><strong>Makuvivahteet:<\/strong> Kirsikka<\/li>\n<li><strong>Nikotiinipitoisuus:<\/strong> 16 mg\/g<\/li>\n<li><strong>Nikotiinivahvuus:<\/strong> Strong \u25c9\u25c9\u25c9\u25ce\u25ce (strength 3 out of 5)<\/li>\n<li><strong>Valmistaja:<\/strong> Puff &amp; Pouch<\/li>\n<li class=\" translation-block\"><strong>Pussiformaatti:<\/strong> Slim<\/li>\n<li><strong>Nikotiinia mg\/pussi:<\/strong> 8 mg<\/li>\n<li><strong>Tupakaton:<\/strong> Yes, Puff &amp; Pouch Cherry nicotine pouches are tobacco-free<\/li>\n<li><strong>Pussien M\u00e4\u00e4r\u00e4 Per Purkki:<\/strong> 20 pouches<\/li>\n<li><strong>Ainesosat: <\/strong>Cellulose (E460), water, natural flavorings, glycerol (E422), humectant (E1520), nicotine (1.6%), salt, sweetener (E955), citric acid (E330)<\/li>\n<li><strong>Paino per annos (grammoina):\u00a0<\/strong>0.50 g<\/li>\n<li><strong>Nettopaino\/purkki:\u00a0<\/strong>15 g<\/li>\n<li><strong>Maa:\u00a0<\/strong>Suomi<\/li>\n<li><strong>N\u00e4yt\u00e4 lis\u00e4\u00e4\u00a0<a href=\"https:\/\/nicotinedeals.com\/fi\/brandi\/puff-and-pouch\/\">Puff &amp; Pouch Nicotine Pouches<\/a><\/strong><\/li>\n<\/ul>\n<p><img decoding=\"async\" class=\"alignnone size-full wp-image-9489\" src=\"https:\/\/nicotinedeals.com\/wp-content\/uploads\/2024\/11\/puff-and-pouch-cherry-8-mg.png\" alt=\"Puff &amp; Pouch Cherry nicotine pouch\" width=\"200\" height=\"200\" srcset=\"https:\/\/nicotinedeals.com\/wp-content\/uploads\/2024\/11\/puff-and-pouch-cherry-8-mg.png 200w, https:\/\/nicotinedeals.com\/wp-content\/uploads\/2024\/11\/puff-and-pouch-cherry-8-mg-150x150.png 150w, https:\/\/nicotinedeals.com\/wp-content\/uploads\/2024\/11\/puff-and-pouch-cherry-8-mg-12x12.png 12w, https:\/\/nicotinedeals.com\/wp-content\/uploads\/2024\/11\/puff-and-pouch-cherry-8-mg-50x50.png 50w\" sizes=\"(max-width: 200px) 100vw, 200px\" \/><\/p>\n<div><b>Puff &amp; Pouch Cherry Best price online<\/b><\/div>\n<div><\/div>\n<div><strong>VAROITUS: T\u00e4m\u00e4 tuote sis\u00e4lt\u00e4\u00e4 nikotiinia. Nikotiini on riippuvuutta aiheuttava aine. +18 \/ +21 Yhdysvalloissa.<\/strong><\/div>","protected":false},"excerpt":{"rendered":"<p><strong>Puff &amp; Pouch Cherry 8 mg <\/strong>irresistible taste of ice cherry with 8 mg of nicotine per pouch. Each can contains 20 slim tobacco-free white pouches, designed to fit perfectly under the lip for a comfortable and lasting experience. If you\u2019re a fan of berry\/fruit-inspired flavors, this cherry pouch is the perfect choice for you. Enjoy the flavor and quality you deserve! Born and made in Finland.<\/p>","protected":false},"featured_media":9488,"comment_status":"open","ping_status":"closed","template":"","meta":[],"pwb-brand":[440],"product_cat":[19],"product_tag":[192,109,146,81,441,54,41],"brands":[{"id":440,"name":"Puff &amp; Pouch","slug":"puff-and-pouch"}],"_links":{"self":[{"href":"https:\/\/nicotinedeals.com\/fi\/wp-json\/wp\/v2\/product\/9487"}],"collection":[{"href":"https:\/\/nicotinedeals.com\/fi\/wp-json\/wp\/v2\/product"}],"about":[{"href":"https:\/\/nicotinedeals.com\/fi\/wp-json\/wp\/v2\/types\/product"}],"replies":[{"embeddable":true,"href":"https:\/\/nicotinedeals.com\/fi\/wp-json\/wp\/v2\/comments?post=9487"}],"wp:featuredmedia":[{"embeddable":true,"href":"https:\/\/nicotinedeals.com\/fi\/wp-json\/wp\/v2\/media\/9488"}],"wp:attachment":[{"href":"https:\/\/nicotinedeals.com\/fi\/wp-json\/wp\/v2\/media?parent=9487"}],"wp:term":[{"taxonomy":"pwb-brand","embeddable":true,"href":"https:\/\/nicotinedeals.com\/fi\/wp-json\/wp\/v2\/pwb-brand?post=9487"},{"taxonomy":"product_cat","embeddable":true,"href":"https:\/\/nicotinedeals.com\/fi\/wp-json\/wp\/v2\/product_cat?post=9487"},{"taxonomy":"product_tag","embeddable":true,"href":"https:\/\/nicotinedeals.com\/fi\/wp-json\/wp\/v2\/product_tag?post=9487"}],"curies":[{"name":"wp","href":"https:\/\/api.w.org\/{rel}","templated":true}]}}