{"id":9495,"date":"2024-11-16T10:09:22","date_gmt":"2024-11-16T10:09:22","guid":{"rendered":"https:\/\/nicotinedeals.com\/?post_type=product&#038;p=9495"},"modified":"2026-03-09T14:54:30","modified_gmt":"2026-03-09T14:54:30","slug":"puff-pouch-grape-12-mg","status":"publish","type":"product","link":"https:\/\/nicotinedeals.com\/fi\/tuote\/puff-pouch-grape-12-mg\/","title":{"rendered":"Puff &#038; Pouch Grape 12 mg"},"content":{"rendered":"<h1>Puff &amp; Pouch Grape 12 mg<\/h1>\n<p>has a juicy and sweet grapefruit flavor with 12 mg of nicotine per pouch. The strength level is 4 out of 5, and is considered extra strong. Puff &amp; Pouch Grape is a Finnish product that comes with 20 pouches in each can. Puff &amp; Pouch Grape is 100% free from tobacco.<\/p>\n<h2><strong>Information about Puff &amp; Pouch Grape 12 mg:<\/strong><\/h2>\n<ul>\n<li><strong>Br\u00e4ndi:<\/strong>\u00a0Puff &amp; Pouch<\/li>\n<li class=\" translation-block\"><strong>Kategoria:<\/strong> Tupakattomat nikotiinipussit<\/li>\n<li><strong>Makuvivahteet:<\/strong> Grapefruit<\/li>\n<li><strong>Nikotiinipitoisuus:<\/strong>\u00a016 mg\/g<\/li>\n<li><strong>Nikotiinivahvuus:<\/strong> Extra Strong \u25c9\u25c9\u25c9\u25c9\u25ce (strength 4 out of 5)<\/li>\n<li><strong>Valmistaja:<\/strong>\u00a0Puff &amp; Pouch<\/li>\n<li class=\" translation-block\"><strong>Pussiformaatti:<\/strong> Slim<\/li>\n<li><strong>Nikotiinia mg\/pussi:<\/strong> 12 mg<\/li>\n<li><strong>Tupakaton:<\/strong> Yes, Puff &amp; Pouch Grape nicotine pouches are tobacco-free<\/li>\n<li class=\" translation-block\"><strong>Pusseja t\u00f6lkiss\u00e4:<\/strong> 20 pussia<\/li>\n<li><strong>Ainesosat:\u00a0<\/strong>Cellulose (E460), water, natural flavorings, glycerol (E422), humectant (E1520), nicotine (1.6%), salt, sweetener (E955), citric acid (E330)<\/li>\n<li><strong>Paino per annos (grammoina): <\/strong>0.75 g<\/li>\n<li><strong>Nettopaino\/purkki:\u00a0<\/strong>15 g<\/li>\n<li><strong>Maa:\u00a0<\/strong>Suomi<\/li>\n<li><strong>N\u00e4yt\u00e4 lis\u00e4\u00e4\u00a0<a href=\"https:\/\/nicotinedeals.com\/fi\/brandi\/puff-and-pouch\/\">Puff &amp; Pouch Nicotine Pouches<\/a><\/strong><\/li>\n<\/ul>\n<p><img decoding=\"async\" class=\"alignnone size-full wp-image-9497\" src=\"https:\/\/nicotinedeals.com\/wp-content\/uploads\/2024\/11\/puff-and-pouch-grape-12-mg-.png\" alt=\"Puff &amp; Pouch Grape 12 mg\" width=\"200\" height=\"200\" srcset=\"https:\/\/nicotinedeals.com\/wp-content\/uploads\/2024\/11\/puff-and-pouch-grape-12-mg-.png 200w, https:\/\/nicotinedeals.com\/wp-content\/uploads\/2024\/11\/puff-and-pouch-grape-12-mg--150x150.png 150w, https:\/\/nicotinedeals.com\/wp-content\/uploads\/2024\/11\/puff-and-pouch-grape-12-mg--12x12.png 12w, https:\/\/nicotinedeals.com\/wp-content\/uploads\/2024\/11\/puff-and-pouch-grape-12-mg--50x50.png 50w\" sizes=\"(max-width: 200px) 100vw, 200px\" \/><\/p>\n<div><b>Puff &amp; Pouch Grape Best price online<\/b><\/div>\n<div><\/div>\n<div><strong>VAROITUS: T\u00e4m\u00e4 tuote sis\u00e4lt\u00e4\u00e4 nikotiinia. Nikotiini on riippuvuutta aiheuttava aine. +18 \/ +21 Yhdysvalloissa.<\/strong><\/div>","protected":false},"excerpt":{"rendered":"<p><strong>Puff &amp; Pouch Grape 12 mg\u00a0<\/strong>sweet grapefruit flavor | 12 mg of nicotine per pouch | 20 pouches in each can | Tobacco-free product | Made in Finland<\/p>\n<p>&nbsp;<\/p>","protected":false},"featured_media":9496,"comment_status":"open","ping_status":"closed","template":"","meta":[],"pwb-brand":[440],"product_cat":[19],"product_tag":[278,192,85,81,113,442,54],"brands":[{"id":440,"name":"Puff &amp; Pouch","slug":"puff-and-pouch"}],"_links":{"self":[{"href":"https:\/\/nicotinedeals.com\/fi\/wp-json\/wp\/v2\/product\/9495"}],"collection":[{"href":"https:\/\/nicotinedeals.com\/fi\/wp-json\/wp\/v2\/product"}],"about":[{"href":"https:\/\/nicotinedeals.com\/fi\/wp-json\/wp\/v2\/types\/product"}],"replies":[{"embeddable":true,"href":"https:\/\/nicotinedeals.com\/fi\/wp-json\/wp\/v2\/comments?post=9495"}],"wp:featuredmedia":[{"embeddable":true,"href":"https:\/\/nicotinedeals.com\/fi\/wp-json\/wp\/v2\/media\/9496"}],"wp:attachment":[{"href":"https:\/\/nicotinedeals.com\/fi\/wp-json\/wp\/v2\/media?parent=9495"}],"wp:term":[{"taxonomy":"pwb-brand","embeddable":true,"href":"https:\/\/nicotinedeals.com\/fi\/wp-json\/wp\/v2\/pwb-brand?post=9495"},{"taxonomy":"product_cat","embeddable":true,"href":"https:\/\/nicotinedeals.com\/fi\/wp-json\/wp\/v2\/product_cat?post=9495"},{"taxonomy":"product_tag","embeddable":true,"href":"https:\/\/nicotinedeals.com\/fi\/wp-json\/wp\/v2\/product_tag?post=9495"}],"curies":[{"name":"wp","href":"https:\/\/api.w.org\/{rel}","templated":true}]}}