{"id":9501,"date":"2024-11-17T09:41:18","date_gmt":"2024-11-17T09:41:18","guid":{"rendered":"https:\/\/nicotinedeals.com\/?post_type=product&#038;p=9501"},"modified":"2024-12-12T15:40:44","modified_gmt":"2024-12-12T15:40:44","slug":"puff-pouch-ice-12-mg","status":"publish","type":"product","link":"https:\/\/nicotinedeals.com\/fi\/tuote\/puff-pouch-ice-12-mg\/","title":{"rendered":"Puff &#038; Pouch Ice 12 mg"},"content":{"rendered":"<h1>Puff &amp; Pouch Ice 12 mg<\/h1>\n<p>offers a refreshing and pleasant menthol-mint flavor with 12 mg of nicotine per pouch. The rich, juicy, and moistened mint pouch delivers a strong strength level of 4 out of 5 (strong). Each can contains 20 slim pouches that are 100% tobacco-free. Puff &amp; Pouch Ice is proudly made in Finland.<\/p>\n<h2><strong>Information about Puff &amp; Pouch Ice 12 mg:<\/strong><\/h2>\n<ul>\n<li><strong>Br\u00e4ndi:<\/strong> Puff &amp; Pouch<\/li>\n<li class=\" translation-block\"><strong>Kategoria:<\/strong> Tupakattomat nikotiinipussit<\/li>\n<li><strong>Makuvivahteet:<\/strong> Mint, Menthol<\/li>\n<li><strong>Nikotiinipitoisuus:<\/strong>\u00a016 mg\/g<\/li>\n<li><strong>Nikotiinivahvuus:<\/strong>\u00a0Extra Strong \u25c9\u25c9\u25c9\u25c9\u25ce (strength 4 out of 5)<\/li>\n<li><strong>Valmistaja:<\/strong>\u00a0Puff &amp; Pouch<\/li>\n<li class=\" translation-block\"><strong>Pussiformaatti:<\/strong> Slim<\/li>\n<li><strong>Nikotiinia mg\/pussi:<\/strong>\u00a012 mg<\/li>\n<li><strong>Tupakaton:<\/strong> Yes, Puff &amp; Pouch Ice nicotine pouches are tobacco-free<\/li>\n<li class=\" translation-block\"><strong>Pusseja t\u00f6lkiss\u00e4:<\/strong> 20 pussia<\/li>\n<li><strong>Ainesosat:<\/strong> Cellulose (E460), water, natural flavorings, glycerol (E422), humectant (E1520), nicotine (1.6%), salt, sweetener (E955), citric acid (E330)<\/li>\n<li><strong>Paino per annos (grammoina):\u00a0<\/strong>0.75 g<\/li>\n<li><strong>Nettopaino\/purkki: <\/strong>15 g<\/li>\n<li><strong>Maa:\u00a0<\/strong>Suomi<\/li>\n<li><strong>N\u00e4yt\u00e4 lis\u00e4\u00e4\u00a0<a href=\"https:\/\/nicotinedeals.com\/fi\/brandi\/puff-and-pouch\/\">Puff &amp; Pouch Nicotine Pouches<\/a><\/strong><\/li>\n<li><strong>Normal version: <span style=\"text-decoration: underline;\"><a href=\"https:\/\/nicotinedeals.com\/fi\/tuote\/puff-pouch-ice-4-mg\/\">Puff &amp; Pouch Ice 4 mg<\/a><\/span><\/strong>\u00a0 Normal strength \u25c9\u25c9\u25ce\u25ce\u25ce<\/li>\n<\/ul>\n<p><img fetchpriority=\"high\" decoding=\"async\" class=\"alignnone size-full wp-image-9503\" src=\"https:\/\/nicotinedeals.com\/wp-content\/uploads\/2024\/11\/puff-and-pouch-ice-12-mg-.png\" alt=\"Puff &amp; Pouch Ice 12 mg nicotine pouch can\" width=\"250\" height=\"250\" srcset=\"https:\/\/nicotinedeals.com\/wp-content\/uploads\/2024\/11\/puff-and-pouch-ice-12-mg-.png 250w, https:\/\/nicotinedeals.com\/wp-content\/uploads\/2024\/11\/puff-and-pouch-ice-12-mg--150x150.png 150w, https:\/\/nicotinedeals.com\/wp-content\/uploads\/2024\/11\/puff-and-pouch-ice-12-mg--12x12.png 12w, https:\/\/nicotinedeals.com\/wp-content\/uploads\/2024\/11\/puff-and-pouch-ice-12-mg--200x200.png 200w, https:\/\/nicotinedeals.com\/wp-content\/uploads\/2024\/11\/puff-and-pouch-ice-12-mg--50x50.png 50w\" sizes=\"(max-width: 250px) 100vw, 250px\" \/><\/p>\n<div><b>Puff &amp; Pouch Ice Best price online<\/b><\/div>\n<div><\/div>\n<div><strong>VAROITUS: T\u00e4m\u00e4 tuote sis\u00e4lt\u00e4\u00e4 nikotiinia. Nikotiini on riippuvuutta aiheuttava aine. +18 \/ +21 Yhdysvalloissa.<\/strong><\/div>\n<div><\/div>","protected":false},"excerpt":{"rendered":"<p><strong>Puff &amp; Pouch Ice 12 mg <\/strong>refreshing menthol-mint flavor with 12 mg of nicotine per pouch. Each can contains 20 slim pouches that are 100% tobacco-free. Puff &amp; Pouch Ice is proudly made in Finland.<\/p>","protected":false},"featured_media":9502,"comment_status":"open","ping_status":"closed","template":"","meta":[],"pwb-brand":[440],"product_cat":[19],"product_tag":[278,192,85,53,50,443,54],"brands":[{"id":440,"name":"Puff &amp; Pouch","slug":"puff-and-pouch"}],"_links":{"self":[{"href":"https:\/\/nicotinedeals.com\/fi\/wp-json\/wp\/v2\/product\/9501"}],"collection":[{"href":"https:\/\/nicotinedeals.com\/fi\/wp-json\/wp\/v2\/product"}],"about":[{"href":"https:\/\/nicotinedeals.com\/fi\/wp-json\/wp\/v2\/types\/product"}],"replies":[{"embeddable":true,"href":"https:\/\/nicotinedeals.com\/fi\/wp-json\/wp\/v2\/comments?post=9501"}],"wp:featuredmedia":[{"embeddable":true,"href":"https:\/\/nicotinedeals.com\/fi\/wp-json\/wp\/v2\/media\/9502"}],"wp:attachment":[{"href":"https:\/\/nicotinedeals.com\/fi\/wp-json\/wp\/v2\/media?parent=9501"}],"wp:term":[{"taxonomy":"pwb-brand","embeddable":true,"href":"https:\/\/nicotinedeals.com\/fi\/wp-json\/wp\/v2\/pwb-brand?post=9501"},{"taxonomy":"product_cat","embeddable":true,"href":"https:\/\/nicotinedeals.com\/fi\/wp-json\/wp\/v2\/product_cat?post=9501"},{"taxonomy":"product_tag","embeddable":true,"href":"https:\/\/nicotinedeals.com\/fi\/wp-json\/wp\/v2\/product_tag?post=9501"}],"curies":[{"name":"wp","href":"https:\/\/api.w.org\/{rel}","templated":true}]}}