{"id":9531,"date":"2024-11-18T10:04:24","date_gmt":"2024-11-18T10:04:24","guid":{"rendered":"https:\/\/nicotinedeals.com\/?post_type=product&#038;p=9531"},"modified":"2024-12-12T15:43:48","modified_gmt":"2024-12-12T15:43:48","slug":"puff-pouch-peppermint-12-mg","status":"publish","type":"product","link":"https:\/\/nicotinedeals.com\/fi\/tuote\/puff-pouch-peppermint-12-mg\/","title":{"rendered":"Puff &#038; Pouch Peppermint 12 mg"},"content":{"rendered":"<h1>Puff &amp; Pouch Peppermint 12 mg<\/h1>\n<p>has a crip peppermint flavor with 12 mg of nicotine per slim pouch. The strenght is considered extra strong, with 4 dots out of 5. Each can contains 20 tobacco-free pouches that are made in Finland.<\/p>\n<h2><strong>Information about Puff &amp; Pouch Peppermint 12 mg:<\/strong><\/h2>\n<ul>\n<li><strong>Br\u00e4ndi:<\/strong> Puff &amp; Pouch<\/li>\n<li class=\" translation-block\"><strong>Kategoria:<\/strong> Tupakattomat nikotiinipussit<\/li>\n<li><strong>Makuvivahteet:<\/strong> Peppermint<\/li>\n<li><strong>Nikotiinipitoisuus:<\/strong>\u00a016 mg\/g<\/li>\n<li><strong>Nikotiinivahvuus:<\/strong>\u00a0Extra Strong \u25c9\u25c9\u25c9\u25c9\u25ce (strength 4 out of 5)<\/li>\n<li><strong>Valmistaja:<\/strong>\u00a0Puff &amp; Pouch<\/li>\n<li class=\" translation-block\"><strong>Pussiformaatti:<\/strong> Slim<\/li>\n<li><strong>Nikotiinia mg\/pussi:<\/strong>\u00a012 mg<\/li>\n<li><strong>Tupakaton:<\/strong> Yes, Puff &amp; Pouch Peppermint nicotine pouches are tobacco-free<\/li>\n<li class=\" translation-block\"><strong>Pusseja t\u00f6lkiss\u00e4:<\/strong> 20 pussia<\/li>\n<li><strong>Ainesosat:<\/strong> Cellulose (E460), water, natural flavorings, glycerol (E422), humectant (E1520), nicotine (1.6%), salt, sweetener (E955), citric acid (E330)<\/li>\n<li><strong>Paino per annos (grammoina):\u00a0<\/strong>0.75 g<\/li>\n<li><strong>Nettopaino\/purkki: <\/strong>15 g<\/li>\n<li><strong>Maa:\u00a0<\/strong>Suomi<\/li>\n<li><strong>N\u00e4yt\u00e4 lis\u00e4\u00e4\u00a0<a href=\"https:\/\/nicotinedeals.com\/fi\/brandi\/puff-and-pouch\/\">Puff &amp; Pouch Nicotine Pouches<\/a><\/strong><\/li>\n<\/ul>\n<p><img fetchpriority=\"high\" decoding=\"async\" class=\"alignnone size-full wp-image-9533\" src=\"https:\/\/nicotinedeals.com\/wp-content\/uploads\/2024\/11\/puff-and-pouch-peppermint-12-mg-.png\" alt=\"Puff and Pouch Peppermint 12 mg\" width=\"250\" height=\"250\" srcset=\"https:\/\/nicotinedeals.com\/wp-content\/uploads\/2024\/11\/puff-and-pouch-peppermint-12-mg-.png 250w, https:\/\/nicotinedeals.com\/wp-content\/uploads\/2024\/11\/puff-and-pouch-peppermint-12-mg--150x150.png 150w, https:\/\/nicotinedeals.com\/wp-content\/uploads\/2024\/11\/puff-and-pouch-peppermint-12-mg--12x12.png 12w, https:\/\/nicotinedeals.com\/wp-content\/uploads\/2024\/11\/puff-and-pouch-peppermint-12-mg--200x200.png 200w, https:\/\/nicotinedeals.com\/wp-content\/uploads\/2024\/11\/puff-and-pouch-peppermint-12-mg--50x50.png 50w\" sizes=\"(max-width: 250px) 100vw, 250px\" \/><\/p>\n<div class=\"group\/conversation-turn relative flex w-full min-w-0 flex-col agent-turn\">\n<div class=\"flex-col gap-1 md:gap-3\">\n<div class=\"flex max-w-full flex-col flex-grow\">\n<div class=\"min-h-8 text-message flex w-full flex-col items-end gap-2 whitespace-normal break-words [.text-message+&amp;]:mt-5\" dir=\"auto\" data-message-author-role=\"assistant\" data-message-id=\"4b2178a5-ec70-4ca0-9ce2-908cbad7f056\" data-message-model-slug=\"gpt-4o\">\n<div class=\"flex w-full flex-col gap-1 empty:hidden first:pt-[3px]\">\n<div class=\"markdown prose w-full break-words dark:prose-invert light\">\n<p><strong>Puff &amp; Pouch Peppermint \u2013 A Refreshing Cool Nicotine Experience<\/strong><\/p>\n<p>Discover the invigorating sensation of Puff &amp; Pouch Peppermint, a nicotine pouch that perfectly combines a refreshing flavor with a balanced nicotine strength. Each slim pouch contains 12 mg of nicotine, offering a medium-strength option that is both satisfying and easy to enjoy.<\/p>\n<p>The crisp peppermint flavor delivers a cool, revitalizing taste that refreshes your senses with every use. Designed for comfort, these slim pouches fit discreetly and comfortably under the lip, making them perfect for all-day use. With 20 pouches per can, Puff &amp; Pouch Peppermint ensures you\u2019re always ready to stay refreshed and satisfied, no matter where you are.<\/p>\n<p>Puff &amp; Pouch Peppermint provides a consistent and enjoyable nicotine experience, making it an ideal choice for both beginners and experienced users. The cool peppermint flavor paired with just the right amount of nicotine makes this product a refreshing addition to your daily routine. Order your can today and enjoy the crisp, refreshing taste of Puff &amp; Pouch Peppermint!<\/p>\n<\/div>\n<\/div>\n<\/div>\n<\/div>\n<\/div>\n<\/div>\n<div><b>Puff &amp; Pouch Peppermint Best price online<\/b><\/div>\n<div><\/div>\n<div><strong>VAROITUS: T\u00e4m\u00e4 tuote sis\u00e4lt\u00e4\u00e4 nikotiinia. Nikotiini on riippuvuutta aiheuttava aine. +18 \/ +21 Yhdysvalloissa.<\/strong><\/div>\n<div><\/div>","protected":false},"excerpt":{"rendered":"<p><strong>Puff &amp; Pouch Peppermint 12 mg <\/strong>crisp peppermint flavor with 12 mg of nicotine per pouch. Each can contains 20 slim tobacco-free pouches made in Finland.<\/p>","protected":false},"featured_media":9532,"comment_status":"open","ping_status":"closed","template":"","meta":[],"pwb-brand":[440],"product_cat":[19],"product_tag":[278,192,85,50,40,449,54],"brands":[{"id":440,"name":"Puff &amp; Pouch","slug":"puff-and-pouch"}],"_links":{"self":[{"href":"https:\/\/nicotinedeals.com\/fi\/wp-json\/wp\/v2\/product\/9531"}],"collection":[{"href":"https:\/\/nicotinedeals.com\/fi\/wp-json\/wp\/v2\/product"}],"about":[{"href":"https:\/\/nicotinedeals.com\/fi\/wp-json\/wp\/v2\/types\/product"}],"replies":[{"embeddable":true,"href":"https:\/\/nicotinedeals.com\/fi\/wp-json\/wp\/v2\/comments?post=9531"}],"wp:featuredmedia":[{"embeddable":true,"href":"https:\/\/nicotinedeals.com\/fi\/wp-json\/wp\/v2\/media\/9532"}],"wp:attachment":[{"href":"https:\/\/nicotinedeals.com\/fi\/wp-json\/wp\/v2\/media?parent=9531"}],"wp:term":[{"taxonomy":"pwb-brand","embeddable":true,"href":"https:\/\/nicotinedeals.com\/fi\/wp-json\/wp\/v2\/pwb-brand?post=9531"},{"taxonomy":"product_cat","embeddable":true,"href":"https:\/\/nicotinedeals.com\/fi\/wp-json\/wp\/v2\/product_cat?post=9531"},{"taxonomy":"product_tag","embeddable":true,"href":"https:\/\/nicotinedeals.com\/fi\/wp-json\/wp\/v2\/product_tag?post=9531"}],"curies":[{"name":"wp","href":"https:\/\/api.w.org\/{rel}","templated":true}]}}