{"id":9592,"date":"2024-11-21T07:53:23","date_gmt":"2024-11-21T07:53:23","guid":{"rendered":"https:\/\/nicotinedeals.com\/?post_type=product&#038;p=9592"},"modified":"2024-11-29T09:39:16","modified_gmt":"2024-11-29T09:39:16","slug":"pablo-bubblegum-exclusive","status":"publish","type":"product","link":"https:\/\/nicotinedeals.com\/fi\/tuote\/pablo-bubblegum-exclusive\/","title":{"rendered":"PABLO Bubblegum Exclusive"},"content":{"rendered":"<h1>PABLO Bubblegum Exclusive<\/h1>\n<p>has a nostalgic bubblegum flavor with <strong>30 mg of nicotine per pouch<\/strong>. The sweet, aromatic taste blends perfectly with a cool, refreshing sensation. PABLO Bubblegum is extra strong and recommended for experienced users only. Each can contains <strong>20 slim, tobacco-free <\/strong>pouches.<\/p>\n<h2><strong>Information about PABLO Bubblegum Exclusive 30 mg:<\/strong><\/h2>\n<ul>\n<li><strong>Br\u00e4ndi:<\/strong> PABLO<\/li>\n<li class=\" translation-block\"><strong>Kategoria:<\/strong> Tupakattomat nikotiinipussit<\/li>\n<li><strong>Makuvivahteet:<\/strong> Bubblegum<\/li>\n<li><strong>Nikotiinipitoisuus:<\/strong> 50 mg\/g<\/li>\n<li><strong>Nikotiinivahvuus:<\/strong> Eritt\u00e4in Vahva<\/li>\n<li><strong>Valmistaja:<\/strong> N.G.P Tobacco ApS<\/li>\n<li class=\" translation-block\"><strong>Pussiformaatti:<\/strong> Slim<\/li>\n<li><strong>Nikotiinia mg\/pussi:<\/strong> 30 mg<\/li>\n<li><strong>Tupakaton:<\/strong> Yes, PABLO Bubblegum nicotine pouches are tobacco-free<\/li>\n<li class=\" translation-block\"><strong>Pusseja t\u00f6lkiss\u00e4:<\/strong> 20 pussia<\/li>\n<li><strong>Ainesosat: <\/strong>Water, cellulose, acidity regulator, humectant, natural flavoring agent, nicotine, preservative.<\/li>\n<li><strong>Paino per annos (grammoina):\u00a0<\/strong>0.6 g<\/li>\n<li><strong>Nettopaino\/purkki: <\/strong>12 g<\/li>\n<li><strong>Alkuper\u00e4maa: <\/strong>Denmark<\/li>\n<li><strong>N\u00e4yt\u00e4 lis\u00e4\u00e4\u00a0<a href=\"https:\/\/nicotinedeals.com\/fi\/brandi\/pablo\/\">PABLO Nikotiinipussit<\/a><\/strong><\/li>\n<\/ul>\n<p><img fetchpriority=\"high\" decoding=\"async\" class=\"alignnone size-full wp-image-9595\" src=\"https:\/\/nicotinedeals.com\/wp-content\/uploads\/2024\/11\/pablo-bubblegum-exclusive-pouches.png\" alt=\"PABLO Bubblegum Exclsive can\" width=\"250\" height=\"250\" srcset=\"https:\/\/nicotinedeals.com\/wp-content\/uploads\/2024\/11\/pablo-bubblegum-exclusive-pouches.png 250w, https:\/\/nicotinedeals.com\/wp-content\/uploads\/2024\/11\/pablo-bubblegum-exclusive-pouches-150x150.png 150w, https:\/\/nicotinedeals.com\/wp-content\/uploads\/2024\/11\/pablo-bubblegum-exclusive-pouches-12x12.png 12w, https:\/\/nicotinedeals.com\/wp-content\/uploads\/2024\/11\/pablo-bubblegum-exclusive-pouches-200x200.png 200w, https:\/\/nicotinedeals.com\/wp-content\/uploads\/2024\/11\/pablo-bubblegum-exclusive-pouches-50x50.png 50w\" sizes=\"(max-width: 250px) 100vw, 250px\" \/><\/p>\n<div><b>PABLO Bubblegum Best price online<\/b><\/div>\n<div><\/div>\n<p><strong>How strong is PABLO Bubblegum?<\/strong><\/p>\n<p>Each slim pouch contains 30 mg of nicotine<\/p>\n<div><strong>VAROITUS: T\u00e4m\u00e4 tuote sis\u00e4lt\u00e4\u00e4 nikotiinia. Nikotiini on riippuvuutta aiheuttava aine. +18 \/ +21 Yhdysvalloissa.<\/strong><\/div>\n<div><\/div>","protected":false},"excerpt":{"rendered":"<p><strong>PABLO Bubblegum Exclusive <\/strong>bubblegum flavor with the cool refreshing sensation. 30 mg of nicotine per pouch. 20 slim tobacco-free pouches in each can.<\/p>\n<p><a class=\"button\" href=\"https:\/\/nicotinedeals.com\/fi\/pablo-exclusive-bubblegum\/\">Paras hinta | Globaali<\/a><\/p>","protected":false},"featured_media":9594,"comment_status":"open","ping_status":"closed","template":"","meta":[],"pwb-brand":[455],"product_cat":[19],"product_tag":[192,425,385,386,85,457,54],"brands":[{"id":455,"name":"PABLO","slug":"pablo"}],"_links":{"self":[{"href":"https:\/\/nicotinedeals.com\/fi\/wp-json\/wp\/v2\/product\/9592"}],"collection":[{"href":"https:\/\/nicotinedeals.com\/fi\/wp-json\/wp\/v2\/product"}],"about":[{"href":"https:\/\/nicotinedeals.com\/fi\/wp-json\/wp\/v2\/types\/product"}],"replies":[{"embeddable":true,"href":"https:\/\/nicotinedeals.com\/fi\/wp-json\/wp\/v2\/comments?post=9592"}],"wp:featuredmedia":[{"embeddable":true,"href":"https:\/\/nicotinedeals.com\/fi\/wp-json\/wp\/v2\/media\/9594"}],"wp:attachment":[{"href":"https:\/\/nicotinedeals.com\/fi\/wp-json\/wp\/v2\/media?parent=9592"}],"wp:term":[{"taxonomy":"pwb-brand","embeddable":true,"href":"https:\/\/nicotinedeals.com\/fi\/wp-json\/wp\/v2\/pwb-brand?post=9592"},{"taxonomy":"product_cat","embeddable":true,"href":"https:\/\/nicotinedeals.com\/fi\/wp-json\/wp\/v2\/product_cat?post=9592"},{"taxonomy":"product_tag","embeddable":true,"href":"https:\/\/nicotinedeals.com\/fi\/wp-json\/wp\/v2\/product_tag?post=9592"}],"curies":[{"name":"wp","href":"https:\/\/api.w.org\/{rel}","templated":true}]}}