{"id":9607,"date":"2024-11-21T15:18:48","date_gmt":"2024-11-21T15:18:48","guid":{"rendered":"https:\/\/nicotinedeals.com\/?post_type=product&#038;p=9607"},"modified":"2024-12-24T09:51:41","modified_gmt":"2024-12-24T09:51:41","slug":"pablo-ice-cold","status":"publish","type":"product","link":"https:\/\/nicotinedeals.com\/fi\/tuote\/pablo-ice-cold\/","title":{"rendered":"PABLO Ice Cold"},"content":{"rendered":"<h1>PABLO Ice Cold<\/h1>\n<p>tobacco-free pouches with strong mint flavor! Each pouch contains <strong>24 mg <\/strong>of nicotine per pouch. Ice Cold is recommended for experienced users only. Each can contains <strong>20 slim pouches<\/strong>, weighing <strong>0.8 grams <\/strong>each, for a total net weight of <strong>16 grams<\/strong>.<\/p>\n<h2><strong>Information about PABLO Ice Cold 24 mg:<\/strong><\/h2>\n<ul>\n<li><strong>Br\u00e4ndi:<\/strong> PABLO<\/li>\n<li class=\" translation-block\"><strong>Kategoria:<\/strong> Tupakattomat nikotiinipussit<\/li>\n<li><strong>Makuvivahteet:<\/strong> Minttu<\/li>\n<li><strong>Nikotiinipitoisuus:<\/strong> 30 mg\/g<\/li>\n<li><strong>Nikotiinivahvuus:<\/strong> Eritt\u00e4in Vahva<\/li>\n<li><strong>Valmistaja:<\/strong> N.G.P Tobacco ApS<\/li>\n<li class=\" translation-block\"><strong>Pussiformaatti:<\/strong> Slim<\/li>\n<li><strong>Nikotiinia mg\/pussi:<\/strong> 24 mg<\/li>\n<li><strong>Tupakaton:<\/strong> Yes, Ice Cold PABLO nicotine pouches are tobacco-free<\/li>\n<li class=\" translation-block\"><strong>Pusseja t\u00f6lkiss\u00e4:<\/strong> 20 pussia<\/li>\n<li><strong>Ainesosat: <\/strong>Water, cellulose, acidity regulator, humectant, nicotine, preservative, natural flavoring agent.<\/li>\n<li><strong>Paino per annos (grammoina):\u00a0<\/strong>0.8 g<\/li>\n<li><strong>Nettopaino\/purkki: <\/strong>16 g<\/li>\n<li><strong>Alkuper\u00e4maa: <\/strong>Denmark<\/li>\n<li><strong>N\u00e4yt\u00e4 lis\u00e4\u00e4\u00a0<a href=\"https:\/\/nicotinedeals.com\/fi\/brandi\/pablo\/\">PABLO Nikotiinipussit<\/a><\/strong><\/li>\n<\/ul>\n<p><strong>The product is available in different designs: one featuring revolvers, money, and similar elements, and a more neutral option with just gold color and red text.<\/strong><\/p>\n<p><img fetchpriority=\"high\" decoding=\"async\" class=\"alignnone size-medium wp-image-9609\" src=\"https:\/\/nicotinedeals.com\/wp-content\/uploads\/2024\/11\/pablo-ice-cold-300x300.png\" alt=\"PABLO Ice Cold can\" width=\"300\" height=\"300\" srcset=\"https:\/\/nicotinedeals.com\/wp-content\/uploads\/2024\/11\/pablo-ice-cold-300x300.png 300w, https:\/\/nicotinedeals.com\/wp-content\/uploads\/2024\/11\/pablo-ice-cold-150x150.png 150w, https:\/\/nicotinedeals.com\/wp-content\/uploads\/2024\/11\/pablo-ice-cold-12x12.png 12w, https:\/\/nicotinedeals.com\/wp-content\/uploads\/2024\/11\/pablo-ice-cold-200x200.png 200w, https:\/\/nicotinedeals.com\/wp-content\/uploads\/2024\/11\/pablo-ice-cold-50x50.png 50w, https:\/\/nicotinedeals.com\/wp-content\/uploads\/2024\/11\/pablo-ice-cold.png 400w\" sizes=\"(max-width: 300px) 100vw, 300px\" \/><\/p>\n<div><b>PABLO Ice Cold Best price online<\/b><\/div>\n<p><strong>How strong is PABLO Ice Cold?<\/strong><\/p>\n<p>Each pouch contains 24 mg of nicotine<\/p>\n<div><strong>VAROITUS: T\u00e4m\u00e4 tuote sis\u00e4lt\u00e4\u00e4 nikotiinia. Nikotiini on riippuvuutta aiheuttava aine. +18 \/ +21 Yhdysvalloissa.<\/strong><\/div>\n<div><\/div>","protected":false},"excerpt":{"rendered":"<p><strong>PABLO Ice Cold <\/strong>extra strong mint flavor with 24 mg of nicotine per pouch. Each can contains 20 slim pouches, weighing 0.8 grams each, for a total net weight of 16 grams. Ice Cold Pablo is 100% tobacco-free<\/p>\n<p><a class=\"button\" href=\"https:\/\/nicotinedeals.com\/fi\/pablo-ice-cold-best-price\/\">Paras hinta | Globaali<\/a><\/p>","protected":false},"featured_media":9608,"comment_status":"open","ping_status":"closed","template":"","meta":[],"pwb-brand":[455],"product_cat":[19],"product_tag":[192,459,85,50,460,54],"brands":[{"id":455,"name":"PABLO","slug":"pablo"}],"_links":{"self":[{"href":"https:\/\/nicotinedeals.com\/fi\/wp-json\/wp\/v2\/product\/9607"}],"collection":[{"href":"https:\/\/nicotinedeals.com\/fi\/wp-json\/wp\/v2\/product"}],"about":[{"href":"https:\/\/nicotinedeals.com\/fi\/wp-json\/wp\/v2\/types\/product"}],"replies":[{"embeddable":true,"href":"https:\/\/nicotinedeals.com\/fi\/wp-json\/wp\/v2\/comments?post=9607"}],"wp:featuredmedia":[{"embeddable":true,"href":"https:\/\/nicotinedeals.com\/fi\/wp-json\/wp\/v2\/media\/9608"}],"wp:attachment":[{"href":"https:\/\/nicotinedeals.com\/fi\/wp-json\/wp\/v2\/media?parent=9607"}],"wp:term":[{"taxonomy":"pwb-brand","embeddable":true,"href":"https:\/\/nicotinedeals.com\/fi\/wp-json\/wp\/v2\/pwb-brand?post=9607"},{"taxonomy":"product_cat","embeddable":true,"href":"https:\/\/nicotinedeals.com\/fi\/wp-json\/wp\/v2\/product_cat?post=9607"},{"taxonomy":"product_tag","embeddable":true,"href":"https:\/\/nicotinedeals.com\/fi\/wp-json\/wp\/v2\/product_tag?post=9607"}],"curies":[{"name":"wp","href":"https:\/\/api.w.org\/{rel}","templated":true}]}}