{"id":9691,"date":"2024-11-24T14:16:04","date_gmt":"2024-11-24T14:16:04","guid":{"rendered":"https:\/\/nicotinedeals.com\/?post_type=product&#038;p=9691"},"modified":"2024-12-30T07:08:40","modified_gmt":"2024-12-30T07:08:40","slug":"zixs-melon-freeze","status":"publish","type":"product","link":"https:\/\/nicotinedeals.com\/fi\/tuote\/zixs-melon-freeze\/","title":{"rendered":"ZIXS Melon Freeze"},"content":{"rendered":"<h1>ZIXS Melon Freeze Slim<\/h1>\n<div class=\"flex max-w-full flex-col flex-grow\">\n<div class=\"min-h-8 text-message flex w-full flex-col items-end gap-2 whitespace-normal break-words [.text-message+&amp;]:mt-5\" dir=\"auto\" data-message-author-role=\"assistant\" data-message-id=\"b94f65e4-d93c-4d49-8f09-ec0868706b96\" data-message-model-slug=\"gpt-4o\">\n<div class=\"flex w-full flex-col gap-1 empty:hidden first:pt-[3px]\">\n<div class=\"markdown prose w-full break-words dark:prose-invert light\">\n<p>features a sweet melon and peppery mint flavor in each nicotine pouch. Each pouch contains 12 mg of nicotine, and each can includes 20 slim, tobacco-free pouches. ZIXS is crafted in a state-of-the-art facility in G\u00f6teborg, Sweden.<\/p>\n<\/div>\n<\/div>\n<\/div>\n<\/div>\n<h2><strong>Information about ZIXS Melon Freeze Slim 12 mg:<\/strong><\/h2>\n<ul>\n<li><strong>Br\u00e4ndi:<\/strong> ZIXS<\/li>\n<li class=\" translation-block\"><strong>Kategoria:<\/strong> Tupakattomat nikotiinipussit<\/li>\n<li><strong>Makuvivahteet:<\/strong> Strawberry, Lime<\/li>\n<li><strong>Nikotiinipitoisuus:<\/strong> 16 mg\/g<\/li>\n<li><strong>Nikotiinivahvuus:<\/strong> \u25c9\u25c9\u25c9\u25c9\u25c9 Eritt\u00e4in vahva (vahvuus 5\/5)<\/li>\n<li><strong>Valmistaja: <\/strong>Microzero AB<\/li>\n<li><strong>Pussin Muoto:<\/strong> Slim<\/li>\n<li><strong>Nikotiinia mg\/pussi:<\/strong> 12 mg<\/li>\n<li><strong>Tupakaton:<\/strong> Yes, ZIXS Slim Melon Freeze Lime nicotine pouches are tobacco-free<\/li>\n<li class=\" translation-block\"><strong>Pusseja t\u00f6lkiss\u00e4:<\/strong> 20 pussia<\/li>\n<li><strong>Paino per annos (grammoina):\u00a0<\/strong>0.4 g<\/li>\n<li><strong>Nettopaino\/purkki:<\/strong> 14,7 g<\/li>\n<li><strong>Maa:<\/strong>\u00a0Ruotsi<\/li>\n<li><strong>Julkaisup\u00e4iv\u00e4m\u00e4\u00e4r\u00e4:<\/strong> 2024<\/li>\n<li><strong>N\u00e4yt\u00e4 lis\u00e4\u00e4\u00a0<a href=\"https:\/\/nicotinedeals.com\/fi\/brandi\/zixs\/\">ZIXS Nicotine Pouches<\/a><\/strong><\/li>\n<\/ul>\n<p><img fetchpriority=\"high\" decoding=\"async\" class=\"alignnone size-full wp-image-9695\" src=\"https:\/\/nicotinedeals.com\/wp-content\/uploads\/2024\/11\/zixs-melon-freeze-nicotine-pouch-can.png\" alt=\"ZIXS Melon Freeze can\" width=\"250\" height=\"250\" srcset=\"https:\/\/nicotinedeals.com\/wp-content\/uploads\/2024\/11\/zixs-melon-freeze-nicotine-pouch-can.png 250w, https:\/\/nicotinedeals.com\/wp-content\/uploads\/2024\/11\/zixs-melon-freeze-nicotine-pouch-can-150x150.png 150w, https:\/\/nicotinedeals.com\/wp-content\/uploads\/2024\/11\/zixs-melon-freeze-nicotine-pouch-can-12x12.png 12w, https:\/\/nicotinedeals.com\/wp-content\/uploads\/2024\/11\/zixs-melon-freeze-nicotine-pouch-can-200x200.png 200w, https:\/\/nicotinedeals.com\/wp-content\/uploads\/2024\/11\/zixs-melon-freeze-nicotine-pouch-can-50x50.png 50w\" sizes=\"(max-width: 250px) 100vw, 250px\" \/><\/p>\n<div>\n<p><strong>ZIXS Melon Freeze <\/strong><strong>Best Price<\/strong><\/p>\n<p><strong>VAROITUS: T\u00e4m\u00e4 tuote sis\u00e4lt\u00e4\u00e4 nikotiinia. Nikotiini on riippuvuutta aiheuttava aine. +18 \/ +21 Yhdysvalloissa.<\/strong><\/p>\n<\/div>","protected":false},"excerpt":{"rendered":"<div class=\"flex-shrink-0 flex flex-col relative items-end\">\n<div>\n<div class=\"pt-0\">\n<div class=\"gizmo-bot-avatar flex h-8 w-8 items-center justify-center overflow-hidden rounded-full\">\n<div class=\"relative p-1 rounded-sm flex items-center justify-center bg-token-main-surface-primary text-token-text-primary h-8 w-8\"><strong>ZIXS Melon Freeze<\/strong> combines sweet melon and peppery mint flavor. 12 mg of nicotine in each pouch, and 20 slim nicotine pouches in each can. The strength rating is 5 out of 5 dots. Made in G\u00f6teborg, Sweden, by Microzero AB.<\/div>\n<\/div>\n<\/div>\n<\/div>\n<\/div>","protected":false},"featured_media":9694,"comment_status":"open","ping_status":"closed","template":"","meta":[],"pwb-brand":[461],"product_cat":[19],"product_tag":[278,192,85,81,176,50,40,54,467],"brands":[{"id":461,"name":"ZIXS","slug":"zixs"}],"_links":{"self":[{"href":"https:\/\/nicotinedeals.com\/fi\/wp-json\/wp\/v2\/product\/9691"}],"collection":[{"href":"https:\/\/nicotinedeals.com\/fi\/wp-json\/wp\/v2\/product"}],"about":[{"href":"https:\/\/nicotinedeals.com\/fi\/wp-json\/wp\/v2\/types\/product"}],"replies":[{"embeddable":true,"href":"https:\/\/nicotinedeals.com\/fi\/wp-json\/wp\/v2\/comments?post=9691"}],"wp:featuredmedia":[{"embeddable":true,"href":"https:\/\/nicotinedeals.com\/fi\/wp-json\/wp\/v2\/media\/9694"}],"wp:attachment":[{"href":"https:\/\/nicotinedeals.com\/fi\/wp-json\/wp\/v2\/media?parent=9691"}],"wp:term":[{"taxonomy":"pwb-brand","embeddable":true,"href":"https:\/\/nicotinedeals.com\/fi\/wp-json\/wp\/v2\/pwb-brand?post=9691"},{"taxonomy":"product_cat","embeddable":true,"href":"https:\/\/nicotinedeals.com\/fi\/wp-json\/wp\/v2\/product_cat?post=9691"},{"taxonomy":"product_tag","embeddable":true,"href":"https:\/\/nicotinedeals.com\/fi\/wp-json\/wp\/v2\/product_tag?post=9691"}],"curies":[{"name":"wp","href":"https:\/\/api.w.org\/{rel}","templated":true}]}}