{"id":8793,"date":"2024-11-04T09:41:52","date_gmt":"2024-11-04T09:41:52","guid":{"rendered":"https:\/\/nicotinedeals.com\/?post_type=product&#038;p=8793"},"modified":"2026-04-18T20:57:52","modified_gmt":"2026-04-18T20:57:52","slug":"velo-freezing-peppermint-ultra-14-mg","status":"publish","type":"product","link":"https:\/\/nicotinedeals.com\/it\/prodotto\/velo-freezing-peppermint-ultra-14-mg\/","title":{"rendered":"VELO Freezing Peppermint Ultra 14 mg"},"content":{"rendered":"<h1>VELO Freezing Peppermint Ultra 14 mg<\/h1>\n<p>packs an icy peppermint and menthol blast, delivering extra-strong intensity in a slim, tobacco-free pouch. 14 mg of nicotine per pouch and 20 pouches in each can. Re-launched in February 2025, VELO Freezing Peppermint 14 mg combines the bold flavor of VELO Mighty Peppermint Ultra with a sleek new design. Get ready for a smooth, powerful mint experience!<\/p>\n<h2><strong>Information about VELO Freezing Peppermint Ultra 14 mg\/pouch:<\/strong><\/h2>\n<ul>\n<li><strong>Marchio:<\/strong>\u00a0VELO<\/li>\n<li class=\" translation-block\"><strong>Categoria:<\/strong>\u00a0Sacchetti di nicotina all-white<\/li>\n<li><strong>Note di gusto:<\/strong> Peppermint, Menthol<\/li>\n<li><strong>Contenuto di nicotina:<\/strong> 20 mg\/g<\/li>\n<li><strong>Intensit\u00e0 della nicotina:<\/strong> \u25c9\u25c9\u25c9\u25c9\u25c9\u25ce Extra Strong (strength 5 out of 6)<\/li>\n<li><strong>Produttore:<\/strong>\u00a0British American Tobacco (BAT)<\/li>\n<li class=\" translation-block\"><strong>Formato della bustina:<\/strong> Slim<\/li>\n<li><strong>Nicotina mg\/bustina:<\/strong>\u00a0 14 mg<\/li>\n<li><strong>Senza tabacco:<\/strong>\u00a0Yes, all VELO nicotine pouches are tobacco-free<\/li>\n<li class=\" translation-block\"><strong>Numero di sacchetti per lattina:<\/strong> 20 sacchetti<\/li>\n<li class=\" translation-block\"><strong>Ingredienti:<\/strong> Acqua, riempitivo (E460), esaltatore di sapidit\u00e0 (sale da cucina), regolatore di acidit\u00e0 (E524), xilitolo (E967), nicotina, poliacrilato di nicotina, aromi, cloruro di ammonio, regolatore di acidit\u00e0 (E500), dolcificante (E950)<\/li>\n<li><strong>Peso per porzione (grammi):\u00a0<\/strong>0.70 g<\/li>\n<li><strong>Peso netto\/lattina:<\/strong>\u00a014 g<\/li>\n<li><strong>Data di rilascio:<\/strong> February 2025<\/li>\n<li><strong>Previously known as:<\/strong> VELO Mighty Peppermint Ultra 14 mg<\/li>\n<li><strong>Scopri altre bustine di nicotina<\/strong>\u00a0<strong><a href=\"https:\/\/nicotinedeals.com\/it\/marca\/velo\/\">VELO Nicotine Pouches<\/a><\/strong><\/li>\n<\/ul>\n<div><img decoding=\"async\" class=\"alignnone wp-image-8795\" src=\"https:\/\/nicotinedeals.com\/wp-content\/uploads\/2024\/11\/velo-mighty-peppermint-ultra-14-mg-.png\" alt=\"VELO Mighty Peppermint Ultra 14 mg\" width=\"146\" height=\"146\" srcset=\"https:\/\/nicotinedeals.com\/wp-content\/uploads\/2024\/11\/velo-mighty-peppermint-ultra-14-mg-.png 200w, https:\/\/nicotinedeals.com\/wp-content\/uploads\/2024\/11\/velo-mighty-peppermint-ultra-14-mg--150x150.png 150w, https:\/\/nicotinedeals.com\/wp-content\/uploads\/2024\/11\/velo-mighty-peppermint-ultra-14-mg--50x50.png 50w\" sizes=\"(max-width: 146px) 100vw, 146px\" \/><\/div>\n<div><\/div>\n<div>\n<div><strong>VELO Freezing Peppermint Ultra 14 mg Best Price<\/strong><\/div>\n<\/div>\n<div><\/div>\n<div><strong>VELO Mighty Peppermint is also available as:<\/strong><\/div>\n<div><a href=\"https:\/\/nicotinedeals.com\/it\/prodotto\/velo-freezing-peppermint\/\"><span style=\"text-decoration: underline;\">VELO Freezing Peppermint<\/span><\/a>\u00a0\u25c9\u25c9\u25c9\u25c9\u25ce\u25ce 10,9 mg nicotine per pouch<\/div>\n<div><span style=\"text-decoration: underline;\"><a href=\"https:\/\/nicotinedeals.com\/it\/prodotto\/velo-freezing-peppermint-max-17-mg\/\">VELO Freezing Peppermint Max<\/a><\/span> \u25c9\u25c9\u25c9\u25c9\u25c9\u25c9 17 mg nicotine per pouch<\/div>\n<div>\n<div><\/div>\n<div><strong>WARNING: This product contains nicotine. Nicotine is an addictive chemical. + 18 \/ +21 in the US<\/strong><\/div>\n<\/div>","protected":false},"excerpt":{"rendered":"<p><strong>VELO Freezing Peppermint Ultra 14 mg<\/strong> delivers an intense blast of icy peppermint and menthol in a slim, tobacco-free pouch. Each pouch packs 14 mg of nicotine, with 20 pouches in every can. Re-launched in February 2025, previously known as VELO Mighty Peppermint Ultra. New name, same taste. Get ready for a smooth, minty kick that lasts!<\/p>\n<p><a class=\"button\" href=\"https:\/\/nicotinedeals.com\/it\/velo-mighty-peppermint-ultra\/\">Click for Best Price | Global<\/a><\/p>","protected":false},"featured_media":11887,"comment_status":"open","ping_status":"closed","template":"","meta":[],"pwb-brand":[36],"product_cat":[19],"product_tag":[304,192,85,53,40,54,608,426],"brands":[{"id":36,"name":"VELO","slug":"velo"}],"_links":{"self":[{"href":"https:\/\/nicotinedeals.com\/it\/wp-json\/wp\/v2\/product\/8793"}],"collection":[{"href":"https:\/\/nicotinedeals.com\/it\/wp-json\/wp\/v2\/product"}],"about":[{"href":"https:\/\/nicotinedeals.com\/it\/wp-json\/wp\/v2\/types\/product"}],"replies":[{"embeddable":true,"href":"https:\/\/nicotinedeals.com\/it\/wp-json\/wp\/v2\/comments?post=8793"}],"wp:featuredmedia":[{"embeddable":true,"href":"https:\/\/nicotinedeals.com\/it\/wp-json\/wp\/v2\/media\/11887"}],"wp:attachment":[{"href":"https:\/\/nicotinedeals.com\/it\/wp-json\/wp\/v2\/media?parent=8793"}],"wp:term":[{"taxonomy":"pwb-brand","embeddable":true,"href":"https:\/\/nicotinedeals.com\/it\/wp-json\/wp\/v2\/pwb-brand?post=8793"},{"taxonomy":"product_cat","embeddable":true,"href":"https:\/\/nicotinedeals.com\/it\/wp-json\/wp\/v2\/product_cat?post=8793"},{"taxonomy":"product_tag","embeddable":true,"href":"https:\/\/nicotinedeals.com\/it\/wp-json\/wp\/v2\/product_tag?post=8793"}],"curies":[{"name":"wp","href":"https:\/\/api.w.org\/{rel}","templated":true}]}}